{"id":860,"date":"2019-09-18T15:13:54","date_gmt":"2019-09-18T15:13:54","guid":{"rendered":"http:\/\/limadentalrgv.com\/?page_id=860"},"modified":"2019-12-24T18:15:32","modified_gmt":"2019-12-24T18:15:32","slug":"patient-forms-2","status":"publish","type":"page","link":"https:\/\/limadentalrgv.com\/es\/formas-del-paciente\/","title":{"rendered":"Formas del paciente\\"},"content":{"rendered":"<div class=\"contenido separa\">\n<div style=\"text-align: center;\">\n    <a href=\"http:\/\/limadentalrgv.com\/wp-content\/uploads\/2019\/09\/Patient-Registration-English.pdf\"><img loading=\"lazy\" decoding=\"async\" src=\"http:\/\/limadentalrgv.com\/wp-content\/uploads\/2019\/09\/Patient-Registration-Spanish.png\" alt=\"\" width=\"703\" height=\"910\" class=\"alignnone size-full wp-image-870\" \/><\/a><\/p>\n<p>    Haga clic aqu\u00ed para descargar <br \/> Registro de pacientes <br \/> <a href=\"http:\/\/limadentalrgv.com\/wp-content\/uploads\/2019\/09\/Patient-Registration-English.pdf\"> Ingl\u00e9s<\/a> &#8211; <a href=\"http:\/\/limadentalrgv.com\/wp-content\/uploads\/2019\/09\/Patient-Registration-Spanish.pdf\"> Espa\u00f1ol<\/a>\n  <\/div>\n<\/div>\n<p>","protected":false},"excerpt":{"rendered":"<p>Haga clic aqu\u00ed para descargar Registro de pacientes Ingl\u00e9s &#8211; Espa\u00f1ol<\/p>\n","protected":false},"author":1,"featured_media":0,"parent":0,"menu_order":0,"comment_status":"closed","ping_status":"closed","template":"","meta":{"footnotes":""},"categories":[],"tags":[],"class_list":["post-860","page","type-page","status-publish","hentry"],"aioseo_notices":[],"_links":{"self":[{"href":"https:\/\/limadentalrgv.com\/es\/wp-json\/wp\/v2\/pages\/860","targetHints":{"allow":["GET"]}}],"collection":[{"href":"https:\/\/limadentalrgv.com\/es\/wp-json\/wp\/v2\/pages"}],"about":[{"href":"https:\/\/limadentalrgv.com\/es\/wp-json\/wp\/v2\/types\/page"}],"author":[{"embeddable":true,"href":"https:\/\/limadentalrgv.com\/es\/wp-json\/wp\/v2\/users\/1"}],"replies":[{"embeddable":true,"href":"https:\/\/limadentalrgv.com\/es\/wp-json\/wp\/v2\/comments?post=860"}],"version-history":[{"count":19,"href":"https:\/\/limadentalrgv.com\/es\/wp-json\/wp\/v2\/pages\/860\/revisions"}],"predecessor-version":[{"id":1294,"href":"https:\/\/limadentalrgv.com\/es\/wp-json\/wp\/v2\/pages\/860\/revisions\/1294"}],"wp:attachment":[{"href":"https:\/\/limadentalrgv.com\/es\/wp-json\/wp\/v2\/media?parent=860"}],"wp:term":[{"taxonomy":"category","embeddable":true,"href":"https:\/\/limadentalrgv.com\/es\/wp-json\/wp\/v2\/categories?post=860"},{"taxonomy":"post_tag","embeddable":true,"href":"https:\/\/limadentalrgv.com\/es\/wp-json\/wp\/v2\/tags?post=860"}],"curies":[{"name":"wp","href":"https:\/\/api.w.org\/{rel}","templated":true}]}}