{"id":76,"date":"2019-06-18T15:49:20","date_gmt":"2019-06-18T15:49:20","guid":{"rendered":"http:\/\/limadentalrgv.com\/?page_id=76"},"modified":"2019-12-20T16:21:39","modified_gmt":"2019-12-20T16:21:39","slug":"bridges","status":"publish","type":"page","link":"https:\/\/limadentalrgv.com\/es\/services\/bridges\/","title":{"rendered":"Puentes"},"content":{"rendered":"<link href=\"https:\/\/fonts.googleapis.com\/css?family=Lato:700%2C400\" rel=\"stylesheet\" property=\"stylesheet\" type=\"text\/css\" media=\"all\">\n<div id=\"rev_slider_10_2_wrapper\" class=\"rev_slider_wrapper fullwidthbanner-container\" data-source=\"gallery\" style=\"margin:0px auto;background:transparent;padding:0px;margin-top:0px;margin-bottom:0px;\">\n<!-- START REVOLUTION SLIDER 5.4.8.1 auto mode -->\n\t<div id=\"rev_slider_10_2\" class=\"rev_slider fullwidthabanner\" style=\"display:none;\" data-version=\"5.4.8.1\">\n<ul>\t<!-- SLIDE  -->\n\t<li data-index=\"rs-10\" data-transition=\"fade\" data-slotamount=\"default\" data-hideafterloop=\"0\" data-hideslideonmobile=\"off\"  data-easein=\"default\" data-easeout=\"default\" data-masterspeed=\"300\"  data-rotate=\"0\"  data-saveperformance=\"off\"  data-title=\"Slide\" data-param1=\"\" data-param2=\"\" data-param3=\"\" data-param4=\"\" data-param5=\"\" data-param6=\"\" data-param7=\"\" data-param8=\"\" data-param9=\"\" data-param10=\"\" data-description=\"\">\n\t\t<!-- MAIN IMAGE -->\n\t\t<img loading=\"lazy\" decoding=\"async\" src=\"https:\/\/limadentalrgv.com\/wp-content\/uploads\/2019\/08\/Bridges_banner.jpg\"  alt=\"\" title=\"Bridges_banner\"  width=\"2000\" height=\"396\" data-bgposition=\"center center\" data-bgfit=\"cover\" data-bgrepeat=\"no-repeat\" data-bgparallax=\"4\" class=\"rev-slidebg\" data-no-retina>\n\t\t<!-- LAYERS -->\n\n\t\t<!-- LAYER NR. 1 -->\n\t\t<h1 class=\"tp-caption   tp-resizeme\" \n\t\t\t id=\"slide-10-layer-1\" \n\t\t\t data-x=\"center\" data-hoffset=\"\" \n\t\t\t data-y=\"center\" data-voffset=\"\" \n\t\t\t\t\t\tdata-width=\"['auto','350']\"\n\t\t\tdata-height=\"['auto','auto']\"\n \n\t\t\tdata-type=\"text\" \n\t\t\tdata-responsive_offset=\"on\" \n\n\t\t\tdata-frames='[{\"delay\":0,\"speed\":300,\"frame\":\"0\",\"from\":\"x:right;skX:-85px;\",\"to\":\"o:1;\",\"ease\":\"Power3.easeInOut\"},{\"delay\":\"wait\",\"speed\":300,\"frame\":\"999\",\"ease\":\"Power3.easeInOut\"}]'\n\t\t\tdata-textAlign=\"['center','center','center','center']\"\n\t\t\tdata-paddingtop=\"[0,0,0,0]\"\n\t\t\tdata-paddingright=\"[0,0,0,0]\"\n\t\t\tdata-paddingbottom=\"[0,0,0,0]\"\n\t\t\tdata-paddingleft=\"[0,0,0,0]\"\n\n\t\t\tstyle=\"z-index: 5; white-space: nowrap; font-size: 60px; line-height: 60px; font-weight: 700; color: #000000; letter-spacing: 0px;font-family:Lato;\">Puentes <\/h1>\n\n\t\t<!-- LAYER NR. 2 -->\n\t\t<h1 class=\"tp-caption   tp-resizeme\" \n\t\t\t id=\"slide-10-layer-5\" \n\t\t\t data-x=\"center\" data-hoffset=\"3\" \n\t\t\t data-y=\"center\" data-voffset=\"-47\" \n\t\t\t\t\t\tdata-width=\"['auto','350']\"\n\t\t\tdata-height=\"['auto','auto']\"\n \n\t\t\tdata-type=\"text\" \n\t\t\tdata-responsive_offset=\"on\" \n\n\t\t\tdata-frames='[{\"delay\":0,\"speed\":300,\"frame\":\"0\",\"from\":\"x:left;skX:45px;\",\"to\":\"o:1;\",\"ease\":\"Power3.easeInOut\"},{\"delay\":\"wait\",\"speed\":300,\"frame\":\"999\",\"ease\":\"Power3.easeInOut\"}]'\n\t\t\tdata-textAlign=\"['center','center','center','center']\"\n\t\t\tdata-paddingtop=\"[0,0,0,0]\"\n\t\t\tdata-paddingright=\"[0,0,0,0]\"\n\t\t\tdata-paddingbottom=\"[0,0,0,0]\"\n\t\t\tdata-paddingleft=\"[0,0,0,0]\"\n\n\t\t\tstyle=\"z-index: 6; white-space: nowrap; font-size: 24px; line-height: 32px; font-weight: 400; color: #000000; letter-spacing: 0px;font-family:Lato;\"> <\/h1>\n\n\t\t<!-- LAYER NR. 3 -->\n\t\t<div class=\"tp-caption tp-shape tp-shapewrapper  tp-resizeme\" \n\t\t\t id=\"slide-10-layer-7\" \n\t\t\t data-x=\"center\" data-hoffset=\"\" \n\t\t\t data-y=\"center\" data-voffset=\"65\" \n\t\t\t\t\t\tdata-width=\"['150']\"\n\t\t\tdata-height=\"['3']\"\n \n\t\t\tdata-type=\"shape\" \n\t\t\tdata-responsive_offset=\"on\" \n\n\t\t\tdata-frames='[{\"delay\":0,\"speed\":300,\"frame\":\"0\",\"from\":\"opacity:0;\",\"to\":\"o:1;\",\"ease\":\"Power3.easeInOut\"},{\"delay\":\"wait\",\"speed\":300,\"frame\":\"999\",\"to\":\"opacity:0;\",\"ease\":\"Power3.easeInOut\"}]'\n\t\t\tdata-textAlign=\"['inherit','inherit','inherit','inherit']\"\n\t\t\tdata-paddingtop=\"[0,0,0,0]\"\n\t\t\tdata-paddingright=\"[0,0,0,0]\"\n\t\t\tdata-paddingbottom=\"[0,0,0,0]\"\n\t\t\tdata-paddingleft=\"[0,0,0,0]\"\n\n\t\t\tstyle=\"z-index: 7;background-color:rgb(183,20,18);\"> <\/div>\n\t<\/li>\n<\/ul>\n<div class=\"tp-bannertimer tp-bottom\" style=\"visibility: hidden !important;\"><\/div>\t<\/div>\n<script>var htmlDiv = document.getElementById(\"rs-plugin-settings-inline-css\"); var htmlDivCss=\"\";\n\t\t\t\tif(htmlDiv) {\n\t\t\t\t\thtmlDiv.innerHTML = htmlDiv.innerHTML + htmlDivCss;\n\t\t\t\t}else{\n\t\t\t\t\tvar htmlDiv = document.createElement(\"div\");\n\t\t\t\t\thtmlDiv.innerHTML = \"<style>\" + htmlDivCss + \"<\/style>\";\n\t\t\t\t\tdocument.getElementsByTagName(\"head\")[0].appendChild(htmlDiv.childNodes[0]);\n\t\t\t\t}\n\t\t\t<\/script>\n\t\t<script type=\"text\/javascript\">\nif (setREVStartSize!==undefined) setREVStartSize(\n\t{c: '#rev_slider_10_2', gridwidth: [2000], gridheight: [369], sliderLayout: 'auto'});\n\t\t\t\nvar revapi10,\n\ttpj;\t\n(function() {\t\t\t\n\tif (!\/loaded|interactive|complete\/.test(document.readyState)) document.addEventListener(\"DOMContentLoaded\",onLoad); else onLoad();\t\n\tfunction onLoad() {\t\t\t\t\n\t\tif (tpj===undefined) { tpj = jQuery; if(\"off\" == \"on\") tpj.noConflict();}\n\tif(tpj(\"#rev_slider_10_2\").revolution == undefined){\n\t\trevslider_showDoubleJqueryError(\"#rev_slider_10_2\");\n\t}else{\n\t\trevapi10 = tpj(\"#rev_slider_10_2\").show().revolution({\n\t\t\tsliderType:\"hero\",\n\t\t\tjsFileLocation:\"\/\/limadentalrgv.com\/wp-content\/plugins\/revslider\/public\/assets\/js\/\",\n\t\t\tsliderLayout:\"auto\",\n\t\t\tdottedOverlay:\"none\",\n\t\t\tdelay:9000,\n\t\t\tvisibilityLevels:[1240,1024,778,480],\n\t\t\tgridwidth:2000,\n\t\t\tgridheight:369,\n\t\t\tlazyType:\"none\",\n\t\t\tparallax: {\n\t\t\t\ttype:\"mouse\",\n\t\t\t\torigo:\"enterpoint\",\n\t\t\t\tspeed:400,\n\t\t\t\tspeedbg:0,\n\t\t\t\tspeedls:0,\n\t\t\t\tlevels:[5,10,15,20,25,30,35,40,45,46,47,48,49,50,51,55],\n\t\t\t},\n\t\t\tshadow:0,\n\t\t\tspinner:\"spinner0\",\n\t\t\tautoHeight:\"off\",\n\t\t\tdisableProgressBar:\"on\",\n\t\t\thideThumbsOnMobile:\"off\",\n\t\t\thideSliderAtLimit:0,\n\t\t\thideCaptionAtLimit:0,\n\t\t\thideAllCaptionAtLilmit:0,\n\t\t\tdebugMode:false,\n\t\t\tfallbacks: {\n\t\t\t\tsimplifyAll:\"off\",\n\t\t\t\tdisableFocusListener:false,\n\t\t\t}\n\t\t});\n\t}; \/* END OF revapi call *\/\n\t\n }; \/* END OF ON LOAD FUNCTION *\/\n}()); \/* END OF WRAPPING FUNCTION *\/\n<\/script>\n\t\t<\/div><!-- END REVOLUTION SLIDER -->\n<div class=\"contenido separa\">\n<div class=\"su-row\"><div class=\"su-column su-column-size-2-3\"><div class=\"su-column-inner su-u-clearfix su-u-trim\">\n<p>Llenar un espacio entre los dientes con puentes dentales significa dientes firmes y hermosos sin la necesidad de intervenci\u00f3n quir\u00fargica. En lugar de la molestia de una pr\u00f3tesis parcial removible para reemplazar los dientes perdidos, los puentes dentales brindan conveniencia y estabilidad a los pacientes.<br \/>\nEn principio, los espacios de cualquier tama\u00f1o pueden cerrarse adecuadamente con puentes dentales. Un puente es una serie de restauraciones cosm\u00e9ticas fijas, no extra\u00edbles, que se utilizan para reemplazar un diente faltante.<\/p>\n<p>Para comenzar el proceso, crearemos pilares a partir de sus dientes existentes que servir\u00e1n como punto de uni\u00f3n para el puente. Despu\u00e9s de la creaci\u00f3n de pilares, se hace un molde del \u00e1rea afectada que luego se usar\u00eda para crear un puente que se ajuste, funcione y se sienta lo m\u00e1s saludable posible.<\/p>\n<p>Los puentes pueden ser totalmente cer\u00e1micos y sin metal, o porcelana fusionada con metal. La porcelana se parece mucho a la apariencia del esmalte dental natural y est\u00e1 disponible en una variedad de tonos para combinar con sus otros dientes. Los puentes totalmente cer\u00e1micos producen una restauraci\u00f3n est\u00e9tica y natural sin una l\u00ednea oscura en la enc\u00eda.<\/p>\n<p>Confiando en nuestra experiencia y versatilidad, puede estar seguro de que le recomendaremos la restauraci\u00f3n m\u00e1s adecuada para usted. Su satisfacci\u00f3n es siempre nuestra preocupaci\u00f3n, y su dentista se tomar\u00e1 el tiempo para asegurarse de que est\u00e9 satisfecho con el resultado.<\/p>\n<p>La falta de un diente tiene una desventaja est\u00e9tica y, adem\u00e1s, con el tiempo puede deformar la boca y la mand\u00edbula y provocar dificultades para comer o hablar. Por lo tanto, es crucial que act\u00fae ahora para reemplazar su diente perdido. Podemos ayudar &#8211; p\u00f3ngase en contacto ahora.<\/p>\n<\/div><\/div>\n<div class=\"su-column su-column-size-1-3\"><div class=\"su-column-inner su-u-clearfix su-u-trim\">\n<div class=\"services-list-loop\">\n<ul class=\"list-loop\">\n<li><a href=\"https:\/\/limadentalrgv.com\/es\/services\/english-limited-exam\/\">Examen limitado<\/a><\/li>\n<li><a href=\"https:\/\/limadentalrgv.com\/es\/services\/english-consultations-and-re-evaluations\/\">Consultas<\/a><\/li>\n<li><a href=\"https:\/\/limadentalrgv.com\/es\/services\/english-regular-cleanings\/\">Limpiezas Regulares<\/a><\/li>\n<li><a href=\"https:\/\/limadentalrgv.com\/es\/services\/english-composite-restorations\/\">Restauraciones Compuestas<\/a><\/li>\n<li><a href=\"https:\/\/limadentalrgv.com\/es\/services\/english-tmj-jaw-problems\/\">TMJ (problemas de JAW)<\/a><\/li>\n<li><a href=\"https:\/\/limadentalrgv.com\/es\/services\/bridges\/\">Puentes<\/a><\/li>\n<li><a href=\"https:\/\/limadentalrgv.com\/es\/services\/crowns-caps\/\">Coronas y Gorras<\/a><\/li>\n<li><a href=\"https:\/\/limadentalrgv.com\/es\/services\/dental-fillings\/\">Empastes Dentales<\/a><\/li>\n<li><a href=\"https:\/\/limadentalrgv.com\/es\/services\/dentures\/\">Dentadura Postiza<\/a><\/li>\n<li><a href=\"https:\/\/limadentalrgv.com\/es\/services\/extractions\/\">Extracciones<\/a><\/li>\n<li><a href=\"https:\/\/limadentalrgv.com\/es\/services\/implant-dentistry\/\">Implantolog\u00eda<\/a><\/li>\n<li><a href=\"https:\/\/limadentalrgv.com\/es\/services\/initial-oral-examination\/\">Examen Oral Inicial<\/a><\/li>\n<li><a href=\"https:\/\/limadentalrgv.com\/es\/services\/night-guards\/\">Guardias Nocturnos<\/a><\/li>\n<li><a href=\"https:\/\/limadentalrgv.com\/es\/services\/pediatric-dental-care\/\">Cuidado Dental Pedi\u00e1trico<\/a><\/li>\n<li><a href=\"https:\/\/limadentalrgv.com\/es\/services\/periodontal-treatment\/\">Tratamiento Periodontal<\/a><\/li>\n<li><a href=\"https:\/\/limadentalrgv.com\/es\/services\/preventive-program\/\">Programa Preventivo<\/a><\/li>\n<li><a href=\"https:\/\/limadentalrgv.com\/es\/services\/root-canals\/\">Endodoncias<\/a><\/li>\n<li><a href=\"https:\/\/limadentalrgv.com\/es\/services\/teeth-whitening\/\">Blanqueamiento Dental<\/a><\/li>\n<\/ul>\n<\/div>\n<style>\n\t.services-list-loop ul>li { padding-left: 0px;}\n\t\n\t.services-list-loop ul>li a:link, .services-list-loop ul>li a:visited { padding: 5px 10px; background-color: #eeeeee; color: #000000; display: block; text-decoration: none;}\n\t.services-list-loop ul>li a:hover { background-color: #cccccc; text-decoration: none;}\n\t.services-list-loop ul>li::before { content: ''; display: inherit;}\n<\/style>\n<\/div><\/div>\n<\/div>\n<\/div>","protected":false},"excerpt":{"rendered":"<p>Llenar un espacio entre los dientes con puentes dentales significa dientes firmes y hermosos sin la necesidad de intervenci\u00f3n quir\u00fargica. En lugar de la molestia de una pr\u00f3tesis parcial removible para reemplazar los dientes perdidos, los puentes dentales brindan conveniencia y estabilidad a los pacientes.<\/p>\n","protected":false},"author":1,"featured_media":311,"parent":10,"menu_order":1,"comment_status":"closed","ping_status":"closed","template":"","meta":{"footnotes":""},"categories":[3],"tags":[],"class_list":["post-76","page","type-page","status-publish","has-post-thumbnail","hentry","category-services"],"aioseo_notices":[],"_links":{"self":[{"href":"https:\/\/limadentalrgv.com\/es\/wp-json\/wp\/v2\/pages\/76","targetHints":{"allow":["GET"]}}],"collection":[{"href":"https:\/\/limadentalrgv.com\/es\/wp-json\/wp\/v2\/pages"}],"about":[{"href":"https:\/\/limadentalrgv.com\/es\/wp-json\/wp\/v2\/types\/page"}],"author":[{"embeddable":true,"href":"https:\/\/limadentalrgv.com\/es\/wp-json\/wp\/v2\/users\/1"}],"replies":[{"embeddable":true,"href":"https:\/\/limadentalrgv.com\/es\/wp-json\/wp\/v2\/comments?post=76"}],"version-history":[{"count":18,"href":"https:\/\/limadentalrgv.com\/es\/wp-json\/wp\/v2\/pages\/76\/revisions"}],"predecessor-version":[{"id":1250,"href":"https:\/\/limadentalrgv.com\/es\/wp-json\/wp\/v2\/pages\/76\/revisions\/1250"}],"up":[{"embeddable":true,"href":"https:\/\/limadentalrgv.com\/es\/wp-json\/wp\/v2\/pages\/10"}],"wp:featuredmedia":[{"embeddable":true,"href":"https:\/\/limadentalrgv.com\/es\/wp-json\/wp\/v2\/media\/311"}],"wp:attachment":[{"href":"https:\/\/limadentalrgv.com\/es\/wp-json\/wp\/v2\/media?parent=76"}],"wp:term":[{"taxonomy":"category","embeddable":true,"href":"https:\/\/limadentalrgv.com\/es\/wp-json\/wp\/v2\/categories?post=76"},{"taxonomy":"post_tag","embeddable":true,"href":"https:\/\/limadentalrgv.com\/es\/wp-json\/wp\/v2\/tags?post=76"}],"curies":[{"name":"wp","href":"https:\/\/api.w.org\/{rel}","templated":true}]}}