{"id":752,"date":"2019-09-09T14:13:10","date_gmt":"2019-09-09T14:13:10","guid":{"rendered":"http:\/\/limadentalrgv.com\/?page_id=752"},"modified":"2025-12-16T20:11:18","modified_gmt":"2025-12-16T20:11:18","slug":"meet-the-team","status":"publish","type":"page","link":"https:\/\/limadentalrgv.com\/es\/about-us\/meet-the-team\/","title":{"rendered":"Meet the Team"},"content":{"rendered":"<style>\n.team-section {\n  margin-bottom: 50px;\n}\n.team-section h2 {\n  text-align: center;\n  margin-bottom: 30px;\n  font-size: 28px;\n  border-bottom: 2px solid #ccc;\n  padding-bottom: 10px;\n}\n.team-grid {\n  display: flex;\n  flex-wrap: wrap;\n  justify-content: center;\n  gap: 30px;\n}\n.team-member {\n  width: 180px;\n  text-align: center;\n}\n.team-member img {\n  width: 100%;\n  height: auto;\n  border-radius: 10px;\n  box-shadow: 0 2px 8px rgba(0,0,0,0.1);\n}\n.team-member .name {\n  font-weight: bold;\n  margin-top: 10px;\n}\n.team-member .title {\n  font-size: 14px;\n  color: #555;\n}\n<\/style>\n<link href=\"https:\/\/fonts.googleapis.com\/css?family=Raleway:900\" rel=\"stylesheet\" property=\"stylesheet\" type=\"text\/css\" media=\"all\">\n<div id=\"rev_slider_66_2_wrapper\" class=\"rev_slider_wrapper fullwidthbanner-container\" data-source=\"gallery\" style=\"margin:0px auto;background:transparent;padding:0px;margin-top:0px;margin-bottom:0px;\">\n<!-- START REVOLUTION SLIDER 5.4.8.1 auto mode -->\n\t<div id=\"rev_slider_66_2\" class=\"rev_slider fullwidthabanner\" style=\"display:none;\" data-version=\"5.4.8.1\">\n<ul>\t<!-- SLIDE  -->\n\t<li data-index=\"rs-70\" data-transition=\"fade\" data-slotamount=\"default\" data-hideafterloop=\"0\" data-hideslideonmobile=\"off\"  data-easein=\"default\" data-easeout=\"default\" data-masterspeed=\"300\"  data-rotate=\"0\"  data-saveperformance=\"off\"  data-title=\"Slide\" data-param1=\"\" data-param2=\"\" data-param3=\"\" data-param4=\"\" data-param5=\"\" data-param6=\"\" data-param7=\"\" data-param8=\"\" data-param9=\"\" data-param10=\"\" data-description=\"\">\n\t\t<!-- MAIN IMAGE -->\n\t\t<img loading=\"lazy\" decoding=\"async\" src=\"https:\/\/limadentalrgv.com\/wp-content\/uploads\/2025\/06\/Staff-Lima-Dental.jpg\"  alt=\"\" title=\"Staff Lima Dental\"  width=\"2048\" height=\"1250\" data-bgposition=\"center center\" data-bgfit=\"cover\" data-bgrepeat=\"no-repeat\" class=\"rev-slidebg\" data-no-retina>\n\t\t<!-- LAYERS -->\n\n\t\t<!-- LAYER NR. 1 -->\n\t\t<div class=\"tp-caption NotGeneric-Title   tp-resizeme\" \n\t\t\t id=\"slide-70-layer-1\" \n\t\t\t data-x=\"center\" data-hoffset=\"\" \n\t\t\t data-y=\"center\" data-voffset=\"-46\" \n\t\t\t\t\t\tdata-width=\"['auto']\"\n\t\t\tdata-height=\"['auto']\"\n \n\t\t\tdata-type=\"text\" \n\t\t\tdata-responsive_offset=\"on\" \n\n\t\t\tdata-frames='[{\"delay\":0,\"speed\":300,\"frame\":\"0\",\"from\":\"opacity:0;\",\"to\":\"o:1;\",\"ease\":\"Power3.easeInOut\"},{\"delay\":\"wait\",\"speed\":300,\"frame\":\"999\",\"to\":\"opacity:0;\",\"ease\":\"Power3.easeInOut\"}]'\n\t\t\tdata-textAlign=\"['inherit','inherit','inherit','inherit']\"\n\t\t\tdata-paddingtop=\"[10,10,10,10]\"\n\t\t\tdata-paddingright=\"[0,0,0,0]\"\n\t\t\tdata-paddingbottom=\"[10,10,10,10]\"\n\t\t\tdata-paddingleft=\"[0,0,0,0]\"\n\n\t\t\tstyle=\"z-index: 5; white-space: nowrap; font-weight: 900; color: #ffffff; letter-spacing: 0px;\">Conozca al equipo <\/div>\n\t<\/li>\n<\/ul>\n<div class=\"tp-bannertimer tp-bottom\" style=\"visibility: hidden !important;\"><\/div>\t<\/div>\n<script>var htmlDiv = document.getElementById(\"rs-plugin-settings-inline-css\"); var htmlDivCss=\".tp-caption.NotGeneric-Title,.NotGeneric-Title{color:rgba(255,255,255,1.00);font-size:70px;line-height:70px;font-weight:800;font-style:normal;font-family:Raleway;text-decoration:none;background-color:transparent;border-color:transparent;border-style:none;border-width:0px;border-radius:0 0 0 0px}\";\n\t\t\t\tif(htmlDiv) {\n\t\t\t\t\thtmlDiv.innerHTML = htmlDiv.innerHTML + htmlDivCss;\n\t\t\t\t}else{\n\t\t\t\t\tvar htmlDiv = document.createElement(\"div\");\n\t\t\t\t\thtmlDiv.innerHTML = \"<style>\" + htmlDivCss + \"<\/style>\";\n\t\t\t\t\tdocument.getElementsByTagName(\"head\")[0].appendChild(htmlDiv.childNodes[0]);\n\t\t\t\t}\n\t\t\t<\/script>\n\t\t<script type=\"text\/javascript\">\nif (setREVStartSize!==undefined) setREVStartSize(\n\t{c: '#rev_slider_66_2', gridwidth: [1240], gridheight: [350], sliderLayout: 'auto'});\n\t\t\t\nvar revapi66,\n\ttpj;\t\n(function() {\t\t\t\n\tif (!\/loaded|interactive|complete\/.test(document.readyState)) document.addEventListener(\"DOMContentLoaded\",onLoad); else onLoad();\t\n\tfunction onLoad() {\t\t\t\t\n\t\tif (tpj===undefined) { tpj = jQuery; if(\"off\" == \"on\") tpj.noConflict();}\n\tif(tpj(\"#rev_slider_66_2\").revolution == undefined){\n\t\trevslider_showDoubleJqueryError(\"#rev_slider_66_2\");\n\t}else{\n\t\trevapi66 = tpj(\"#rev_slider_66_2\").show().revolution({\n\t\t\tsliderType:\"standard\",\n\t\t\tjsFileLocation:\"\/\/limadentalrgv.com\/wp-content\/plugins\/revslider\/public\/assets\/js\/\",\n\t\t\tsliderLayout:\"auto\",\n\t\t\tdottedOverlay:\"none\",\n\t\t\tdelay:9000,\n\t\t\tnavigation: {\n\t\t\t\tonHoverStop:\"off\",\n\t\t\t},\n\t\t\tvisibilityLevels:[1240,1024,778,480],\n\t\t\tgridwidth:1240,\n\t\t\tgridheight:350,\n\t\t\tlazyType:\"none\",\n\t\t\tshadow:0,\n\t\t\tspinner:\"spinner0\",\n\t\t\tstopLoop:\"off\",\n\t\t\tstopAfterLoops:-1,\n\t\t\tstopAtSlide:-1,\n\t\t\tshuffle:\"off\",\n\t\t\tautoHeight:\"on\",\n\t\t\tdisableProgressBar:\"on\",\n\t\t\thideThumbsOnMobile:\"off\",\n\t\t\thideSliderAtLimit:0,\n\t\t\thideCaptionAtLimit:0,\n\t\t\thideAllCaptionAtLilmit:0,\n\t\t\tdebugMode:false,\n\t\t\tfallbacks: {\n\t\t\t\tsimplifyAll:\"off\",\n\t\t\t\tnextSlideOnWindowFocus:\"off\",\n\t\t\t\tdisableFocusListener:false,\n\t\t\t}\n\t\t});\n\t}; \/* END OF revapi call *\/\n\t\n }; \/* END OF ON LOAD FUNCTION *\/\n}()); \/* END OF WRAPPING FUNCTION *\/\n<\/script>\n\t\t<\/div><!-- END REVOLUTION SLIDER -->\n<div class=\"contenido separa\">\n<h1 style=\"text-align: center;\">Ser Recibido con Sonrisas Amistosas<\/h1>\n<p>En Lima Dental, somos m\u00e1s que una cl\u00ednica dental \u2014 somos un equipo de profesionales compasivos que con orgullo servimos al Valle del R\u00edo Grande. Nuestra misi\u00f3n es simple: crear sonrisas saludables y con confianza, a trav\u00e9s de una atenci\u00f3n gentil y personalizada. Conoce a las personas detr\u00e1s de tu sonrisa \u2014 nuestro equipo de doctores, higienistas y asistentes dedicados a hacer tu experiencia c\u00f3moda y excepcional en cada visita.<\/p>\n<p><!-- Providers Section --><\/p>\n<div class=\"team-section\">\n<h2>Proveedores<\/h2>\n<div class=\"team-grid\">\n<div class=\"team-member\">\n      <img decoding=\"async\" src=\"https:\/\/limadentalrgv.com\/wp-content\/uploads\/2025\/06\/image009.jpg\" alt=\"Aleida Saenz\"><\/p>\n<div class=\"name\">Aleida Saenz<\/div>\n<div class=\"title\">RDH<\/div>\n<\/p><\/div>\n<div class=\"team-member\">\n      <img decoding=\"async\" src=\"https:\/\/limadentalrgv.com\/wp-content\/uploads\/2025\/06\/image016.jpg\" alt=\"Ricardo Neira\"><\/p>\n<div class=\"name\">Ricardo Neira<\/div>\n<div class=\"title\">DDS, Prostodoncista<\/div>\n<\/p><\/div>\n<\/p><\/div>\n<\/div>\n<p><!-- Assistants Section --><\/p>\n<div class=\"team-section\">\n<h2>Asistentes<\/h2>\n<div class=\"team-grid\">\n<div class=\"team-member\">\n      <img decoding=\"async\" src=\"https:\/\/limadentalrgv.com\/wp-content\/uploads\/2025\/06\/image10.png\" alt=\"Rosalie Montes\"><\/p>\n<div class=\"name\">Rosalie Montes<\/div>\n<div class=\"title\">RDA<\/div>\n<\/p><\/div>\n<div class=\"team-member\">\n      <img decoding=\"async\" src=\"https:\/\/limadentalrgv.com\/wp-content\/uploads\/2025\/06\/image6.png\" alt=\"Josie Martinez\"><\/p>\n<div class=\"name\">Josie Martinez<\/div>\n<div class=\"title\">RDA<\/div>\n<\/p><\/div>\n<div class=\"team-member\">\n      <img decoding=\"async\" src=\"https:\/\/limadentalrgv.com\/wp-content\/uploads\/2025\/06\/image5.png\" alt=\"Jisselt Saucedo\"><\/p>\n<div class=\"name\">Jisselt Saucedo<\/div>\n<div class=\"title\">RDA<\/div>\n<\/p><\/div>\n<div class=\"team-member\">\n      <img decoding=\"async\" src=\"https:\/\/limadentalrgv.com\/wp-content\/uploads\/2025\/06\/image8.png\" alt=\"Roel Molar\"><\/p>\n<div class=\"name\">Roel Molar<\/div>\n<div class=\"title\">RDA<\/div>\n<\/p><\/div>\n<\/p><\/div>\n<\/div>\n<p><!-- Dental Administration Section --><\/p>\n<div class=\"team-section\">\n<h2>Administraci\u00f3n<\/h2>\n<div class=\"team-grid\">\n<div class=\"team-member\">\n      <img decoding=\"async\" src=\"https:\/\/limadentalrgv.com\/wp-content\/uploads\/2025\/06\/image7.png\" alt=\"Ariana Flores\"><\/p>\n<div class=\"name\">Ariana Flores<\/div>\n<div class=\"title\">Administrativa<\/div>\n<\/p><\/div>\n<div class=\"team-member\">\n      <img decoding=\"async\" src=\"https:\/\/limadentalrgv.com\/wp-content\/uploads\/2025\/06\/image2.png\" alt=\"Frida Garcia\"><\/p>\n<div class=\"name\">Frida Garcia<\/div>\n<div class=\"title\">Recepcionista<\/div>\n<\/p><\/div>\n<div class=\"team-member\">\n      <img decoding=\"async\" src=\"https:\/\/limadentalrgv.com\/wp-content\/uploads\/2025\/06\/image3.png\" alt=\"Yuliana de la Paz\"><\/p>\n<div class=\"name\">Yuliana de la Paz<\/div>\n<div class=\"title\">Gerente<\/div>\n<\/p><\/div>\n<div class=\"team-member\">\n      <img decoding=\"async\" src=\"https:\/\/limadentalrgv.com\/wp-content\/uploads\/2025\/06\/image4.png\" alt=\"Leslie Cepeda\"><\/p>\n<div class=\"name\">Leslie Cepeda<\/div>\n<div class=\"title\">Recepcionista<\/div>\n<\/p><\/div>\n<div class=\"team-member\">\n      <img decoding=\"async\" src=\"https:\/\/limadentalrgv.com\/wp-content\/uploads\/2025\/06\/image1.png\" alt=\"Marley Hernandez\"><\/p>\n<div class=\"name\">Marley Hernandez<\/div>\n<div class=\"title\">Marketing<\/div>\n<\/p><\/div>\n<\/p><\/div>\n<\/div>\n<\/div>","protected":false},"excerpt":{"rendered":"<p>Ser Recibido con Sonrisas Amistosas En Lima Dental, somos m\u00e1s que una cl\u00ednica dental \u2014 somos un equipo de profesionales compasivos que con orgullo servimos al Valle del R\u00edo Grande. Nuestra misi\u00f3n es simple: crear sonrisas saludables y con confianza, a trav\u00e9s de una atenci\u00f3n gentil y personalizada. Conoce a las personas detr\u00e1s de tu [&hellip;]<\/p>\n","protected":false},"author":1,"featured_media":0,"parent":8,"menu_order":0,"comment_status":"closed","ping_status":"closed","template":"","meta":{"footnotes":""},"categories":[],"tags":[],"class_list":["post-752","page","type-page","status-publish","hentry"],"aioseo_notices":[],"_links":{"self":[{"href":"https:\/\/limadentalrgv.com\/es\/wp-json\/wp\/v2\/pages\/752","targetHints":{"allow":["GET"]}}],"collection":[{"href":"https:\/\/limadentalrgv.com\/es\/wp-json\/wp\/v2\/pages"}],"about":[{"href":"https:\/\/limadentalrgv.com\/es\/wp-json\/wp\/v2\/types\/page"}],"author":[{"embeddable":true,"href":"https:\/\/limadentalrgv.com\/es\/wp-json\/wp\/v2\/users\/1"}],"replies":[{"embeddable":true,"href":"https:\/\/limadentalrgv.com\/es\/wp-json\/wp\/v2\/comments?post=752"}],"version-history":[{"count":49,"href":"https:\/\/limadentalrgv.com\/es\/wp-json\/wp\/v2\/pages\/752\/revisions"}],"predecessor-version":[{"id":1460,"href":"https:\/\/limadentalrgv.com\/es\/wp-json\/wp\/v2\/pages\/752\/revisions\/1460"}],"up":[{"embeddable":true,"href":"https:\/\/limadentalrgv.com\/es\/wp-json\/wp\/v2\/pages\/8"}],"wp:attachment":[{"href":"https:\/\/limadentalrgv.com\/es\/wp-json\/wp\/v2\/media?parent=752"}],"wp:term":[{"taxonomy":"category","embeddable":true,"href":"https:\/\/limadentalrgv.com\/es\/wp-json\/wp\/v2\/categories?post=752"},{"taxonomy":"post_tag","embeddable":true,"href":"https:\/\/limadentalrgv.com\/es\/wp-json\/wp\/v2\/tags?post=752"}],"curies":[{"name":"wp","href":"https:\/\/api.w.org\/{rel}","templated":true}]}}