{"id":749,"date":"2019-09-09T14:06:45","date_gmt":"2019-09-09T14:06:45","guid":{"rendered":"http:\/\/limadentalrgv.com\/?page_id=749"},"modified":"2025-06-26T19:37:14","modified_gmt":"2025-06-26T19:37:14","slug":"meet-the-doctor","status":"publish","type":"page","link":"https:\/\/limadentalrgv.com\/es\/about-us\/meet-the-doctor\/","title":{"rendered":"Meet the Doctor"},"content":{"rendered":"<div id=\"rev_slider_70_2_wrapper\" class=\"rev_slider_wrapper fullwidthbanner-container\" data-source=\"gallery\" style=\"margin:0px auto;background:transparent;padding:0px;margin-top:0px;margin-bottom:0px;\">\n<!-- START REVOLUTION SLIDER 5.4.8.1 auto mode -->\n\t<div id=\"rev_slider_70_2\" class=\"rev_slider fullwidthabanner\" style=\"display:none;\" data-version=\"5.4.8.1\">\n<ul>\t<!-- SLIDE  -->\n\t<li data-index=\"rs-75\" data-transition=\"fade\" data-slotamount=\"default\" data-hideafterloop=\"0\" data-hideslideonmobile=\"off\"  data-easein=\"default\" data-easeout=\"default\" data-masterspeed=\"300\"  data-rotate=\"0\"  data-saveperformance=\"off\"  data-title=\"Slide\" data-param1=\"\" data-param2=\"\" data-param3=\"\" data-param4=\"\" data-param5=\"\" data-param6=\"\" data-param7=\"\" data-param8=\"\" data-param9=\"\" data-param10=\"\" data-description=\"\">\n\t\t<!-- MAIN IMAGE -->\n\t\t<img loading=\"lazy\" decoding=\"async\" src=\"https:\/\/limadentalrgv.com\/wp-content\/uploads\/2025\/06\/Staff-Lima-Dental.jpg\"  alt=\"\" title=\"Staff Lima Dental\"  width=\"2048\" height=\"1250\" data-bgposition=\"center center\" data-bgfit=\"cover\" data-bgrepeat=\"no-repeat\" class=\"rev-slidebg\" data-no-retina>\n\t\t<!-- LAYERS -->\n\t<\/li>\n<\/ul>\n<div class=\"tp-bannertimer tp-bottom\" style=\"visibility: hidden !important;\"><\/div>\t<\/div>\n<script>var htmlDiv = document.getElementById(\"rs-plugin-settings-inline-css\"); var htmlDivCss=\"\";\n\t\t\t\tif(htmlDiv) {\n\t\t\t\t\thtmlDiv.innerHTML = htmlDiv.innerHTML + htmlDivCss;\n\t\t\t\t}else{\n\t\t\t\t\tvar htmlDiv = document.createElement(\"div\");\n\t\t\t\t\thtmlDiv.innerHTML = \"<style>\" + htmlDivCss + \"<\/style>\";\n\t\t\t\t\tdocument.getElementsByTagName(\"head\")[0].appendChild(htmlDiv.childNodes[0]);\n\t\t\t\t}\n\t\t\t<\/script>\n\t\t<script type=\"text\/javascript\">\nif (setREVStartSize!==undefined) setREVStartSize(\n\t{c: '#rev_slider_70_2', gridwidth: [1240], gridheight: [650], sliderLayout: 'auto'});\n\t\t\t\nvar revapi70,\n\ttpj;\t\n(function() {\t\t\t\n\tif (!\/loaded|interactive|complete\/.test(document.readyState)) document.addEventListener(\"DOMContentLoaded\",onLoad); else onLoad();\t\n\tfunction onLoad() {\t\t\t\t\n\t\tif (tpj===undefined) { tpj = jQuery; if(\"off\" == \"on\") tpj.noConflict();}\n\tif(tpj(\"#rev_slider_70_2\").revolution == undefined){\n\t\trevslider_showDoubleJqueryError(\"#rev_slider_70_2\");\n\t}else{\n\t\trevapi70 = tpj(\"#rev_slider_70_2\").show().revolution({\n\t\t\tsliderType:\"hero\",\n\t\t\tjsFileLocation:\"\/\/limadentalrgv.com\/wp-content\/plugins\/revslider\/public\/assets\/js\/\",\n\t\t\tsliderLayout:\"auto\",\n\t\t\tdottedOverlay:\"none\",\n\t\t\tdelay:9000,\n\t\t\tvisibilityLevels:[1240,1024,778,480],\n\t\t\tgridwidth:1240,\n\t\t\tgridheight:650,\n\t\t\tlazyType:\"none\",\n\t\t\tshadow:0,\n\t\t\tspinner:\"spinner0\",\n\t\t\tautoHeight:\"off\",\n\t\t\tdisableProgressBar:\"on\",\n\t\t\thideThumbsOnMobile:\"off\",\n\t\t\thideSliderAtLimit:0,\n\t\t\thideCaptionAtLimit:0,\n\t\t\thideAllCaptionAtLilmit:0,\n\t\t\tdebugMode:false,\n\t\t\tfallbacks: {\n\t\t\t\tsimplifyAll:\"off\",\n\t\t\t\tdisableFocusListener:false,\n\t\t\t}\n\t\t});\n\t}; \/* END OF revapi call *\/\n\t\n }; \/* END OF ON LOAD FUNCTION *\/\n}()); \/* END OF WRAPPING FUNCTION *\/\n<\/script>\n\t\t<\/div><!-- END REVOLUTION SLIDER -->\n<div class=\"contenido separa\">\n<h1>Nuestro Doctor<\/h1>\n<div class=\"su-row\">\n<div class=\"su-column su-column-size-1-2\"><div class=\"su-column-inner su-u-clearfix su-u-trim\">\n<img decoding=\"async\" src=\"https:\/\/limadentalrgv.com\/wp-content\/uploads\/2025\/06\/image016.jpg\" alt=\"\" width=\"auto\" height=\"auto\" class=\"alignnone size-full wp-image-845\" \/><br \/>\n<\/div><\/div>\n<div class=\"su-column su-column-size-1-2\"><div class=\"su-column-inner su-u-clearfix su-u-trim\">\n<p>Dr. Neira es original de Lima, Per\u00fa . Fue criado y termino la escuela secundaria en San Jose California. Completo su Doctorado en Cirug\u00eda Dental Licenciatura ( DDS ) en la Universidad San Mart\u00edn de Porres (Lima -Per\u00fa )<br \/>\nDr. Neira hizo su especialidad en Prostodoncia ,en  la Universidad de Indiana ( IUPUI ) en Indian\u00e1polis, Indiana.<br \/>\nDr. Neira fue el ganador de la Beca John F. Johnston Sociedad para el Rendimiento Acad\u00e9mico , T\u00e9cnico y la Excelencia Cl\u00ednica en 2010 .<\/p>\n<p>Como un nuevo dentista Dr. Neira ha sido entrenado en los m\u00e1s recientes avances tecnol\u00f3gicos en la odontolog\u00eda , incluyendo , pero no limitado a coronas, puentes , carillas , inlays , onlays, dentaduras completas y parciales .<\/p>\n<p>Dr. Neira es un miembro activo de la Asociaci\u00f3n Dental Americana , el Colegio Americano de Prostodoncia , TEXAS DENTAL ASSOCIATION Y John F. Johnston Sociedad<br \/>\n<\/div><\/div>\n<\/div>\n<hr style=\"width: 80%;\">\n<p><img loading=\"lazy\" decoding=\"async\" src=\"http:\/\/limadentalrgv.com\/wp-content\/uploads\/2019\/10\/official-sig-iu-300x134.jpg\" alt=\"\" width=\"300\" height=\"134\" class=\"aligncenter size-medium wp-image-1060\" srcset=\"https:\/\/limadentalrgv.com\/wp-content\/uploads\/2019\/10\/official-sig-iu-300x134.jpg 300w, https:\/\/limadentalrgv.com\/wp-content\/uploads\/2019\/10\/official-sig-iu-768x344.jpg 768w, https:\/\/limadentalrgv.com\/wp-content\/uploads\/2019\/10\/official-sig-iu-1024x459.jpg 1024w, https:\/\/limadentalrgv.com\/wp-content\/uploads\/2019\/10\/official-sig-iu.jpg 1118w\" sizes=\"auto, (max-width: 300px) 100vw, 300px\" \/><\/p>\n<\/div>","protected":false},"excerpt":{"rendered":"<p>Nuestro Doctor<\/p>\n","protected":false},"author":1,"featured_media":0,"parent":8,"menu_order":0,"comment_status":"closed","ping_status":"closed","template":"","meta":{"footnotes":""},"categories":[],"tags":[],"class_list":["post-749","page","type-page","status-publish","hentry"],"aioseo_notices":[],"_links":{"self":[{"href":"https:\/\/limadentalrgv.com\/es\/wp-json\/wp\/v2\/pages\/749","targetHints":{"allow":["GET"]}}],"collection":[{"href":"https:\/\/limadentalrgv.com\/es\/wp-json\/wp\/v2\/pages"}],"about":[{"href":"https:\/\/limadentalrgv.com\/es\/wp-json\/wp\/v2\/types\/page"}],"author":[{"embeddable":true,"href":"https:\/\/limadentalrgv.com\/es\/wp-json\/wp\/v2\/users\/1"}],"replies":[{"embeddable":true,"href":"https:\/\/limadentalrgv.com\/es\/wp-json\/wp\/v2\/comments?post=749"}],"version-history":[{"count":20,"href":"https:\/\/limadentalrgv.com\/es\/wp-json\/wp\/v2\/pages\/749\/revisions"}],"predecessor-version":[{"id":1416,"href":"https:\/\/limadentalrgv.com\/es\/wp-json\/wp\/v2\/pages\/749\/revisions\/1416"}],"up":[{"embeddable":true,"href":"https:\/\/limadentalrgv.com\/es\/wp-json\/wp\/v2\/pages\/8"}],"wp:attachment":[{"href":"https:\/\/limadentalrgv.com\/es\/wp-json\/wp\/v2\/media?parent=749"}],"wp:term":[{"taxonomy":"category","embeddable":true,"href":"https:\/\/limadentalrgv.com\/es\/wp-json\/wp\/v2\/categories?post=749"},{"taxonomy":"post_tag","embeddable":true,"href":"https:\/\/limadentalrgv.com\/es\/wp-json\/wp\/v2\/tags?post=749"}],"curies":[{"name":"wp","href":"https:\/\/api.w.org\/{rel}","templated":true}]}}