{"id":70,"date":"2019-06-18T15:48:14","date_gmt":"2019-06-18T15:48:14","guid":{"rendered":"http:\/\/limadentalrgv.com\/?page_id=70"},"modified":"2019-12-20T18:02:51","modified_gmt":"2019-12-20T18:02:51","slug":"preventive-program","status":"publish","type":"page","link":"https:\/\/limadentalrgv.com\/es\/services\/preventive-program\/","title":{"rendered":"Programa Preventivo"},"content":{"rendered":"<link href=\"https:\/\/fonts.googleapis.com\/css?family=Lato:700%2C400\" rel=\"stylesheet\" property=\"stylesheet\" type=\"text\/css\" media=\"all\">\n<div id=\"rev_slider_19_2_wrapper\" class=\"rev_slider_wrapper fullwidthbanner-container\" data-source=\"gallery\" style=\"margin:0px auto;background:transparent;padding:0px;margin-top:0px;margin-bottom:0px;\">\n<!-- START REVOLUTION SLIDER 5.4.8.1 auto mode -->\n\t<div id=\"rev_slider_19_2\" class=\"rev_slider fullwidthabanner\" style=\"display:none;\" data-version=\"5.4.8.1\">\n<ul>\t<!-- SLIDE  -->\n\t<li data-index=\"rs-19\" data-transition=\"fade\" data-slotamount=\"default\" data-hideafterloop=\"0\" data-hideslideonmobile=\"off\"  data-easein=\"default\" data-easeout=\"default\" data-masterspeed=\"300\"  data-rotate=\"0\"  data-saveperformance=\"off\"  data-title=\"Slide\" data-param1=\"\" data-param2=\"\" data-param3=\"\" data-param4=\"\" data-param5=\"\" data-param6=\"\" data-param7=\"\" data-param8=\"\" data-param9=\"\" data-param10=\"\" data-description=\"\">\n\t\t<!-- MAIN IMAGE -->\n\t\t<img loading=\"lazy\" decoding=\"async\" src=\"https:\/\/limadentalrgv.com\/wp-content\/uploads\/2019\/08\/Preventine-Program_banner.jpg\"  alt=\"\" title=\"Preventine Program_banner\"  width=\"2000\" height=\"396\" data-bgposition=\"center center\" data-bgfit=\"cover\" data-bgrepeat=\"no-repeat\" data-bgparallax=\"4\" class=\"rev-slidebg\" data-no-retina>\n\t\t<!-- LAYERS -->\n\n\t\t<!-- LAYER NR. 1 -->\n\t\t<h1 class=\"tp-caption   tp-resizeme\" \n\t\t\t id=\"slide-19-layer-1\" \n\t\t\t data-x=\"center\" data-hoffset=\"\" \n\t\t\t data-y=\"center\" data-voffset=\"\" \n\t\t\t\t\t\tdata-width=\"['auto','350']\"\n\t\t\tdata-height=\"['auto','auto']\"\n \n\t\t\tdata-type=\"text\" \n\t\t\tdata-responsive_offset=\"on\" \n\n\t\t\tdata-frames='[{\"delay\":0,\"speed\":300,\"frame\":\"0\",\"from\":\"x:right;skX:-85px;\",\"to\":\"o:1;\",\"ease\":\"Power3.easeInOut\"},{\"delay\":\"wait\",\"speed\":300,\"frame\":\"999\",\"ease\":\"Power3.easeInOut\"}]'\n\t\t\tdata-textAlign=\"['center','center','center','center']\"\n\t\t\tdata-paddingtop=\"[0,0,0,0]\"\n\t\t\tdata-paddingright=\"[0,0,0,0]\"\n\t\t\tdata-paddingbottom=\"[0,0,0,0]\"\n\t\t\tdata-paddingleft=\"[0,0,0,0]\"\n\n\t\t\tstyle=\"z-index: 5; white-space: nowrap; font-size: 60px; line-height: 60px; font-weight: 700; color: #000000; letter-spacing: 0px;font-family:Lato;\">Programa Preventivo <\/h1>\n\n\t\t<!-- LAYER NR. 2 -->\n\t\t<h1 class=\"tp-caption   tp-resizeme\" \n\t\t\t id=\"slide-19-layer-5\" \n\t\t\t data-x=\"center\" data-hoffset=\"3\" \n\t\t\t data-y=\"center\" data-voffset=\"-47\" \n\t\t\t\t\t\tdata-width=\"['auto','350']\"\n\t\t\tdata-height=\"['auto','auto']\"\n \n\t\t\tdata-type=\"text\" \n\t\t\tdata-responsive_offset=\"on\" \n\n\t\t\tdata-frames='[{\"delay\":0,\"speed\":300,\"frame\":\"0\",\"from\":\"x:left;skX:45px;\",\"to\":\"o:1;\",\"ease\":\"Power3.easeInOut\"},{\"delay\":\"wait\",\"speed\":300,\"frame\":\"999\",\"ease\":\"Power3.easeInOut\"}]'\n\t\t\tdata-textAlign=\"['center','center','center','center']\"\n\t\t\tdata-paddingtop=\"[0,0,0,0]\"\n\t\t\tdata-paddingright=\"[0,0,0,0]\"\n\t\t\tdata-paddingbottom=\"[0,0,0,0]\"\n\t\t\tdata-paddingleft=\"[0,0,0,0]\"\n\n\t\t\tstyle=\"z-index: 6; white-space: nowrap; font-size: 24px; line-height: 32px; font-weight: 400; color: #000000; letter-spacing: 0px;font-family:Lato;\"> <\/h1>\n\n\t\t<!-- LAYER NR. 3 -->\n\t\t<div class=\"tp-caption tp-shape tp-shapewrapper  tp-resizeme\" \n\t\t\t id=\"slide-19-layer-7\" \n\t\t\t data-x=\"center\" data-hoffset=\"\" \n\t\t\t data-y=\"center\" data-voffset=\"65\" \n\t\t\t\t\t\tdata-width=\"['150']\"\n\t\t\tdata-height=\"['3']\"\n \n\t\t\tdata-type=\"shape\" \n\t\t\tdata-responsive_offset=\"on\" \n\n\t\t\tdata-frames='[{\"delay\":0,\"speed\":300,\"frame\":\"0\",\"from\":\"opacity:0;\",\"to\":\"o:1;\",\"ease\":\"Power3.easeInOut\"},{\"delay\":\"wait\",\"speed\":300,\"frame\":\"999\",\"to\":\"opacity:0;\",\"ease\":\"Power3.easeInOut\"}]'\n\t\t\tdata-textAlign=\"['inherit','inherit','inherit','inherit']\"\n\t\t\tdata-paddingtop=\"[0,0,0,0]\"\n\t\t\tdata-paddingright=\"[0,0,0,0]\"\n\t\t\tdata-paddingbottom=\"[0,0,0,0]\"\n\t\t\tdata-paddingleft=\"[0,0,0,0]\"\n\n\t\t\tstyle=\"z-index: 7;background-color:rgb(183,20,18);\"> <\/div>\n\t<\/li>\n<\/ul>\n<div class=\"tp-bannertimer tp-bottom\" style=\"visibility: hidden !important;\"><\/div>\t<\/div>\n<script>var htmlDiv = document.getElementById(\"rs-plugin-settings-inline-css\"); var htmlDivCss=\"\";\n\t\t\t\tif(htmlDiv) {\n\t\t\t\t\thtmlDiv.innerHTML = htmlDiv.innerHTML + htmlDivCss;\n\t\t\t\t}else{\n\t\t\t\t\tvar htmlDiv = document.createElement(\"div\");\n\t\t\t\t\thtmlDiv.innerHTML = \"<style>\" + htmlDivCss + \"<\/style>\";\n\t\t\t\t\tdocument.getElementsByTagName(\"head\")[0].appendChild(htmlDiv.childNodes[0]);\n\t\t\t\t}\n\t\t\t<\/script>\n\t\t<script type=\"text\/javascript\">\nif (setREVStartSize!==undefined) setREVStartSize(\n\t{c: '#rev_slider_19_2', gridwidth: [2000], gridheight: [369], sliderLayout: 'auto'});\n\t\t\t\nvar revapi19,\n\ttpj;\t\n(function() {\t\t\t\n\tif (!\/loaded|interactive|complete\/.test(document.readyState)) document.addEventListener(\"DOMContentLoaded\",onLoad); else onLoad();\t\n\tfunction onLoad() {\t\t\t\t\n\t\tif (tpj===undefined) { tpj = jQuery; if(\"off\" == \"on\") tpj.noConflict();}\n\tif(tpj(\"#rev_slider_19_2\").revolution == undefined){\n\t\trevslider_showDoubleJqueryError(\"#rev_slider_19_2\");\n\t}else{\n\t\trevapi19 = tpj(\"#rev_slider_19_2\").show().revolution({\n\t\t\tsliderType:\"hero\",\n\t\t\tjsFileLocation:\"\/\/limadentalrgv.com\/wp-content\/plugins\/revslider\/public\/assets\/js\/\",\n\t\t\tsliderLayout:\"auto\",\n\t\t\tdottedOverlay:\"none\",\n\t\t\tdelay:9000,\n\t\t\tvisibilityLevels:[1240,1024,778,480],\n\t\t\tgridwidth:2000,\n\t\t\tgridheight:369,\n\t\t\tlazyType:\"none\",\n\t\t\tparallax: {\n\t\t\t\ttype:\"mouse\",\n\t\t\t\torigo:\"enterpoint\",\n\t\t\t\tspeed:400,\n\t\t\t\tspeedbg:0,\n\t\t\t\tspeedls:0,\n\t\t\t\tlevels:[5,10,15,20,25,30,35,40,45,46,47,48,49,50,51,55],\n\t\t\t},\n\t\t\tshadow:0,\n\t\t\tspinner:\"spinner0\",\n\t\t\tautoHeight:\"off\",\n\t\t\tdisableProgressBar:\"on\",\n\t\t\thideThumbsOnMobile:\"off\",\n\t\t\thideSliderAtLimit:0,\n\t\t\thideCaptionAtLimit:0,\n\t\t\thideAllCaptionAtLilmit:0,\n\t\t\tdebugMode:false,\n\t\t\tfallbacks: {\n\t\t\t\tsimplifyAll:\"off\",\n\t\t\t\tdisableFocusListener:false,\n\t\t\t}\n\t\t});\n\t}; \/* END OF revapi call *\/\n\t\n }; \/* END OF ON LOAD FUNCTION *\/\n}()); \/* END OF WRAPPING FUNCTION *\/\n<\/script>\n\t\t<\/div><!-- END REVOLUTION SLIDER -->\n<div class=\"contenido separa\">\n<div class=\"su-row\"><div class=\"su-column su-column-size-2-3\"><div class=\"su-column-inner su-u-clearfix su-u-trim\">\n<h4>Con una boca sana puedes comer y beber sin problema. Adem\u00e1s, la buena salud bucal es est\u00e9ticamente atractiva, aumenta la confianza social y el bienestar general. Con nuestro programa de cuidado oral preventivo, puede mantenerlo as\u00ed<\/h4>\n<p>La prevenci\u00f3n es mejor que perforar y arreglar los dientes, sin importar c\u00f3mo lo corte. Es por eso que los programas de cuidado oral preventivo son cada vez m\u00e1s importantes en la pr\u00e1ctica dental moderna. Nuestro programa profil\u00e1ctico dental integral est\u00e1 dise\u00f1ado para incluir todas las medidas que sirven a la salud de sus dientes y enc\u00edas y previenen el desarrollo de caries y enfermedades periodontales.<\/p>\n<p>Adem\u00e1s de la educaci\u00f3n del paciente y las instrucciones para el cuidado dental \u00f3ptimo y la higiene bucal en el hogar, la limpieza dental profesional es una de las medidas profil\u00e1cticas m\u00e1s importantes.<\/p>\n<p>La limpieza dental profesional como con otras medidas que disfrutar\u00e1 de este programa resultar\u00e1 en la eliminaci\u00f3n efectiva de la placa y evitar\u00e1 futuras acumulaciones.<\/p>\n<p>La placa dental consiste en bacterias y productos de bacterias. Est\u00e1n en tu boca. Pr\u00e1cticamente todos nuestros alimentos y bebidas contienen az\u00facares y almid\u00f3n. Y las bacterias en su boca convierten estos az\u00facares y almid\u00f3n en \u00e1cidos. Son estos \u00e1cidos los que causan caries en los dientes.<\/p>\n<p>La placa dental tambi\u00e9n causa inflamaci\u00f3n de las enc\u00edas. Si no quita la placa adecuadamente, las bacterias en la placa har\u00e1n que sus enc\u00edas se inflamen. La placa no eliminada puede volverse dura y convertirse en sarro. La nueva placa dental se adhiere f\u00e1cilmente al sarro. Esto hace que las enc\u00edas se inflamen cada vez m\u00e1s. La inflamaci\u00f3n puede extenderse y afectar el hueso de la mand\u00edbula subyacente. Finalmente, puede desaparecer tanto hueso de la mand\u00edbula que se aflojan los dientes y los molares.<\/p>\n<p><strong>Lo que puede esperar de nuestro programa preventivo incluye:<\/strong><\/p>\n<ul>\n<li>Revisi\u00f3n del estado de higiene bucal y educaci\u00f3n<\/li>\n<li>Eliminaci\u00f3n de escamas por ultrasonido<\/li>\n<li>Eliminaci\u00f3n suave de la decoloraci\u00f3n por caf\u00e9, t\u00e9, nicotina, etc. utilizando un dispositivo de limpieza con sal<\/li>\n<li>Eliminaci\u00f3n de dep\u00f3sitos dif\u00edciles y dep\u00f3sitos bacterianos en \u00e1reas de dif\u00edcil acceso (como espacios interdentales)<\/li>\n<li>Pulir los dientes como un medio para prevenir la formaci\u00f3n de nuevos recubrimientos.<\/li>\n<li>Fluorizaci\u00f3n de los dientes.<\/li>\n<li>Sellado de fisuras<\/li>\n<li>Cuidado dental preventivo durante el embarazo<\/li>\n<\/ul>\n<p>Para las mujeres embarazadas, el chequeo regular de los dientes y las enc\u00edas por parte del dentista es particularmente importante. Debido al nivel hormonal alterado durante el embarazo, la inflamaci\u00f3n de las enc\u00edas, el sangrado de las enc\u00edas y la proliferaci\u00f3n de bacterias no son infrecuentes. Cambiar los h\u00e1bitos alimenticios y los v\u00f3mitos tambi\u00e9n pueden atacar m\u00e1s los dientes.<\/p>\n<p>Entonces, \u00bfQu\u00e9 haces? Se recomienda encarecidamente que haga una cita antes de un embarazo planificado para evitar los tratamientos durante el embarazo tanto como sea posible. Adem\u00e1s, la periodontitis no tratada puede aumentar el riesgo de parto prematuro. Todos estos problemas pueden abordarse adecuadamente con su dentista especializado para que su embarazo sea lo m\u00e1s suave posible.<\/p>\n<p><strong>\u00bfSabes qu\u00e9 hacer para mantener una excelente salud bucal? \u00a1No lo adivines, descubre las posibilidades!<\/strong><\/p>\n<p>Por lo general, se recomienda que visite 1-2 veces al a\u00f1o, dependiendo de su predisposici\u00f3n a la caries o periodontitis, o la situaci\u00f3n de higiene bucal desfavorable (como bolsas de enc\u00edas). Si tiene diabetes o usa medicamentos pesados \u200b\u200bo tiene una fuerte mancha de t\u00e9, caf\u00e9, nicotina o vino tinto en los dientes, este programa funciona para garantizar que su sonrisa permanezca no solo radiante sino tambi\u00e9n una contribuci\u00f3n \u00fatil para la preservaci\u00f3n de su salud dental y general salud.<\/p>\n<\/div><\/div>\n<div class=\"su-column su-column-size-1-3\"><div class=\"su-column-inner su-u-clearfix su-u-trim\">\n<div class=\"services-list-loop\">\n<ul class=\"list-loop\">\n<li><a href=\"https:\/\/limadentalrgv.com\/es\/services\/english-limited-exam\/\">Examen limitado<\/a><\/li>\n<li><a href=\"https:\/\/limadentalrgv.com\/es\/services\/english-consultations-and-re-evaluations\/\">Consultas<\/a><\/li>\n<li><a href=\"https:\/\/limadentalrgv.com\/es\/services\/english-regular-cleanings\/\">Limpiezas Regulares<\/a><\/li>\n<li><a href=\"https:\/\/limadentalrgv.com\/es\/services\/english-composite-restorations\/\">Restauraciones Compuestas<\/a><\/li>\n<li><a href=\"https:\/\/limadentalrgv.com\/es\/services\/english-tmj-jaw-problems\/\">TMJ (problemas de JAW)<\/a><\/li>\n<li><a href=\"https:\/\/limadentalrgv.com\/es\/services\/bridges\/\">Puentes<\/a><\/li>\n<li><a href=\"https:\/\/limadentalrgv.com\/es\/services\/crowns-caps\/\">Coronas y Gorras<\/a><\/li>\n<li><a href=\"https:\/\/limadentalrgv.com\/es\/services\/dental-fillings\/\">Empastes Dentales<\/a><\/li>\n<li><a href=\"https:\/\/limadentalrgv.com\/es\/services\/dentures\/\">Dentadura Postiza<\/a><\/li>\n<li><a href=\"https:\/\/limadentalrgv.com\/es\/services\/extractions\/\">Extracciones<\/a><\/li>\n<li><a href=\"https:\/\/limadentalrgv.com\/es\/services\/implant-dentistry\/\">Implantolog\u00eda<\/a><\/li>\n<li><a href=\"https:\/\/limadentalrgv.com\/es\/services\/initial-oral-examination\/\">Examen Oral Inicial<\/a><\/li>\n<li><a href=\"https:\/\/limadentalrgv.com\/es\/services\/night-guards\/\">Guardias Nocturnos<\/a><\/li>\n<li><a href=\"https:\/\/limadentalrgv.com\/es\/services\/pediatric-dental-care\/\">Cuidado Dental Pedi\u00e1trico<\/a><\/li>\n<li><a href=\"https:\/\/limadentalrgv.com\/es\/services\/periodontal-treatment\/\">Tratamiento Periodontal<\/a><\/li>\n<li><a href=\"https:\/\/limadentalrgv.com\/es\/services\/preventive-program\/\">Programa Preventivo<\/a><\/li>\n<li><a href=\"https:\/\/limadentalrgv.com\/es\/services\/root-canals\/\">Endodoncias<\/a><\/li>\n<li><a href=\"https:\/\/limadentalrgv.com\/es\/services\/teeth-whitening\/\">Blanqueamiento Dental<\/a><\/li>\n<\/ul>\n<\/div>\n<style>\n\t.services-list-loop ul>li { padding-left: 0px;}\n\t\n\t.services-list-loop ul>li a:link, .services-list-loop ul>li a:visited { padding: 5px 10px; background-color: #eeeeee; color: #000000; display: block; text-decoration: none;}\n\t.services-list-loop ul>li a:hover { background-color: #cccccc; text-decoration: none;}\n\t.services-list-loop ul>li::before { content: ''; display: inherit;}\n<\/style>\n<\/div><\/div>\n<\/div>\n<\/div>","protected":false},"excerpt":{"rendered":"<p>Con una boca sana puedes comer y beber sin problema. Adem\u00e1s, la buena salud bucal es est\u00e9ticamente atractiva, aumenta la confianza social y el bienestar general.<\/p>\n","protected":false},"author":1,"featured_media":109,"parent":10,"menu_order":11,"comment_status":"closed","ping_status":"closed","template":"","meta":{"footnotes":""},"categories":[3],"tags":[],"class_list":["post-70","page","type-page","status-publish","has-post-thumbnail","hentry","category-services"],"aioseo_notices":[],"_links":{"self":[{"href":"https:\/\/limadentalrgv.com\/es\/wp-json\/wp\/v2\/pages\/70","targetHints":{"allow":["GET"]}}],"collection":[{"href":"https:\/\/limadentalrgv.com\/es\/wp-json\/wp\/v2\/pages"}],"about":[{"href":"https:\/\/limadentalrgv.com\/es\/wp-json\/wp\/v2\/types\/page"}],"author":[{"embeddable":true,"href":"https:\/\/limadentalrgv.com\/es\/wp-json\/wp\/v2\/users\/1"}],"replies":[{"embeddable":true,"href":"https:\/\/limadentalrgv.com\/es\/wp-json\/wp\/v2\/comments?post=70"}],"version-history":[{"count":12,"href":"https:\/\/limadentalrgv.com\/es\/wp-json\/wp\/v2\/pages\/70\/revisions"}],"predecessor-version":[{"id":1267,"href":"https:\/\/limadentalrgv.com\/es\/wp-json\/wp\/v2\/pages\/70\/revisions\/1267"}],"up":[{"embeddable":true,"href":"https:\/\/limadentalrgv.com\/es\/wp-json\/wp\/v2\/pages\/10"}],"wp:featuredmedia":[{"embeddable":true,"href":"https:\/\/limadentalrgv.com\/es\/wp-json\/wp\/v2\/media\/109"}],"wp:attachment":[{"href":"https:\/\/limadentalrgv.com\/es\/wp-json\/wp\/v2\/media?parent=70"}],"wp:term":[{"taxonomy":"category","embeddable":true,"href":"https:\/\/limadentalrgv.com\/es\/wp-json\/wp\/v2\/categories?post=70"},{"taxonomy":"post_tag","embeddable":true,"href":"https:\/\/limadentalrgv.com\/es\/wp-json\/wp\/v2\/tags?post=70"}],"curies":[{"name":"wp","href":"https:\/\/api.w.org\/{rel}","templated":true}]}}