{"id":502,"date":"2019-08-13T23:49:14","date_gmt":"2019-08-13T23:49:14","guid":{"rendered":"http:\/\/limadentalrgv.com\/?page_id=502"},"modified":"2019-12-24T18:04:09","modified_gmt":"2019-12-24T18:04:09","slug":"temporal-mandibular-disorders","status":"publish","type":"page","link":"https:\/\/limadentalrgv.com\/es\/extras\/temporal-mandibular-disorders\/","title":{"rendered":"Trastornos Temporomandibulares"},"content":{"rendered":"<link href=\"https:\/\/fonts.googleapis.com\/css?family=Lato:700%2C400\" rel=\"stylesheet\" property=\"stylesheet\" type=\"text\/css\" media=\"all\">\n<div id=\"rev_slider_53_2_wrapper\" class=\"rev_slider_wrapper fullwidthbanner-container\" data-source=\"gallery\" style=\"margin:0px auto;background:transparent;padding:0px;margin-top:0px;margin-bottom:0px;\">\n<!-- START REVOLUTION SLIDER 5.4.8.1 auto mode -->\n\t<div id=\"rev_slider_53_2\" class=\"rev_slider fullwidthabanner\" style=\"display:none;\" data-version=\"5.4.8.1\">\n<ul>\t<!-- SLIDE  -->\n\t<li data-index=\"rs-53\" data-transition=\"fade\" data-slotamount=\"default\" data-hideafterloop=\"0\" data-hideslideonmobile=\"off\"  data-easein=\"default\" data-easeout=\"default\" data-masterspeed=\"300\"  data-rotate=\"0\"  data-saveperformance=\"off\"  data-title=\"Slide\" data-param1=\"\" data-param2=\"\" data-param3=\"\" data-param4=\"\" data-param5=\"\" data-param6=\"\" data-param7=\"\" data-param8=\"\" data-param9=\"\" data-param10=\"\" data-description=\"\">\n\t\t<!-- MAIN IMAGE -->\n\t\t<img loading=\"lazy\" decoding=\"async\" src=\"https:\/\/limadentalrgv.com\/wp-content\/uploads\/2019\/08\/Temporal-mandibular-disorders_banner.jpg\"  alt=\"\" title=\"Temporal mandibular disorders_banner\"  width=\"2000\" height=\"396\" data-bgposition=\"center center\" data-bgfit=\"cover\" data-bgrepeat=\"no-repeat\" data-bgparallax=\"4\" class=\"rev-slidebg\" data-no-retina>\n\t\t<!-- LAYERS -->\n\n\t\t<!-- LAYER NR. 1 -->\n\t\t<h1 class=\"tp-caption   tp-resizeme\" \n\t\t\t id=\"slide-53-layer-1\" \n\t\t\t data-x=\"center\" data-hoffset=\"-1\" \n\t\t\t data-y=\"center\" data-voffset=\"\" \n\t\t\t\t\t\tdata-width=\"['auto','350']\"\n\t\t\tdata-height=\"['auto','auto']\"\n \n\t\t\tdata-type=\"text\" \n\t\t\tdata-responsive_offset=\"on\" \n\n\t\t\tdata-frames='[{\"delay\":0,\"speed\":300,\"frame\":\"0\",\"from\":\"x:right;skX:-85px;\",\"to\":\"o:1;\",\"ease\":\"Power3.easeInOut\"},{\"delay\":\"wait\",\"speed\":300,\"frame\":\"999\",\"ease\":\"Power3.easeInOut\"}]'\n\t\t\tdata-textAlign=\"['center','center','center','center']\"\n\t\t\tdata-paddingtop=\"[0,0,0,0]\"\n\t\t\tdata-paddingright=\"[0,0,0,0]\"\n\t\t\tdata-paddingbottom=\"[0,0,0,0]\"\n\t\t\tdata-paddingleft=\"[0,0,0,0]\"\n\n\t\t\tstyle=\"z-index: 5; white-space: nowrap; font-size: 60px; line-height: 60px; font-weight: 700; color: #000000; letter-spacing: 0px;font-family:Lato;\">Trastornos Temporomandibulares <\/h1>\n\n\t\t<!-- LAYER NR. 2 -->\n\t\t<h1 class=\"tp-caption   tp-resizeme\" \n\t\t\t id=\"slide-53-layer-5\" \n\t\t\t data-x=\"center\" data-hoffset=\"3\" \n\t\t\t data-y=\"center\" data-voffset=\"-47\" \n\t\t\t\t\t\tdata-width=\"['auto','350']\"\n\t\t\tdata-height=\"['auto','auto']\"\n \n\t\t\tdata-type=\"text\" \n\t\t\tdata-responsive_offset=\"on\" \n\n\t\t\tdata-frames='[{\"delay\":0,\"speed\":300,\"frame\":\"0\",\"from\":\"x:left;skX:45px;\",\"to\":\"o:1;\",\"ease\":\"Power3.easeInOut\"},{\"delay\":\"wait\",\"speed\":300,\"frame\":\"999\",\"ease\":\"Power3.easeInOut\"}]'\n\t\t\tdata-textAlign=\"['center','center','center','center']\"\n\t\t\tdata-paddingtop=\"[0,0,0,0]\"\n\t\t\tdata-paddingright=\"[0,0,0,0]\"\n\t\t\tdata-paddingbottom=\"[0,0,0,0]\"\n\t\t\tdata-paddingleft=\"[0,0,0,0]\"\n\n\t\t\tstyle=\"z-index: 6; white-space: nowrap; font-size: 24px; line-height: 32px; font-weight: 400; color: #000000; letter-spacing: 0px;font-family:Lato;\"> <\/h1>\n\n\t\t<!-- LAYER NR. 3 -->\n\t\t<div class=\"tp-caption tp-shape tp-shapewrapper  tp-resizeme\" \n\t\t\t id=\"slide-53-layer-7\" \n\t\t\t data-x=\"center\" data-hoffset=\"\" \n\t\t\t data-y=\"center\" data-voffset=\"65\" \n\t\t\t\t\t\tdata-width=\"['150']\"\n\t\t\tdata-height=\"['3']\"\n \n\t\t\tdata-type=\"shape\" \n\t\t\tdata-responsive_offset=\"on\" \n\n\t\t\tdata-frames='[{\"delay\":0,\"speed\":300,\"frame\":\"0\",\"from\":\"opacity:0;\",\"to\":\"o:1;\",\"ease\":\"Power3.easeInOut\"},{\"delay\":\"wait\",\"speed\":300,\"frame\":\"999\",\"to\":\"opacity:0;\",\"ease\":\"Power3.easeInOut\"}]'\n\t\t\tdata-textAlign=\"['inherit','inherit','inherit','inherit']\"\n\t\t\tdata-paddingtop=\"[0,0,0,0]\"\n\t\t\tdata-paddingright=\"[0,0,0,0]\"\n\t\t\tdata-paddingbottom=\"[0,0,0,0]\"\n\t\t\tdata-paddingleft=\"[0,0,0,0]\"\n\n\t\t\tstyle=\"z-index: 7;background-color:rgb(183,20,18);\"> <\/div>\n\t<\/li>\n<\/ul>\n<div class=\"tp-bannertimer tp-bottom\" style=\"visibility: hidden !important;\"><\/div>\t<\/div>\n<script>var htmlDiv = document.getElementById(\"rs-plugin-settings-inline-css\"); var htmlDivCss=\"\";\n\t\t\t\tif(htmlDiv) {\n\t\t\t\t\thtmlDiv.innerHTML = htmlDiv.innerHTML + htmlDivCss;\n\t\t\t\t}else{\n\t\t\t\t\tvar htmlDiv = document.createElement(\"div\");\n\t\t\t\t\thtmlDiv.innerHTML = \"<style>\" + htmlDivCss + \"<\/style>\";\n\t\t\t\t\tdocument.getElementsByTagName(\"head\")[0].appendChild(htmlDiv.childNodes[0]);\n\t\t\t\t}\n\t\t\t<\/script>\n\t\t<script type=\"text\/javascript\">\nif (setREVStartSize!==undefined) setREVStartSize(\n\t{c: '#rev_slider_53_2', gridwidth: [2000], gridheight: [369], sliderLayout: 'auto'});\n\t\t\t\nvar revapi53,\n\ttpj;\t\n(function() {\t\t\t\n\tif (!\/loaded|interactive|complete\/.test(document.readyState)) document.addEventListener(\"DOMContentLoaded\",onLoad); else onLoad();\t\n\tfunction onLoad() {\t\t\t\t\n\t\tif (tpj===undefined) { tpj = jQuery; if(\"off\" == \"on\") tpj.noConflict();}\n\tif(tpj(\"#rev_slider_53_2\").revolution == undefined){\n\t\trevslider_showDoubleJqueryError(\"#rev_slider_53_2\");\n\t}else{\n\t\trevapi53 = tpj(\"#rev_slider_53_2\").show().revolution({\n\t\t\tsliderType:\"hero\",\n\t\t\tjsFileLocation:\"\/\/limadentalrgv.com\/wp-content\/plugins\/revslider\/public\/assets\/js\/\",\n\t\t\tsliderLayout:\"auto\",\n\t\t\tdottedOverlay:\"none\",\n\t\t\tdelay:9000,\n\t\t\tvisibilityLevels:[1240,1024,778,480],\n\t\t\tgridwidth:2000,\n\t\t\tgridheight:369,\n\t\t\tlazyType:\"none\",\n\t\t\tparallax: {\n\t\t\t\ttype:\"mouse\",\n\t\t\t\torigo:\"enterpoint\",\n\t\t\t\tspeed:400,\n\t\t\t\tspeedbg:0,\n\t\t\t\tspeedls:0,\n\t\t\t\tlevels:[5,10,15,20,25,30,35,40,45,46,47,48,49,50,51,55],\n\t\t\t},\n\t\t\tshadow:0,\n\t\t\tspinner:\"spinner0\",\n\t\t\tautoHeight:\"off\",\n\t\t\tdisableProgressBar:\"on\",\n\t\t\thideThumbsOnMobile:\"off\",\n\t\t\thideSliderAtLimit:0,\n\t\t\thideCaptionAtLimit:0,\n\t\t\thideAllCaptionAtLilmit:0,\n\t\t\tdebugMode:false,\n\t\t\tfallbacks: {\n\t\t\t\tsimplifyAll:\"off\",\n\t\t\t\tdisableFocusListener:false,\n\t\t\t}\n\t\t});\n\t}; \/* END OF revapi call *\/\n\t\n }; \/* END OF ON LOAD FUNCTION *\/\n}()); \/* END OF WRAPPING FUNCTION *\/\n<\/script>\n\t\t<\/div><!-- END REVOLUTION SLIDER -->\n<div class=\"contenido separa\">\n<div class=\"su-row\"><div class=\"su-column su-column-size-2-3\"><div class=\"su-column-inner su-u-clearfix su-u-trim\">\n<p>Los trastornos temporomandibulares se usan como un t\u00e9rmino colectivo para describir la disfunci\u00f3n del sistema musculoesquel\u00e9tico en la regi\u00f3n de la articulaci\u00f3n mandibular temporal, es decir, el punto en el que la mand\u00edbula se une al cr\u00e1neo.<\/p>\n<p>Los s\u00edntomas comunes de los trastornos temporomandibulares incluyen:<\/p>\n<ul>\n<li>Dolor o fatiga al masticar.<\/li>\n<li>No poder abrir la boca adecuadamente<\/li>\n<li>Dolor en la articulaci\u00f3n de la mand\u00edbula.<\/li>\n<li>Estallidos, grietas, crujidos u otros sonidos en las articulaciones de la mand\u00edbula, especialmente cuando mueve la boca.<\/li>\n<li>Dientes hipersensibles<\/li>\n<li>Desgaste anormal de los dientes.<\/li>\n<li>El dolor de o\u00eddo, cabeza y cuello tambi\u00e9n puede estar relacionado con trastornos temporomandibulares.<\/li>\n<\/ul>\n<p><strong>Diagn\u00f3stico<\/strong><\/p>\n<p>Antes de comenzar el tratamiento, es vital establecer la existencia de trastorno (s) temporomandibular. Los protocolos de diagn\u00f3stico incluyen examen f\u00edsico, diagn\u00f3stico por imagen, incluida la radiograf\u00eda.<\/p>\n<p>Tratamiento de trastornos temporomandibulares<\/p>\n<p><strong>Entablillar<\/strong><\/p>\n<p>Si los dientes y los molares no encajan bien, el dentista puede moler esto o tratar de ajustarlo con una placa de pl\u00e1stico (f\u00e9rula), de modo que la mand\u00edbula est\u00e9 alineada correctamente. La f\u00e9rula tambi\u00e9n se puede usar para restricciones de movimiento. Con el desgaste anormal de los dientes, se usa una f\u00e9rula para proteger los dientes.<\/p>\n<p><strong>Fisioterapia<\/strong><\/p>\n<p>Recibir\u00e1 instrucciones del fisioterapeuta sobre c\u00f3mo usar la boca correctamente y c\u00f3mo relajarla mejor. <strong>Tambi\u00e9n se puede recomendar e instituir el masaje de los m\u00fasculos doloridos de masticaci\u00f3n usted mismo y por un profesional.<\/strong><\/p>\n<p><strong>Tratamiento quir\u00fargico<\/strong><\/p>\n<p>La cirug\u00eda de las articulaciones de la mand\u00edbula rara vez se realiza y solo es el \u00faltimo recurso en casos severos que no responden. El procedimiento puede ser tan b\u00e1sico como la limpieza de la articulaci\u00f3n para procedimientos m\u00e1s complejos que se determina luego de ex\u00e1menes y diagn\u00f3sticos exhaustivos.<\/p>\n<\/div><\/div>\n<div class=\"su-column su-column-size-1-3\"><div class=\"su-column-inner su-u-clearfix su-u-trim\">\n<div class=\"services-list-loop\">\n<ul class=\"list-loop\">\n<li><a href=\"https:\/\/limadentalrgv.com\/es\/extras\/dentaduras-completas\/\">Dentaduras Completas<\/a><\/li>\n<li><a href=\"https:\/\/limadentalrgv.com\/es\/extras\/dentures-with-implants\/\">Dentaduras con Implantes<\/a><\/li>\n<li><a href=\"https:\/\/limadentalrgv.com\/es\/extras\/rehabilitacion-de-boca-completa\/\">Rehabilitaci\u00f3n de Boca Completa<\/a><\/li>\n<li><a href=\"https:\/\/limadentalrgv.com\/es\/extras\/hybrid-dentures\/\">Dentaduras H\u00edbridas<\/a><\/li>\n<li><a href=\"https:\/\/limadentalrgv.com\/es\/extras\/immediate-dentures\/\">Dentaduras Inmediatas<\/a><\/li>\n<li><a href=\"https:\/\/limadentalrgv.com\/es\/extras\/occlusal-analysis\/\">An\u00e1lisis Oclusal<\/a><\/li>\n<li><a href=\"https:\/\/limadentalrgv.com\/es\/extras\/overdentures\/\">Sobredentaduras<\/a><\/li>\n<li><a href=\"https:\/\/limadentalrgv.com\/es\/extras\/removable-partial-dentures\/\">Pr\u00f3tesis Parciales Removibles<\/a><\/li>\n<li><a href=\"https:\/\/limadentalrgv.com\/es\/extras\/accesorios-de-semi-precision-con-dientes-naturales\/\">Accesorios de semi precisi\u00f3n con dientes naturales<\/a><\/li>\n<li><a href=\"https:\/\/limadentalrgv.com\/es\/extras\/temporal-mandibular-disorders\/\">Trastornos Temporomandibulares<\/a><\/li>\n<\/ul>\n<\/div>\n<style>\n\t.services-list-loop ul>li { padding-left: 0px;}\n\t\n\t.services-list-loop ul>li a:link, .services-list-loop ul>li a:visited { padding: 5px 10px; background-color: #eeeeee; color: #000000; display: block; text-decoration: none;}\n\t.services-list-loop ul>li a:hover { background-color: #cccccc; text-decoration: none;}\n\t.services-list-loop ul>li::before { content: ''; display: inherit;}\n<\/style>\n<\/div><\/div>\n<\/div>\n<\/div>","protected":false},"excerpt":{"rendered":"","protected":false},"author":1,"featured_media":728,"parent":482,"menu_order":0,"comment_status":"closed","ping_status":"closed","template":"","meta":{"footnotes":""},"categories":[11],"tags":[],"class_list":["post-502","page","type-page","status-publish","has-post-thumbnail","hentry","category-extras"],"aioseo_notices":[],"_links":{"self":[{"href":"https:\/\/limadentalrgv.com\/es\/wp-json\/wp\/v2\/pages\/502","targetHints":{"allow":["GET"]}}],"collection":[{"href":"https:\/\/limadentalrgv.com\/es\/wp-json\/wp\/v2\/pages"}],"about":[{"href":"https:\/\/limadentalrgv.com\/es\/wp-json\/wp\/v2\/types\/page"}],"author":[{"embeddable":true,"href":"https:\/\/limadentalrgv.com\/es\/wp-json\/wp\/v2\/users\/1"}],"replies":[{"embeddable":true,"href":"https:\/\/limadentalrgv.com\/es\/wp-json\/wp\/v2\/comments?post=502"}],"version-history":[{"count":6,"href":"https:\/\/limadentalrgv.com\/es\/wp-json\/wp\/v2\/pages\/502\/revisions"}],"predecessor-version":[{"id":1292,"href":"https:\/\/limadentalrgv.com\/es\/wp-json\/wp\/v2\/pages\/502\/revisions\/1292"}],"up":[{"embeddable":true,"href":"https:\/\/limadentalrgv.com\/es\/wp-json\/wp\/v2\/pages\/482"}],"wp:featuredmedia":[{"embeddable":true,"href":"https:\/\/limadentalrgv.com\/es\/wp-json\/wp\/v2\/media\/728"}],"wp:attachment":[{"href":"https:\/\/limadentalrgv.com\/es\/wp-json\/wp\/v2\/media?parent=502"}],"wp:term":[{"taxonomy":"category","embeddable":true,"href":"https:\/\/limadentalrgv.com\/es\/wp-json\/wp\/v2\/categories?post=502"},{"taxonomy":"post_tag","embeddable":true,"href":"https:\/\/limadentalrgv.com\/es\/wp-json\/wp\/v2\/tags?post=502"}],"curies":[{"name":"wp","href":"https:\/\/api.w.org\/{rel}","templated":true}]}}