{"id":435,"date":"2019-08-13T21:16:41","date_gmt":"2019-08-13T21:16:41","guid":{"rendered":"http:\/\/limadentalrgv.com\/?page_id=435"},"modified":"2019-12-16T16:50:39","modified_gmt":"2019-12-16T16:50:39","slug":"non-surgical-dental-treatments","status":"publish","type":"page","link":"https:\/\/limadentalrgv.com\/es\/restoring-periodontally-involved-teeth\/tratamientos-dentales-no-quirurgicos\/","title":{"rendered":"Tratamientos Dentales No &#8211; Quir\u00fargicos"},"content":{"rendered":"<link href=\"https:\/\/fonts.googleapis.com\/css?family=Lato:700%2C400\" rel=\"stylesheet\" property=\"stylesheet\" type=\"text\/css\" media=\"all\">\n<div id=\"rev_slider_60_2_wrapper\" class=\"rev_slider_wrapper fullwidthbanner-container\" data-source=\"gallery\" style=\"margin:0px auto;background:transparent;padding:0px;margin-top:0px;margin-bottom:0px;\">\n<!-- START REVOLUTION SLIDER 5.4.8.1 auto mode -->\n\t<div id=\"rev_slider_60_2\" class=\"rev_slider fullwidthabanner\" style=\"display:none;\" data-version=\"5.4.8.1\">\n<ul>\t<!-- SLIDE  -->\n\t<li data-index=\"rs-60\" data-transition=\"fade\" data-slotamount=\"default\" data-hideafterloop=\"0\" data-hideslideonmobile=\"off\"  data-easein=\"default\" data-easeout=\"default\" data-masterspeed=\"300\"  data-rotate=\"0\"  data-saveperformance=\"off\"  data-title=\"Slide\" data-param1=\"\" data-param2=\"\" data-param3=\"\" data-param4=\"\" data-param5=\"\" data-param6=\"\" data-param7=\"\" data-param8=\"\" data-param9=\"\" data-param10=\"\" data-description=\"\">\n\t\t<!-- MAIN IMAGE -->\n\t\t<img loading=\"lazy\" decoding=\"async\" src=\"https:\/\/limadentalrgv.com\/wp-content\/uploads\/2019\/08\/Non-Surgical-Dental-Treatments_banner.jpg\"  alt=\"\" title=\"Non-Surgical Dental Treatments_banner\"  width=\"2000\" height=\"396\" data-bgposition=\"center center\" data-bgfit=\"cover\" data-bgrepeat=\"no-repeat\" data-bgparallax=\"4\" class=\"rev-slidebg\" data-no-retina>\n\t\t<!-- LAYERS -->\n\n\t\t<!-- LAYER NR. 1 -->\n\t\t<h1 class=\"tp-caption   tp-resizeme\" \n\t\t\t id=\"slide-60-layer-1\" \n\t\t\t data-x=\"center\" data-hoffset=\"-1\" \n\t\t\t data-y=\"center\" data-voffset=\"\" \n\t\t\t\t\t\tdata-width=\"['auto','350']\"\n\t\t\tdata-height=\"['auto','auto']\"\n \n\t\t\tdata-type=\"text\" \n\t\t\tdata-responsive_offset=\"on\" \n\n\t\t\tdata-frames='[{\"delay\":0,\"speed\":300,\"frame\":\"0\",\"from\":\"x:right;skX:-85px;\",\"to\":\"o:1;\",\"ease\":\"Power3.easeInOut\"},{\"delay\":\"wait\",\"speed\":300,\"frame\":\"999\",\"ease\":\"Power3.easeInOut\"}]'\n\t\t\tdata-textAlign=\"['center','center','center','center']\"\n\t\t\tdata-paddingtop=\"[0,0,0,0]\"\n\t\t\tdata-paddingright=\"[0,0,0,0]\"\n\t\t\tdata-paddingbottom=\"[0,0,0,0]\"\n\t\t\tdata-paddingleft=\"[0,0,0,0]\"\n\n\t\t\tstyle=\"z-index: 5; white-space: nowrap; font-size: 60px; line-height: 60px; font-weight: 700; color: #000000; letter-spacing: 0px;font-family:Lato;\">Tratamientos Dentales no-quir\u00fargicos <\/h1>\n\n\t\t<!-- LAYER NR. 2 -->\n\t\t<h1 class=\"tp-caption   tp-resizeme\" \n\t\t\t id=\"slide-60-layer-5\" \n\t\t\t data-x=\"center\" data-hoffset=\"3\" \n\t\t\t data-y=\"center\" data-voffset=\"-47\" \n\t\t\t\t\t\tdata-width=\"['auto','350']\"\n\t\t\tdata-height=\"['auto','auto']\"\n \n\t\t\tdata-type=\"text\" \n\t\t\tdata-responsive_offset=\"on\" \n\n\t\t\tdata-frames='[{\"delay\":0,\"speed\":300,\"frame\":\"0\",\"from\":\"x:left;skX:45px;\",\"to\":\"o:1;\",\"ease\":\"Power3.easeInOut\"},{\"delay\":\"wait\",\"speed\":300,\"frame\":\"999\",\"ease\":\"Power3.easeInOut\"}]'\n\t\t\tdata-textAlign=\"['center','center','center','center']\"\n\t\t\tdata-paddingtop=\"[0,0,0,0]\"\n\t\t\tdata-paddingright=\"[0,0,0,0]\"\n\t\t\tdata-paddingbottom=\"[0,0,0,0]\"\n\t\t\tdata-paddingleft=\"[0,0,0,0]\"\n\n\t\t\tstyle=\"z-index: 6; white-space: nowrap; font-size: 24px; line-height: 32px; font-weight: 400; color: #000000; letter-spacing: 0px;font-family:Lato;\"> <\/h1>\n\n\t\t<!-- LAYER NR. 3 -->\n\t\t<div class=\"tp-caption tp-shape tp-shapewrapper  tp-resizeme\" \n\t\t\t id=\"slide-60-layer-7\" \n\t\t\t data-x=\"center\" data-hoffset=\"\" \n\t\t\t data-y=\"center\" data-voffset=\"65\" \n\t\t\t\t\t\tdata-width=\"['150']\"\n\t\t\tdata-height=\"['3']\"\n \n\t\t\tdata-type=\"shape\" \n\t\t\tdata-responsive_offset=\"on\" \n\n\t\t\tdata-frames='[{\"delay\":0,\"speed\":300,\"frame\":\"0\",\"from\":\"opacity:0;\",\"to\":\"o:1;\",\"ease\":\"Power3.easeInOut\"},{\"delay\":\"wait\",\"speed\":300,\"frame\":\"999\",\"to\":\"opacity:0;\",\"ease\":\"Power3.easeInOut\"}]'\n\t\t\tdata-textAlign=\"['inherit','inherit','inherit','inherit']\"\n\t\t\tdata-paddingtop=\"[0,0,0,0]\"\n\t\t\tdata-paddingright=\"[0,0,0,0]\"\n\t\t\tdata-paddingbottom=\"[0,0,0,0]\"\n\t\t\tdata-paddingleft=\"[0,0,0,0]\"\n\n\t\t\tstyle=\"z-index: 7;background-color:rgb(183,20,18);\"> <\/div>\n\t<\/li>\n<\/ul>\n<div class=\"tp-bannertimer tp-bottom\" style=\"visibility: hidden !important;\"><\/div>\t<\/div>\n<script>var htmlDiv = document.getElementById(\"rs-plugin-settings-inline-css\"); var htmlDivCss=\"\";\n\t\t\t\tif(htmlDiv) {\n\t\t\t\t\thtmlDiv.innerHTML = htmlDiv.innerHTML + htmlDivCss;\n\t\t\t\t}else{\n\t\t\t\t\tvar htmlDiv = document.createElement(\"div\");\n\t\t\t\t\thtmlDiv.innerHTML = \"<style>\" + htmlDivCss + \"<\/style>\";\n\t\t\t\t\tdocument.getElementsByTagName(\"head\")[0].appendChild(htmlDiv.childNodes[0]);\n\t\t\t\t}\n\t\t\t<\/script>\n\t\t<script type=\"text\/javascript\">\nif (setREVStartSize!==undefined) setREVStartSize(\n\t{c: '#rev_slider_60_2', gridwidth: [2000], gridheight: [369], sliderLayout: 'auto'});\n\t\t\t\nvar revapi60,\n\ttpj;\t\n(function() {\t\t\t\n\tif (!\/loaded|interactive|complete\/.test(document.readyState)) document.addEventListener(\"DOMContentLoaded\",onLoad); else onLoad();\t\n\tfunction onLoad() {\t\t\t\t\n\t\tif (tpj===undefined) { tpj = jQuery; if(\"off\" == \"on\") tpj.noConflict();}\n\tif(tpj(\"#rev_slider_60_2\").revolution == undefined){\n\t\trevslider_showDoubleJqueryError(\"#rev_slider_60_2\");\n\t}else{\n\t\trevapi60 = tpj(\"#rev_slider_60_2\").show().revolution({\n\t\t\tsliderType:\"hero\",\n\t\t\tjsFileLocation:\"\/\/limadentalrgv.com\/wp-content\/plugins\/revslider\/public\/assets\/js\/\",\n\t\t\tsliderLayout:\"auto\",\n\t\t\tdottedOverlay:\"none\",\n\t\t\tdelay:9000,\n\t\t\tvisibilityLevels:[1240,1024,778,480],\n\t\t\tgridwidth:2000,\n\t\t\tgridheight:369,\n\t\t\tlazyType:\"none\",\n\t\t\tparallax: {\n\t\t\t\ttype:\"mouse\",\n\t\t\t\torigo:\"enterpoint\",\n\t\t\t\tspeed:400,\n\t\t\t\tspeedbg:0,\n\t\t\t\tspeedls:0,\n\t\t\t\tlevels:[5,10,15,20,25,30,35,40,45,46,47,48,49,50,51,55],\n\t\t\t},\n\t\t\tshadow:0,\n\t\t\tspinner:\"spinner0\",\n\t\t\tautoHeight:\"off\",\n\t\t\tdisableProgressBar:\"on\",\n\t\t\thideThumbsOnMobile:\"off\",\n\t\t\thideSliderAtLimit:0,\n\t\t\thideCaptionAtLimit:0,\n\t\t\thideAllCaptionAtLilmit:0,\n\t\t\tdebugMode:false,\n\t\t\tfallbacks: {\n\t\t\t\tsimplifyAll:\"off\",\n\t\t\t\tdisableFocusListener:false,\n\t\t\t}\n\t\t});\n\t}; \/* END OF revapi call *\/\n\t\n }; \/* END OF ON LOAD FUNCTION *\/\n}()); \/* END OF WRAPPING FUNCTION *\/\n<\/script>\n\t\t<\/div><!-- END REVOLUTION SLIDER -->\n<div class=\"contenido separa\"><div class=\"su-row\"><div class=\"su-column su-column-size-2-3\"><div class=\"su-column-inner su-u-clearfix su-u-trim\">\n<p>La enfermedad periodontal es una enfermedad traicionera, ya que a menudo progresa a etapas muy avanzadas, indoloras, y desafortunadamente, muchos expertos ya la consideran un problema com\u00fan que afecta a un n\u00famero significativo de personas. Los pacientes afectados necesitan diagn\u00f3sticos precisos, seguidos de un tratamiento de primera l\u00ednea, que podr\u00eda incluir procedimientos dentales no quir\u00fargicos.<\/p>\n<p>En nuestra pr\u00e1ctica, seguimos conceptos de tratamiento cient\u00edficamente bien investigados y probados a largo plazo. Este concepto proporciona una limpieza sistem\u00e1tica y repetida de las superficies de los dientes infectadas con bacterias. Siempre que sea posible, estas operaciones de limpieza no son quir\u00fargicas; estos tratamientos son similares a la limpieza dental con anestesia.<\/p>\n<p>Cada terapia comienza con una \u00abfase de higiene\u00bb, en la cual el h\u00e1bitat para las bacterias da\u00f1inas es destruido sistem\u00e1ticamente por varias limpiezas sucesivas. Al mismo tiempo, se est\u00e1 llevando a cabo una adaptaci\u00f3n gradual de la higiene oral individual para hacer imposible la colonizaci\u00f3n bacteriana.<\/p>\n<p>Como parte de la fase de higiene, se pueden realizar m\u00e1s pruebas de diagn\u00f3stico, como \u00abpruebas bacterianas\u00bb o im\u00e1genes de rayos X tridimensionales (TVP).<\/p>\n<p>Despu\u00e9s de la fase inicial, la siguiente l\u00ednea de acci\u00f3n es limpiar a fondo los bolsillos de las enc\u00edas y las superficies de las ra\u00edces con anestesia local. Con equipos especializados, como instrumentos ultras\u00f3nicos para alcanzar \u00e1reas profundas debajo de las enc\u00edas, se retiran todas las almohadillas duras y se tratan las ra\u00edces.<\/p>\n<p>Hoy en d\u00eda, incluso los bolsillos m\u00e1s profundos ya no necesitan cortarse para limpiarlos. Nuestras terapias m\u00ednimamente invasivas nos permiten ser mucho m\u00e1s amigables con los tejidos.<\/p>\n<p>Una vez hecho esto, los dientes ya aflojados se pueden estabilizar con un riel compuesto. Dependiendo del resultado de las pruebas de bacterias, el tratamiento se puede intensificar con antibi\u00f3ticos o con la adici\u00f3n de antibi\u00f3ticos especiales en las bolsas periodontales.<\/p>\n<p>Podemos ayudar a m\u00e1s del 95% de nuestros pacientes periodontales a largo plazo con un tratamiento puramente no quir\u00fargico. Las medidas quir\u00fargicas son, por lo tanto, solo necesarias en casos excepcionales.<\/p>\n<\/div><\/div>\n<div class=\"su-column su-column-size-1-3\"><div class=\"su-column-inner su-u-clearfix su-u-trim\">\n<div class=\"services-list-loop\">\n<ul class=\"list-loop\">\n<li><a href=\"https:\/\/limadentalrgv.com\/es\/restoring-periodontally-involved-teeth\/tratamientos-dentales-no-quirurgicos\/\">Tratamientos Dentales No &#8211; Quir\u00fargicos<\/a><\/li>\n<li><a href=\"https:\/\/limadentalrgv.com\/es\/restoring-periodontally-involved-teeth\/periodontal-surgery\/\">Cirug\u00eda Periodontal<\/a><\/li>\n<li><a href=\"https:\/\/limadentalrgv.com\/es\/restoring-periodontally-involved-teeth\/alargamiento-de-corona\/\">Alargamiento de Corona<\/a><\/li>\n<li><a href=\"https:\/\/limadentalrgv.com\/es\/restoring-periodontally-involved-teeth\/soft-tissue-grafts\/\">Injertos de Tejidos Blandos<\/a><\/li>\n<li><a href=\"https:\/\/limadentalrgv.com\/es\/restoring-periodontally-involved-teeth\/terapia-periodontal\/\">Terapia Periodontal<\/a><\/li>\n<\/ul>\n<\/div>\n<style>\n\t.services-list-loop ul>li { padding-left: 0px;}\n\t\n\t.services-list-loop ul>li a:link, .services-list-loop ul>li a:visited { padding: 5px 10px; background-color: #eeeeee; color: #000000; display: block; text-decoration: none;}\n\t.services-list-loop ul>li a:hover { background-color: #cccccc; text-decoration: none;}\n\t.services-list-loop ul>li::before { content: ''; display: inherit;}\n<\/style>\n<\/div><\/div>\n<\/div>\n<\/div>","protected":false},"excerpt":{"rendered":"","protected":false},"author":1,"featured_media":712,"parent":92,"menu_order":1,"comment_status":"closed","ping_status":"closed","template":"","meta":{"footnotes":""},"categories":[9],"tags":[],"class_list":["post-435","page","type-page","status-publish","has-post-thumbnail","hentry","category-restoring-periodontally-involved-teeth"],"aioseo_notices":[],"_links":{"self":[{"href":"https:\/\/limadentalrgv.com\/es\/wp-json\/wp\/v2\/pages\/435","targetHints":{"allow":["GET"]}}],"collection":[{"href":"https:\/\/limadentalrgv.com\/es\/wp-json\/wp\/v2\/pages"}],"about":[{"href":"https:\/\/limadentalrgv.com\/es\/wp-json\/wp\/v2\/types\/page"}],"author":[{"embeddable":true,"href":"https:\/\/limadentalrgv.com\/es\/wp-json\/wp\/v2\/users\/1"}],"replies":[{"embeddable":true,"href":"https:\/\/limadentalrgv.com\/es\/wp-json\/wp\/v2\/comments?post=435"}],"version-history":[{"count":9,"href":"https:\/\/limadentalrgv.com\/es\/wp-json\/wp\/v2\/pages\/435\/revisions"}],"predecessor-version":[{"id":1153,"href":"https:\/\/limadentalrgv.com\/es\/wp-json\/wp\/v2\/pages\/435\/revisions\/1153"}],"up":[{"embeddable":true,"href":"https:\/\/limadentalrgv.com\/es\/wp-json\/wp\/v2\/pages\/92"}],"wp:featuredmedia":[{"embeddable":true,"href":"https:\/\/limadentalrgv.com\/es\/wp-json\/wp\/v2\/media\/712"}],"wp:attachment":[{"href":"https:\/\/limadentalrgv.com\/es\/wp-json\/wp\/v2\/media?parent=435"}],"wp:term":[{"taxonomy":"category","embeddable":true,"href":"https:\/\/limadentalrgv.com\/es\/wp-json\/wp\/v2\/categories?post=435"},{"taxonomy":"post_tag","embeddable":true,"href":"https:\/\/limadentalrgv.com\/es\/wp-json\/wp\/v2\/tags?post=435"}],"curies":[{"name":"wp","href":"https:\/\/api.w.org\/{rel}","templated":true}]}}