{"id":362,"date":"2019-08-09T17:34:25","date_gmt":"2019-08-09T17:34:25","guid":{"rendered":"http:\/\/limadentalrgv.com\/?page_id=362"},"modified":"2019-12-17T15:20:58","modified_gmt":"2019-12-17T15:20:58","slug":"ceramics-crowns","status":"publish","type":"page","link":"https:\/\/limadentalrgv.com\/es\/cosmetic-dentistry\/ceramics-crowns\/","title":{"rendered":"Coronas de Cer\u00e1micas"},"content":{"rendered":"<link href=\"https:\/\/fonts.googleapis.com\/css?family=Lato:700%2C400\" rel=\"stylesheet\" property=\"stylesheet\" type=\"text\/css\" media=\"all\">\n<div id=\"rev_slider_36_2_wrapper\" class=\"rev_slider_wrapper fullwidthbanner-container\" data-source=\"gallery\" style=\"margin:0px auto;background:transparent;padding:0px;margin-top:0px;margin-bottom:0px;\">\n<!-- START REVOLUTION SLIDER 5.4.8.1 auto mode -->\n\t<div id=\"rev_slider_36_2\" class=\"rev_slider fullwidthabanner\" style=\"display:none;\" data-version=\"5.4.8.1\">\n<ul>\t<!-- SLIDE  -->\n\t<li data-index=\"rs-36\" data-transition=\"fade\" data-slotamount=\"default\" data-hideafterloop=\"0\" data-hideslideonmobile=\"off\"  data-easein=\"default\" data-easeout=\"default\" data-masterspeed=\"300\"  data-rotate=\"0\"  data-saveperformance=\"off\"  data-title=\"Slide\" data-param1=\"\" data-param2=\"\" data-param3=\"\" data-param4=\"\" data-param5=\"\" data-param6=\"\" data-param7=\"\" data-param8=\"\" data-param9=\"\" data-param10=\"\" data-description=\"\">\n\t\t<!-- MAIN IMAGE -->\n\t\t<img loading=\"lazy\" decoding=\"async\" src=\"https:\/\/limadentalrgv.com\/wp-content\/uploads\/2019\/08\/Ceramics-Crowns_banner.jpg\"  alt=\"\" title=\"Ceramics Crowns_banner\"  width=\"2000\" height=\"396\" data-bgposition=\"center center\" data-bgfit=\"cover\" data-bgrepeat=\"no-repeat\" data-bgparallax=\"4\" class=\"rev-slidebg\" data-no-retina>\n\t\t<!-- LAYERS -->\n\n\t\t<!-- LAYER NR. 1 -->\n\t\t<h1 class=\"tp-caption   tp-resizeme\" \n\t\t\t id=\"slide-36-layer-1\" \n\t\t\t data-x=\"center\" data-hoffset=\"-1\" \n\t\t\t data-y=\"center\" data-voffset=\"\" \n\t\t\t\t\t\tdata-width=\"['auto','350']\"\n\t\t\tdata-height=\"['auto','auto']\"\n \n\t\t\tdata-type=\"text\" \n\t\t\tdata-responsive_offset=\"on\" \n\n\t\t\tdata-frames='[{\"delay\":0,\"speed\":300,\"frame\":\"0\",\"from\":\"x:right;skX:-85px;\",\"to\":\"o:1;\",\"ease\":\"Power3.easeInOut\"},{\"delay\":\"wait\",\"speed\":300,\"frame\":\"999\",\"ease\":\"Power3.easeInOut\"}]'\n\t\t\tdata-textAlign=\"['center','center','center','center']\"\n\t\t\tdata-paddingtop=\"[0,0,0,0]\"\n\t\t\tdata-paddingright=\"[0,0,0,0]\"\n\t\t\tdata-paddingbottom=\"[0,0,0,0]\"\n\t\t\tdata-paddingleft=\"[0,0,0,0]\"\n\n\t\t\tstyle=\"z-index: 5; white-space: nowrap; font-size: 60px; line-height: 60px; font-weight: 700; color: #000000; letter-spacing: 0px;font-family:Lato;\">Coronas de Cer\u00e1mica <\/h1>\n\n\t\t<!-- LAYER NR. 2 -->\n\t\t<h1 class=\"tp-caption   tp-resizeme\" \n\t\t\t id=\"slide-36-layer-5\" \n\t\t\t data-x=\"center\" data-hoffset=\"3\" \n\t\t\t data-y=\"center\" data-voffset=\"-47\" \n\t\t\t\t\t\tdata-width=\"['auto','350']\"\n\t\t\tdata-height=\"['auto','auto']\"\n \n\t\t\tdata-type=\"text\" \n\t\t\tdata-responsive_offset=\"on\" \n\n\t\t\tdata-frames='[{\"delay\":0,\"speed\":300,\"frame\":\"0\",\"from\":\"x:left;skX:45px;\",\"to\":\"o:1;\",\"ease\":\"Power3.easeInOut\"},{\"delay\":\"wait\",\"speed\":300,\"frame\":\"999\",\"ease\":\"Power3.easeInOut\"}]'\n\t\t\tdata-textAlign=\"['center','center','center','center']\"\n\t\t\tdata-paddingtop=\"[0,0,0,0]\"\n\t\t\tdata-paddingright=\"[0,0,0,0]\"\n\t\t\tdata-paddingbottom=\"[0,0,0,0]\"\n\t\t\tdata-paddingleft=\"[0,0,0,0]\"\n\n\t\t\tstyle=\"z-index: 6; white-space: nowrap; font-size: 24px; line-height: 32px; font-weight: 400; color: #000000; letter-spacing: 0px;font-family:Lato;\"> <\/h1>\n\n\t\t<!-- LAYER NR. 3 -->\n\t\t<div class=\"tp-caption tp-shape tp-shapewrapper  tp-resizeme\" \n\t\t\t id=\"slide-36-layer-7\" \n\t\t\t data-x=\"center\" data-hoffset=\"\" \n\t\t\t data-y=\"center\" data-voffset=\"65\" \n\t\t\t\t\t\tdata-width=\"['150']\"\n\t\t\tdata-height=\"['3']\"\n \n\t\t\tdata-type=\"shape\" \n\t\t\tdata-responsive_offset=\"on\" \n\n\t\t\tdata-frames='[{\"delay\":0,\"speed\":300,\"frame\":\"0\",\"from\":\"opacity:0;\",\"to\":\"o:1;\",\"ease\":\"Power3.easeInOut\"},{\"delay\":\"wait\",\"speed\":300,\"frame\":\"999\",\"to\":\"opacity:0;\",\"ease\":\"Power3.easeInOut\"}]'\n\t\t\tdata-textAlign=\"['inherit','inherit','inherit','inherit']\"\n\t\t\tdata-paddingtop=\"[0,0,0,0]\"\n\t\t\tdata-paddingright=\"[0,0,0,0]\"\n\t\t\tdata-paddingbottom=\"[0,0,0,0]\"\n\t\t\tdata-paddingleft=\"[0,0,0,0]\"\n\n\t\t\tstyle=\"z-index: 7;background-color:rgb(183,20,18);\"> <\/div>\n\t<\/li>\n<\/ul>\n<div class=\"tp-bannertimer tp-bottom\" style=\"visibility: hidden !important;\"><\/div>\t<\/div>\n<script>var htmlDiv = document.getElementById(\"rs-plugin-settings-inline-css\"); var htmlDivCss=\"\";\n\t\t\t\tif(htmlDiv) {\n\t\t\t\t\thtmlDiv.innerHTML = htmlDiv.innerHTML + htmlDivCss;\n\t\t\t\t}else{\n\t\t\t\t\tvar htmlDiv = document.createElement(\"div\");\n\t\t\t\t\thtmlDiv.innerHTML = \"<style>\" + htmlDivCss + \"<\/style>\";\n\t\t\t\t\tdocument.getElementsByTagName(\"head\")[0].appendChild(htmlDiv.childNodes[0]);\n\t\t\t\t}\n\t\t\t<\/script>\n\t\t<script type=\"text\/javascript\">\nif (setREVStartSize!==undefined) setREVStartSize(\n\t{c: '#rev_slider_36_2', gridwidth: [2000], gridheight: [369], sliderLayout: 'auto'});\n\t\t\t\nvar revapi36,\n\ttpj;\t\n(function() {\t\t\t\n\tif (!\/loaded|interactive|complete\/.test(document.readyState)) document.addEventListener(\"DOMContentLoaded\",onLoad); else onLoad();\t\n\tfunction onLoad() {\t\t\t\t\n\t\tif (tpj===undefined) { tpj = jQuery; if(\"off\" == \"on\") tpj.noConflict();}\n\tif(tpj(\"#rev_slider_36_2\").revolution == undefined){\n\t\trevslider_showDoubleJqueryError(\"#rev_slider_36_2\");\n\t}else{\n\t\trevapi36 = tpj(\"#rev_slider_36_2\").show().revolution({\n\t\t\tsliderType:\"hero\",\n\t\t\tjsFileLocation:\"\/\/limadentalrgv.com\/wp-content\/plugins\/revslider\/public\/assets\/js\/\",\n\t\t\tsliderLayout:\"auto\",\n\t\t\tdottedOverlay:\"none\",\n\t\t\tdelay:9000,\n\t\t\tvisibilityLevels:[1240,1024,778,480],\n\t\t\tgridwidth:2000,\n\t\t\tgridheight:369,\n\t\t\tlazyType:\"none\",\n\t\t\tparallax: {\n\t\t\t\ttype:\"mouse\",\n\t\t\t\torigo:\"enterpoint\",\n\t\t\t\tspeed:400,\n\t\t\t\tspeedbg:0,\n\t\t\t\tspeedls:0,\n\t\t\t\tlevels:[5,10,15,20,25,30,35,40,45,46,47,48,49,50,51,55],\n\t\t\t},\n\t\t\tshadow:0,\n\t\t\tspinner:\"spinner0\",\n\t\t\tautoHeight:\"off\",\n\t\t\tdisableProgressBar:\"on\",\n\t\t\thideThumbsOnMobile:\"off\",\n\t\t\thideSliderAtLimit:0,\n\t\t\thideCaptionAtLimit:0,\n\t\t\thideAllCaptionAtLilmit:0,\n\t\t\tdebugMode:false,\n\t\t\tfallbacks: {\n\t\t\t\tsimplifyAll:\"off\",\n\t\t\t\tdisableFocusListener:false,\n\t\t\t}\n\t\t});\n\t}; \/* END OF revapi call *\/\n\t\n }; \/* END OF ON LOAD FUNCTION *\/\n}()); \/* END OF WRAPPING FUNCTION *\/\n<\/script>\n\t\t<\/div><!-- END REVOLUTION SLIDER -->\n<div class=\"contenido separa\">\n<div class=\"su-row\"><div class=\"su-column su-column-size-2-3\"><div class=\"su-column-inner su-u-clearfix su-u-trim\">\n<p>Las correcciones dentales est\u00e9ticas y funcionales se pueden implementar hoy en d\u00eda utilizando coronas de cer\u00e1mica.<\/p>\n<p>La corona totalmente cer\u00e1mica representa hoy la excelencia en odontolog\u00eda cosm\u00e9tica y dif\u00edcilmente se puede distinguir de los dientes.<\/p>\n<p>Las coronas de cer\u00e1mica son <strong>reemplazos prot\u00e9sicos<\/strong> que se colocan permanentemente en los dientes preparados o implantes dentales para restaurar la funci\u00f3n y la est\u00e9tica perdidas de los dientes.<\/p>\n<p>Podemos usarlos para restaurar la belleza y la funci\u00f3n de un diente severamente da\u00f1ado en el que el relleno ya no es posible, cuando un diente est\u00e1 debilitado por grandes caries, o en dientes que han sufrido un da\u00f1o significativo como resultado del tratamiento endod\u00f3ntico o deterioro en el reemplazo de pr\u00f3tesis.<\/p>\n<p>Para las personas con dientes torcidos, la afecci\u00f3n se remedia mejor con coronas de cer\u00e1mica. Las coronas se pueden usar para eliminar la decoloraci\u00f3n de los dientes, que se decolora especialmente mediante el tratamiento endod\u00f3ntico.<\/p>\n<p>Debido a que ofrecemos coronas de cer\u00e1mica 100% libres de metal, <strong>graduadas con l\u00e1ser y fresadas por computadora<\/strong>, se garantiza la densidad \u00f3ptima perfecta del borde y la no irritaci\u00f3n de las enc\u00edas. El material es biol\u00f3gicamente neutro, muy bien tolerado por las membranas mucosas y tiene una dureza casi natural, lo que elimina el temor de que se rompan tales coronas.<\/p>\n<p>Adem\u00e1s, el peso es casi id\u00e9ntico al de los dientes naturales, por lo que no sentir\u00e1 que lleva un peso extra en la boca.<\/p>\n<p>Las coronas de cer\u00e1mica pueden imitar perfectamente las propiedades \u00f3pticas de los dientes naturales. Caracter\u00edsticas como <strong>la translucidez, opalescencia, transparencia y fluorescencia<\/strong> se logran completamente con coronas dentales hechas de cer\u00e1mica. Sin embargo, este es el truco: para lograr los resultados deseados, puede contar con la experiencia de nuestro dentista o t\u00e9cnico dental para ayudarlo a elegir la corona adecuada para sus necesidades y su caso.<\/p>\n<\/div><\/div>\n<div class=\"su-column su-column-size-1-3\"><div class=\"su-column-inner su-u-clearfix su-u-trim\">\n<div class=\"services-list-loop\">\n<ul class=\"list-loop\">\n<li><a href=\"https:\/\/limadentalrgv.com\/es\/cosmetic-dentistry\/ceramics-crowns\/\">Coronas de Cer\u00e1micas<\/a><\/li>\n<li><a href=\"https:\/\/limadentalrgv.com\/es\/cosmetic-dentistry\/dental-bleaching\/\">Blanqueamiento Dental<\/a><\/li>\n<li><a href=\"https:\/\/limadentalrgv.com\/es\/cosmetic-dentistry\/dental-bonding\/\">Uni\u00f3n Dental<\/a><\/li>\n<li><a href=\"https:\/\/limadentalrgv.com\/es\/cosmetic-dentistry\/porcelain-laminates\/\">Laminados de Porcelana<\/a><\/li>\n<\/ul>\n<\/div>\n<style>\n\t.services-list-loop ul>li { padding-left: 0px;}\n\t\n\t.services-list-loop ul>li a:link, .services-list-loop ul>li a:visited { padding: 5px 10px; background-color: #eeeeee; color: #000000; display: block; text-decoration: none;}\n\t.services-list-loop ul>li a:hover { background-color: #cccccc; text-decoration: none;}\n\t.services-list-loop ul>li::before { content: ''; display: inherit;}\n<\/style>\n<\/div><\/div>\n<\/div>\n<\/div>","protected":false},"excerpt":{"rendered":"","protected":false},"author":1,"featured_media":694,"parent":96,"menu_order":1,"comment_status":"closed","ping_status":"closed","template":"","meta":{"footnotes":""},"categories":[6],"tags":[],"class_list":["post-362","page","type-page","status-publish","has-post-thumbnail","hentry","category-cosmetic-dentistry"],"aioseo_notices":[],"_links":{"self":[{"href":"https:\/\/limadentalrgv.com\/es\/wp-json\/wp\/v2\/pages\/362","targetHints":{"allow":["GET"]}}],"collection":[{"href":"https:\/\/limadentalrgv.com\/es\/wp-json\/wp\/v2\/pages"}],"about":[{"href":"https:\/\/limadentalrgv.com\/es\/wp-json\/wp\/v2\/types\/page"}],"author":[{"embeddable":true,"href":"https:\/\/limadentalrgv.com\/es\/wp-json\/wp\/v2\/users\/1"}],"replies":[{"embeddable":true,"href":"https:\/\/limadentalrgv.com\/es\/wp-json\/wp\/v2\/comments?post=362"}],"version-history":[{"count":8,"href":"https:\/\/limadentalrgv.com\/es\/wp-json\/wp\/v2\/pages\/362\/revisions"}],"predecessor-version":[{"id":1181,"href":"https:\/\/limadentalrgv.com\/es\/wp-json\/wp\/v2\/pages\/362\/revisions\/1181"}],"up":[{"embeddable":true,"href":"https:\/\/limadentalrgv.com\/es\/wp-json\/wp\/v2\/pages\/96"}],"wp:featuredmedia":[{"embeddable":true,"href":"https:\/\/limadentalrgv.com\/es\/wp-json\/wp\/v2\/media\/694"}],"wp:attachment":[{"href":"https:\/\/limadentalrgv.com\/es\/wp-json\/wp\/v2\/media?parent=362"}],"wp:term":[{"taxonomy":"category","embeddable":true,"href":"https:\/\/limadentalrgv.com\/es\/wp-json\/wp\/v2\/categories?post=362"},{"taxonomy":"post_tag","embeddable":true,"href":"https:\/\/limadentalrgv.com\/es\/wp-json\/wp\/v2\/tags?post=362"}],"curies":[{"name":"wp","href":"https:\/\/api.w.org\/{rel}","templated":true}]}}