{"id":360,"date":"2019-08-09T17:29:58","date_gmt":"2019-08-09T17:29:58","guid":{"rendered":"http:\/\/limadentalrgv.com\/?page_id=360"},"modified":"2019-12-24T17:00:40","modified_gmt":"2019-12-24T17:00:40","slug":"tooth-decay","status":"publish","type":"page","link":"https:\/\/limadentalrgv.com\/es\/diseases-of-the-oral-cavity\/las-caries-dentales\/","title":{"rendered":"Las Caries Dentales"},"content":{"rendered":"<link href=\"https:\/\/fonts.googleapis.com\/css?family=Lato:700%2C400\" rel=\"stylesheet\" property=\"stylesheet\" type=\"text\/css\" media=\"all\">\n<div id=\"rev_slider_44_2_wrapper\" class=\"rev_slider_wrapper fullwidthbanner-container\" data-source=\"gallery\" style=\"margin:0px auto;background:transparent;padding:0px;margin-top:0px;margin-bottom:0px;\">\n<!-- START REVOLUTION SLIDER 5.4.8.1 auto mode -->\n\t<div id=\"rev_slider_44_2\" class=\"rev_slider fullwidthabanner\" style=\"display:none;\" data-version=\"5.4.8.1\">\n<ul>\t<!-- SLIDE  -->\n\t<li data-index=\"rs-44\" data-transition=\"fade\" data-slotamount=\"default\" data-hideafterloop=\"0\" data-hideslideonmobile=\"off\"  data-easein=\"default\" data-easeout=\"default\" data-masterspeed=\"300\"  data-rotate=\"0\"  data-saveperformance=\"off\"  data-title=\"Slide\" data-param1=\"\" data-param2=\"\" data-param3=\"\" data-param4=\"\" data-param5=\"\" data-param6=\"\" data-param7=\"\" data-param8=\"\" data-param9=\"\" data-param10=\"\" data-description=\"\">\n\t\t<!-- MAIN IMAGE -->\n\t\t<img loading=\"lazy\" decoding=\"async\" src=\"https:\/\/limadentalrgv.com\/wp-content\/uploads\/2019\/08\/Tooth-Decay_banner.jpg\"  alt=\"\" title=\"Tooth Decay_banner\"  width=\"2000\" height=\"396\" data-bgposition=\"center center\" data-bgfit=\"cover\" data-bgrepeat=\"no-repeat\" data-bgparallax=\"4\" class=\"rev-slidebg\" data-no-retina>\n\t\t<!-- LAYERS -->\n\n\t\t<!-- LAYER NR. 1 -->\n\t\t<h1 class=\"tp-caption   tp-resizeme\" \n\t\t\t id=\"slide-44-layer-1\" \n\t\t\t data-x=\"center\" data-hoffset=\"-1\" \n\t\t\t data-y=\"center\" data-voffset=\"\" \n\t\t\t\t\t\tdata-width=\"['auto','350']\"\n\t\t\tdata-height=\"['auto','auto']\"\n \n\t\t\tdata-type=\"text\" \n\t\t\tdata-responsive_offset=\"on\" \n\n\t\t\tdata-frames='[{\"delay\":0,\"speed\":300,\"frame\":\"0\",\"from\":\"x:right;skX:-85px;\",\"to\":\"o:1;\",\"ease\":\"Power3.easeInOut\"},{\"delay\":\"wait\",\"speed\":300,\"frame\":\"999\",\"ease\":\"Power3.easeInOut\"}]'\n\t\t\tdata-textAlign=\"['center','center','center','center']\"\n\t\t\tdata-paddingtop=\"[0,0,0,0]\"\n\t\t\tdata-paddingright=\"[0,0,0,0]\"\n\t\t\tdata-paddingbottom=\"[0,0,0,0]\"\n\t\t\tdata-paddingleft=\"[0,0,0,0]\"\n\n\t\t\tstyle=\"z-index: 5; white-space: nowrap; font-size: 60px; line-height: 60px; font-weight: 700; color: #000000; letter-spacing: 0px;font-family:Lato;\">Las Caries Dentales <\/h1>\n\n\t\t<!-- LAYER NR. 2 -->\n\t\t<h1 class=\"tp-caption   tp-resizeme\" \n\t\t\t id=\"slide-44-layer-5\" \n\t\t\t data-x=\"center\" data-hoffset=\"3\" \n\t\t\t data-y=\"center\" data-voffset=\"-47\" \n\t\t\t\t\t\tdata-width=\"['auto','350']\"\n\t\t\tdata-height=\"['auto','auto']\"\n \n\t\t\tdata-type=\"text\" \n\t\t\tdata-responsive_offset=\"on\" \n\n\t\t\tdata-frames='[{\"delay\":0,\"speed\":300,\"frame\":\"0\",\"from\":\"x:left;skX:45px;\",\"to\":\"o:1;\",\"ease\":\"Power3.easeInOut\"},{\"delay\":\"wait\",\"speed\":300,\"frame\":\"999\",\"ease\":\"Power3.easeInOut\"}]'\n\t\t\tdata-textAlign=\"['center','center','center','center']\"\n\t\t\tdata-paddingtop=\"[0,0,0,0]\"\n\t\t\tdata-paddingright=\"[0,0,0,0]\"\n\t\t\tdata-paddingbottom=\"[0,0,0,0]\"\n\t\t\tdata-paddingleft=\"[0,0,0,0]\"\n\n\t\t\tstyle=\"z-index: 6; white-space: nowrap; font-size: 24px; line-height: 32px; font-weight: 400; color: #000000; letter-spacing: 0px;font-family:Lato;\"> <\/h1>\n\n\t\t<!-- LAYER NR. 3 -->\n\t\t<div class=\"tp-caption tp-shape tp-shapewrapper  tp-resizeme\" \n\t\t\t id=\"slide-44-layer-7\" \n\t\t\t data-x=\"center\" data-hoffset=\"\" \n\t\t\t data-y=\"center\" data-voffset=\"65\" \n\t\t\t\t\t\tdata-width=\"['150']\"\n\t\t\tdata-height=\"['3']\"\n \n\t\t\tdata-type=\"shape\" \n\t\t\tdata-responsive_offset=\"on\" \n\n\t\t\tdata-frames='[{\"delay\":0,\"speed\":300,\"frame\":\"0\",\"from\":\"opacity:0;\",\"to\":\"o:1;\",\"ease\":\"Power3.easeInOut\"},{\"delay\":\"wait\",\"speed\":300,\"frame\":\"999\",\"to\":\"opacity:0;\",\"ease\":\"Power3.easeInOut\"}]'\n\t\t\tdata-textAlign=\"['inherit','inherit','inherit','inherit']\"\n\t\t\tdata-paddingtop=\"[0,0,0,0]\"\n\t\t\tdata-paddingright=\"[0,0,0,0]\"\n\t\t\tdata-paddingbottom=\"[0,0,0,0]\"\n\t\t\tdata-paddingleft=\"[0,0,0,0]\"\n\n\t\t\tstyle=\"z-index: 7;background-color:rgb(183,20,18);\"> <\/div>\n\t<\/li>\n<\/ul>\n<div class=\"tp-bannertimer tp-bottom\" style=\"visibility: hidden !important;\"><\/div>\t<\/div>\n<script>var htmlDiv = document.getElementById(\"rs-plugin-settings-inline-css\"); var htmlDivCss=\"\";\n\t\t\t\tif(htmlDiv) {\n\t\t\t\t\thtmlDiv.innerHTML = htmlDiv.innerHTML + htmlDivCss;\n\t\t\t\t}else{\n\t\t\t\t\tvar htmlDiv = document.createElement(\"div\");\n\t\t\t\t\thtmlDiv.innerHTML = \"<style>\" + htmlDivCss + \"<\/style>\";\n\t\t\t\t\tdocument.getElementsByTagName(\"head\")[0].appendChild(htmlDiv.childNodes[0]);\n\t\t\t\t}\n\t\t\t<\/script>\n\t\t<script type=\"text\/javascript\">\nif (setREVStartSize!==undefined) setREVStartSize(\n\t{c: '#rev_slider_44_2', gridwidth: [2000], gridheight: [369], sliderLayout: 'auto'});\n\t\t\t\nvar revapi44,\n\ttpj;\t\n(function() {\t\t\t\n\tif (!\/loaded|interactive|complete\/.test(document.readyState)) document.addEventListener(\"DOMContentLoaded\",onLoad); else onLoad();\t\n\tfunction onLoad() {\t\t\t\t\n\t\tif (tpj===undefined) { tpj = jQuery; if(\"off\" == \"on\") tpj.noConflict();}\n\tif(tpj(\"#rev_slider_44_2\").revolution == undefined){\n\t\trevslider_showDoubleJqueryError(\"#rev_slider_44_2\");\n\t}else{\n\t\trevapi44 = tpj(\"#rev_slider_44_2\").show().revolution({\n\t\t\tsliderType:\"hero\",\n\t\t\tjsFileLocation:\"\/\/limadentalrgv.com\/wp-content\/plugins\/revslider\/public\/assets\/js\/\",\n\t\t\tsliderLayout:\"auto\",\n\t\t\tdottedOverlay:\"none\",\n\t\t\tdelay:9000,\n\t\t\tvisibilityLevels:[1240,1024,778,480],\n\t\t\tgridwidth:2000,\n\t\t\tgridheight:369,\n\t\t\tlazyType:\"none\",\n\t\t\tparallax: {\n\t\t\t\ttype:\"mouse\",\n\t\t\t\torigo:\"enterpoint\",\n\t\t\t\tspeed:400,\n\t\t\t\tspeedbg:0,\n\t\t\t\tspeedls:0,\n\t\t\t\tlevels:[5,10,15,20,25,30,35,40,45,46,47,48,49,50,51,55],\n\t\t\t},\n\t\t\tshadow:0,\n\t\t\tspinner:\"spinner0\",\n\t\t\tautoHeight:\"off\",\n\t\t\tdisableProgressBar:\"on\",\n\t\t\thideThumbsOnMobile:\"off\",\n\t\t\thideSliderAtLimit:0,\n\t\t\thideCaptionAtLimit:0,\n\t\t\thideAllCaptionAtLilmit:0,\n\t\t\tdebugMode:false,\n\t\t\tfallbacks: {\n\t\t\t\tsimplifyAll:\"off\",\n\t\t\t\tdisableFocusListener:false,\n\t\t\t}\n\t\t});\n\t}; \/* END OF revapi call *\/\n\t\n }; \/* END OF ON LOAD FUNCTION *\/\n}()); \/* END OF WRAPPING FUNCTION *\/\n<\/script>\n\t\t<\/div><!-- END REVOLUTION SLIDER -->\n<div class=\"contenido separa\">\n<div class=\"su-row\"><div class=\"su-column su-column-size-2-3\"><div class=\"su-column-inner su-u-clearfix su-u-trim\">\n<p>La caries dental (caries) es la enfermedad dental m\u00e1s com\u00fan en el mundo. Las personas tienden a asociar la caries dental con el dolor de muelas y el infame \u00abagujero en el diente\u00bb. Pero la caries dental es mucho m\u00e1s que eso: si no se trata, puede amenazar todo el cuerpo<\/p>\n<p><strong>Causas de la caries dental<\/strong><\/p>\n<p>La caries dental es un da\u00f1o local o p\u00e9rdida de material dental (esmalte, cemento de ra\u00edz de dentina). Es un tipo de da\u00f1o causado por actividades bacterianas en la placa dental presente en la superficie del diente.<\/p>\n<p>Las bacterias que se encuentran en la placa dental descomponen los az\u00facares en \u00e1cido. El esmalte, la dentina expuesta a este \u00e1cido conduce a la desmineralizaci\u00f3n (descalcificaci\u00f3n) y puede provocar lesiones irreversibles (agujeros o caries) y, en consecuencia, dolor de muelas. Si la caries no se trata a tiempo, la inflamaci\u00f3n puede extenderse a la mand\u00edbula, los dientes y las enc\u00edas adyacentes.<\/p>\n<p>La caries dental es un trastorno multifactorial y complejo en el que intervienen muchos factores simult\u00e1neamente (es decir, dientes, bacterias, nutrientes y tiempo).<\/p>\n<p>Aunque, en \u00faltima instancia, las bacterias son responsables del desarrollo de la caries dental, pero solo si les permitimos hacerlo al cepillarnos los dientes de manera insuficiente. Esto ilustra la importancia de la higiene bucal y el cuidado dental preventivo, as\u00ed como la limpieza profesional de los dientes por parte del dentista, que elimina la placa y el sarro.<\/p>\n<p><strong>S\u00edntomas<\/strong><\/p>\n<p>La caries dental comienza discretamente e inicialmente no causa dolor, por lo que a menudo se pasa por alto en las etapas iniciales. Ocasionalmente, aparecen manchas blancas (manchas blancas) en las superficies de los dientes, lo que indica la descalcificaci\u00f3n de la capa de esmalte. La superficie del diente duro se vuelve porosa en este punto y se vuelve marr\u00f3n con el tiempo. Con una higiene oral deficiente, la desmineralizaci\u00f3n progresa y se forman peque\u00f1os orificios a partir de los cuales las bacterias causantes de penetraci\u00f3n pueden penetrar.<\/p>\n<p>Tan pronto como se forma un agujero, puede ocurrir dolor, ya que los agentes pat\u00f3genos de la caries generalmente atacan los nervios de los dientes en la pulpa en esta etapa.<\/p>\n<p>La sensibilidad de los dientes a las comidas o bebidas calientes, fr\u00edas y dulces tambi\u00e9n son s\u00edntomas asociados con la caries dental.<\/p>\n<p><strong>Tratamiento de caries<\/strong><\/p>\n<p>Si no hay agujeros en la capa de esmalte, la limpieza dental profesional y la remineralizaci\u00f3n de las \u00e1reas blancas descalcificadas pueden ser exitosas.<\/p>\n<p>Si el esmalte se ha da\u00f1ado o ya se han formado agujeros, es necesario perforar las \u00e1reas de los dientes afectados para eliminar el foco de la enfermedad y la inflamaci\u00f3n. El dentista limpia y desinfecta el orificio resultante y luego llena la cavidad con un material de relleno compuesto.<\/p>\n<p>Si el proceso carioso ya ha penetrado hasta la profundidad de la ra\u00edz del diente, se deber\u00eda instituir un tratamiento de conducto.<\/p>\n<p>A veces, la destrucci\u00f3n de la sustancia dental ha progresado tanto que la estabilidad dental no se puede restaurar incluso con un relleno. Si ese es el caso, se utilizan inlays, onlays o una corona, que reemplazan una parte del diente.<\/p>\n<p>Si la caries dental no se trata, las bacterias contin\u00faan el proceso destructivo que puede extenderse a la mand\u00edbula y provocar dolor e inflamaci\u00f3n graves. Luego existe el peligro de que los pat\u00f3genos puedan llegar al torrente sangu\u00edneo y extenderse a otros \u00f3rganos, por lo que es imperativo que vea a su dentista de inmediato.<\/p>\n<\/div><\/div>\n<div class=\"su-column su-column-size-1-3\"><div class=\"su-column-inner su-u-clearfix su-u-trim\">\n<div class=\"services-list-loop\">\n<ul class=\"list-loop\">\n<li><a href=\"https:\/\/limadentalrgv.com\/es\/diseases-of-the-oral-cavity\/malocclusion\/\">Malocclusi\u00f3n<\/a><\/li>\n<li><a href=\"https:\/\/limadentalrgv.com\/es\/diseases-of-the-oral-cavity\/cancer-oral\/\">C\u00e1ncer Oral<\/a><\/li>\n<li><a href=\"https:\/\/limadentalrgv.com\/es\/diseases-of-the-oral-cavity\/enfermedad-periodontal-enfermedad-de-las-encias\/\">Enfermedad Periodontal (enfermedad de las enc\u00edas)<\/a><\/li>\n<li><a href=\"https:\/\/limadentalrgv.com\/es\/diseases-of-the-oral-cavity\/tmj-disorders\/\">Articulaci\u00f3n Temporomandibular<\/a><\/li>\n<li><a href=\"https:\/\/limadentalrgv.com\/es\/diseases-of-the-oral-cavity\/las-caries-dentales\/\">Las Caries Dentales<\/a><\/li>\n<\/ul>\n<\/div>\n<style>\n\t.services-list-loop ul>li { padding-left: 0px;}\n\t\n\t.services-list-loop ul>li a:link, .services-list-loop ul>li a:visited { padding: 5px 10px; background-color: #eeeeee; color: #000000; display: block; text-decoration: none;}\n\t.services-list-loop ul>li a:hover { background-color: #cccccc; text-decoration: none;}\n\t.services-list-loop ul>li::before { content: ''; display: inherit;}\n<\/style>\n<\/div><\/div>\n<\/div>\n<\/div>","protected":false},"excerpt":{"rendered":"","protected":false},"author":1,"featured_media":730,"parent":88,"menu_order":5,"comment_status":"closed","ping_status":"closed","template":"","meta":{"footnotes":""},"categories":[5],"tags":[],"class_list":["post-360","page","type-page","status-publish","has-post-thumbnail","hentry","category-diseases-of-the-oral-cavity"],"aioseo_notices":[],"_links":{"self":[{"href":"https:\/\/limadentalrgv.com\/es\/wp-json\/wp\/v2\/pages\/360","targetHints":{"allow":["GET"]}}],"collection":[{"href":"https:\/\/limadentalrgv.com\/es\/wp-json\/wp\/v2\/pages"}],"about":[{"href":"https:\/\/limadentalrgv.com\/es\/wp-json\/wp\/v2\/types\/page"}],"author":[{"embeddable":true,"href":"https:\/\/limadentalrgv.com\/es\/wp-json\/wp\/v2\/users\/1"}],"replies":[{"embeddable":true,"href":"https:\/\/limadentalrgv.com\/es\/wp-json\/wp\/v2\/comments?post=360"}],"version-history":[{"count":5,"href":"https:\/\/limadentalrgv.com\/es\/wp-json\/wp\/v2\/pages\/360\/revisions"}],"predecessor-version":[{"id":1282,"href":"https:\/\/limadentalrgv.com\/es\/wp-json\/wp\/v2\/pages\/360\/revisions\/1282"}],"up":[{"embeddable":true,"href":"https:\/\/limadentalrgv.com\/es\/wp-json\/wp\/v2\/pages\/88"}],"wp:featuredmedia":[{"embeddable":true,"href":"https:\/\/limadentalrgv.com\/es\/wp-json\/wp\/v2\/media\/730"}],"wp:attachment":[{"href":"https:\/\/limadentalrgv.com\/es\/wp-json\/wp\/v2\/media?parent=360"}],"wp:term":[{"taxonomy":"category","embeddable":true,"href":"https:\/\/limadentalrgv.com\/es\/wp-json\/wp\/v2\/categories?post=360"},{"taxonomy":"post_tag","embeddable":true,"href":"https:\/\/limadentalrgv.com\/es\/wp-json\/wp\/v2\/tags?post=360"}],"curies":[{"name":"wp","href":"https:\/\/api.w.org\/{rel}","templated":true}]}}