{"id":344,"date":"2019-08-09T16:46:50","date_gmt":"2019-08-09T16:46:50","guid":{"rendered":"http:\/\/limadentalrgv.com\/?page_id=344"},"modified":"2019-12-17T16:11:09","modified_gmt":"2019-12-17T16:11:09","slug":"malocclusion","status":"publish","type":"page","link":"https:\/\/limadentalrgv.com\/es\/diseases-of-the-oral-cavity\/malocclusion\/","title":{"rendered":"Malocclusi\u00f3n"},"content":{"rendered":"<div class=\"contenido separa\">\n<div class=\"su-row\"><div class=\"su-column su-column-size-2-3\"><div class=\"su-column-inner su-u-clearfix su-u-trim\">\n<h1 class=\"centrado\">Malocclusion<\/h1>\n<p>Las filas de dientes superior e inferior deben encajar bien cuando cierra la boca normalmente. Sin embargo, si ya no puede juntar los dientes y, por lo tanto, no le quedan bien, se puede decir que tiene una maloclusi\u00f3n dental. A menudo, esto causa tensi\u00f3n adicional en la articulaci\u00f3n de la mand\u00edbula y puede causar dolor en la mand\u00edbula y \/ o la cara.<\/p>\n<p>La causa de la maloclusi\u00f3n de los dientes difiere: los factores gen\u00e9ticos juegan un papel importante, pero los accidentes con lesiones faciales, problemas respiratorios y la succi\u00f3n persistente del pulgar tambi\u00e9n pueden desempe\u00f1ar un papel importante en el desarrollo de la afecci\u00f3n.<\/p>\n<p>Existen diferentes tipos de maloclusi\u00f3n:<\/p>\n<ul>\n<li>Disto-oclusi\u00f3n: los dientes de la mand\u00edbula inferior est\u00e1n mucho m\u00e1s atr\u00e1s que de costumbre. Las personas con disto-oclusi\u00f3n a menudo se inclinan a colocar el labio inferior detr\u00e1s de los dientes frontales.<\/li>\n<li>Maloclusi\u00f3n de \u00e1ngulo clase III: la fila inferior de dientes se coloca hacia adelante. Esto causa principalmente problemas con los m\u00fasculos de la mordida.<\/li>\n<li>Mordida profunda traum\u00e1tica: los dientes inferiores se mueven hacia atr\u00e1s de tal manera que entran en contacto con el paladar. Esto puede causar dolor y heridas abiertas en el paladar y dolor al masticar.<\/li>\n<li>Mordida cruzada lateral y anterior: esto incluye 1 o m\u00e1s de los dientes superiores dentro de la fila inferior de dientes. Esto no solo interrumpe los movimientos regulares de la mordida, sino que tambi\u00e9n puede causar anormalidades en el desarrollo de las articulaciones de la mand\u00edbula con el tiempo.<\/li>\n<li>Mordida abierta: solo los dientes molares todav\u00eda tienen contacto entre s\u00ed. No hay contacto de las filas superior e inferior de los dientes frontales. Una mordida abierta a menudo es el resultado de la succi\u00f3n permanente del pulgar o el dedo.<\/li>\n<li>El crecimiento asim\u00e9trico suele ser el resultado de un trauma. Ambas mitades de la mand\u00edbula a veces se desarrollan de manera desigual.<\/li>\n<\/ul>\n<p>La maloclusi\u00f3n puede provocar m\u00e1s problemas. Estos problemas pueden incluir dificultad para dormir, trastornos del habla y artritis reumatoide de la articulaci\u00f3n de la mand\u00edbula, etc.<\/p>\n<p>Ciertamente, con los ni\u00f1os y los j\u00f3venes, es esencial que un dentista realice un control bucal con regularidad para que puedan detectar el problema temprano y luego derivarlo a un ortodoncista para un tratamiento r\u00e1pido y m\u00e1s c\u00f3modo.<\/p>\n<p>El tratamiento de los dientes mal ocluidos lo realiza un dentista especialmente capacitado: el ortodoncista. Se verifica el crecimiento de los dientes y el desarrollo de la mordida, y luego la anomal\u00eda se corrige con dispositivos ortod\u00f3ncicos auxiliares, cirug\u00eda (en casos severos), fisioterapia, modificaci\u00f3n del comportamiento, etc.<\/p>\n<\/div><\/div>\n<div class=\"su-column su-column-size-1-3\"><div class=\"su-column-inner su-u-clearfix su-u-trim\">\n<div class=\"services-list-loop\">\n<ul class=\"list-loop\">\n<li><a href=\"https:\/\/limadentalrgv.com\/es\/diseases-of-the-oral-cavity\/malocclusion\/\">Malocclusi\u00f3n<\/a><\/li>\n<li><a href=\"https:\/\/limadentalrgv.com\/es\/diseases-of-the-oral-cavity\/cancer-oral\/\">C\u00e1ncer Oral<\/a><\/li>\n<li><a href=\"https:\/\/limadentalrgv.com\/es\/diseases-of-the-oral-cavity\/enfermedad-periodontal-enfermedad-de-las-encias\/\">Enfermedad Periodontal (enfermedad de las enc\u00edas)<\/a><\/li>\n<li><a href=\"https:\/\/limadentalrgv.com\/es\/diseases-of-the-oral-cavity\/tmj-disorders\/\">Articulaci\u00f3n Temporomandibular<\/a><\/li>\n<li><a href=\"https:\/\/limadentalrgv.com\/es\/diseases-of-the-oral-cavity\/las-caries-dentales\/\">Las Caries Dentales<\/a><\/li>\n<\/ul>\n<\/div>\n<style>\n\t.services-list-loop ul>li { padding-left: 0px;}\n\t\n\t.services-list-loop ul>li a:link, .services-list-loop ul>li a:visited { padding: 5px 10px; background-color: #eeeeee; color: #000000; display: block; text-decoration: none;}\n\t.services-list-loop ul>li a:hover { background-color: #cccccc; text-decoration: none;}\n\t.services-list-loop ul>li::before { content: ''; display: inherit;}\n<\/style>\n<\/div><\/div>\n<\/div>\n<\/div>","protected":false},"excerpt":{"rendered":"","protected":false},"author":1,"featured_media":711,"parent":88,"menu_order":1,"comment_status":"closed","ping_status":"closed","template":"","meta":{"footnotes":""},"categories":[5],"tags":[],"class_list":["post-344","page","type-page","status-publish","has-post-thumbnail","hentry","category-diseases-of-the-oral-cavity"],"aioseo_notices":[],"_links":{"self":[{"href":"https:\/\/limadentalrgv.com\/es\/wp-json\/wp\/v2\/pages\/344","targetHints":{"allow":["GET"]}}],"collection":[{"href":"https:\/\/limadentalrgv.com\/es\/wp-json\/wp\/v2\/pages"}],"about":[{"href":"https:\/\/limadentalrgv.com\/es\/wp-json\/wp\/v2\/types\/page"}],"author":[{"embeddable":true,"href":"https:\/\/limadentalrgv.com\/es\/wp-json\/wp\/v2\/users\/1"}],"replies":[{"embeddable":true,"href":"https:\/\/limadentalrgv.com\/es\/wp-json\/wp\/v2\/comments?post=344"}],"version-history":[{"count":10,"href":"https:\/\/limadentalrgv.com\/es\/wp-json\/wp\/v2\/pages\/344\/revisions"}],"predecessor-version":[{"id":1193,"href":"https:\/\/limadentalrgv.com\/es\/wp-json\/wp\/v2\/pages\/344\/revisions\/1193"}],"up":[{"embeddable":true,"href":"https:\/\/limadentalrgv.com\/es\/wp-json\/wp\/v2\/pages\/88"}],"wp:featuredmedia":[{"embeddable":true,"href":"https:\/\/limadentalrgv.com\/es\/wp-json\/wp\/v2\/media\/711"}],"wp:attachment":[{"href":"https:\/\/limadentalrgv.com\/es\/wp-json\/wp\/v2\/media?parent=344"}],"wp:term":[{"taxonomy":"category","embeddable":true,"href":"https:\/\/limadentalrgv.com\/es\/wp-json\/wp\/v2\/categories?post=344"},{"taxonomy":"post_tag","embeddable":true,"href":"https:\/\/limadentalrgv.com\/es\/wp-json\/wp\/v2\/tags?post=344"}],"curies":[{"name":"wp","href":"https:\/\/api.w.org\/{rel}","templated":true}]}}