{"id":204,"date":"2019-08-01T21:34:47","date_gmt":"2019-08-01T21:34:47","guid":{"rendered":"http:\/\/limadentalrgv.com\/?page_id=204"},"modified":"2019-12-19T20:42:32","modified_gmt":"2019-12-19T20:42:32","slug":"our-goal","status":"publish","type":"page","link":"https:\/\/limadentalrgv.com\/es\/new-patients\/our-goal\/","title":{"rendered":"Nuestras Meta"},"content":{"rendered":"<link href=\"https:\/\/fonts.googleapis.com\/css?family=Lato:700%2C400\" rel=\"stylesheet\" property=\"stylesheet\" type=\"text\/css\" media=\"all\">\n<div id=\"rev_slider_32_2_wrapper\" class=\"rev_slider_wrapper fullwidthbanner-container\" data-source=\"gallery\" style=\"margin:0px auto;background:transparent;padding:0px;margin-top:0px;margin-bottom:0px;\">\n<!-- START REVOLUTION SLIDER 5.4.8.1 auto mode -->\n\t<div id=\"rev_slider_32_2\" class=\"rev_slider fullwidthabanner\" style=\"display:none;\" data-version=\"5.4.8.1\">\n<ul>\t<!-- SLIDE  -->\n\t<li data-index=\"rs-32\" data-transition=\"fade\" data-slotamount=\"default\" data-hideafterloop=\"0\" data-hideslideonmobile=\"off\"  data-easein=\"default\" data-easeout=\"default\" data-masterspeed=\"300\"  data-rotate=\"0\"  data-saveperformance=\"off\"  data-title=\"Slide\" data-param1=\"\" data-param2=\"\" data-param3=\"\" data-param4=\"\" data-param5=\"\" data-param6=\"\" data-param7=\"\" data-param8=\"\" data-param9=\"\" data-param10=\"\" data-description=\"\">\n\t\t<!-- MAIN IMAGE -->\n\t\t<img loading=\"lazy\" decoding=\"async\" src=\"https:\/\/limadentalrgv.com\/wp-content\/uploads\/2019\/08\/Our-goal_banner.png\"  alt=\"\" title=\"Our goal_banner\"  width=\"2000\" height=\"396\" data-bgposition=\"center center\" data-bgfit=\"cover\" data-bgrepeat=\"no-repeat\" data-bgparallax=\"4\" class=\"rev-slidebg\" data-no-retina>\n\t\t<!-- LAYERS -->\n\n\t\t<!-- LAYER NR. 1 -->\n\t\t<h1 class=\"tp-caption   tp-resizeme\" \n\t\t\t id=\"slide-32-layer-1\" \n\t\t\t data-x=\"center\" data-hoffset=\"-1\" \n\t\t\t data-y=\"center\" data-voffset=\"\" \n\t\t\t\t\t\tdata-width=\"['auto','350']\"\n\t\t\tdata-height=\"['auto','auto']\"\n \n\t\t\tdata-type=\"text\" \n\t\t\tdata-responsive_offset=\"on\" \n\n\t\t\tdata-frames='[{\"delay\":10,\"speed\":300,\"frame\":\"0\",\"from\":\"x:right;skX:-85px;\",\"to\":\"o:1;\",\"ease\":\"Power3.easeInOut\"},{\"delay\":\"wait\",\"speed\":300,\"frame\":\"999\",\"ease\":\"Power3.easeInOut\"}]'\n\t\t\tdata-textAlign=\"['center','center','center','center']\"\n\t\t\tdata-paddingtop=\"[0,0,0,0]\"\n\t\t\tdata-paddingright=\"[0,0,0,0]\"\n\t\t\tdata-paddingbottom=\"[0,0,0,0]\"\n\t\t\tdata-paddingleft=\"[0,0,0,0]\"\n\n\t\t\tstyle=\"z-index: 5; white-space: nowrap; font-size: 60px; line-height: 60px; font-weight: 700; color: #000000; letter-spacing: 0px;font-family:Lato;\">Nuestras Metas <\/h1>\n\n\t\t<!-- LAYER NR. 2 -->\n\t\t<h1 class=\"tp-caption   tp-resizeme\" \n\t\t\t id=\"slide-32-layer-5\" \n\t\t\t data-x=\"center\" data-hoffset=\"3\" \n\t\t\t data-y=\"center\" data-voffset=\"-47\" \n\t\t\t\t\t\tdata-width=\"['auto','350']\"\n\t\t\tdata-height=\"['auto','auto']\"\n \n\t\t\tdata-type=\"text\" \n\t\t\tdata-responsive_offset=\"on\" \n\n\t\t\tdata-frames='[{\"delay\":10,\"speed\":300,\"frame\":\"0\",\"from\":\"x:left;skX:45px;\",\"to\":\"o:1;\",\"ease\":\"Power3.easeInOut\"},{\"delay\":\"wait\",\"speed\":300,\"frame\":\"999\",\"ease\":\"Power3.easeInOut\"}]'\n\t\t\tdata-textAlign=\"['center','center','center','center']\"\n\t\t\tdata-paddingtop=\"[0,0,0,0]\"\n\t\t\tdata-paddingright=\"[0,0,0,0]\"\n\t\t\tdata-paddingbottom=\"[0,0,0,0]\"\n\t\t\tdata-paddingleft=\"[0,0,0,0]\"\n\n\t\t\tstyle=\"z-index: 6; white-space: nowrap; font-size: 24px; line-height: 32px; font-weight: 400; color: #000000; letter-spacing: 0px;font-family:Lato;\"> <\/h1>\n\n\t\t<!-- LAYER NR. 3 -->\n\t\t<div class=\"tp-caption tp-shape tp-shapewrapper  tp-resizeme\" \n\t\t\t id=\"slide-32-layer-7\" \n\t\t\t data-x=\"center\" data-hoffset=\"\" \n\t\t\t data-y=\"center\" data-voffset=\"65\" \n\t\t\t\t\t\tdata-width=\"['150']\"\n\t\t\tdata-height=\"['3']\"\n \n\t\t\tdata-type=\"shape\" \n\t\t\tdata-responsive_offset=\"on\" \n\n\t\t\tdata-frames='[{\"delay\":10,\"speed\":300,\"frame\":\"0\",\"from\":\"opacity:0;\",\"to\":\"o:1;\",\"ease\":\"Power3.easeInOut\"},{\"delay\":\"wait\",\"speed\":300,\"frame\":\"999\",\"to\":\"opacity:0;\",\"ease\":\"Power3.easeInOut\"}]'\n\t\t\tdata-textAlign=\"['inherit','inherit','inherit','inherit']\"\n\t\t\tdata-paddingtop=\"[0,0,0,0]\"\n\t\t\tdata-paddingright=\"[0,0,0,0]\"\n\t\t\tdata-paddingbottom=\"[0,0,0,0]\"\n\t\t\tdata-paddingleft=\"[0,0,0,0]\"\n\n\t\t\tstyle=\"z-index: 7;background-color:rgb(183,20,18);\"> <\/div>\n\t<\/li>\n<\/ul>\n<div class=\"tp-bannertimer tp-bottom\" style=\"visibility: hidden !important;\"><\/div>\t<\/div>\n<script>var htmlDiv = document.getElementById(\"rs-plugin-settings-inline-css\"); var htmlDivCss=\"\";\n\t\t\t\tif(htmlDiv) {\n\t\t\t\t\thtmlDiv.innerHTML = htmlDiv.innerHTML + htmlDivCss;\n\t\t\t\t}else{\n\t\t\t\t\tvar htmlDiv = document.createElement(\"div\");\n\t\t\t\t\thtmlDiv.innerHTML = \"<style>\" + htmlDivCss + \"<\/style>\";\n\t\t\t\t\tdocument.getElementsByTagName(\"head\")[0].appendChild(htmlDiv.childNodes[0]);\n\t\t\t\t}\n\t\t\t<\/script>\n\t\t<script type=\"text\/javascript\">\nif (setREVStartSize!==undefined) setREVStartSize(\n\t{c: '#rev_slider_32_2', gridwidth: [2000], gridheight: [369], sliderLayout: 'auto'});\n\t\t\t\nvar revapi32,\n\ttpj;\t\n(function() {\t\t\t\n\tif (!\/loaded|interactive|complete\/.test(document.readyState)) document.addEventListener(\"DOMContentLoaded\",onLoad); else onLoad();\t\n\tfunction onLoad() {\t\t\t\t\n\t\tif (tpj===undefined) { tpj = jQuery; if(\"off\" == \"on\") tpj.noConflict();}\n\tif(tpj(\"#rev_slider_32_2\").revolution == undefined){\n\t\trevslider_showDoubleJqueryError(\"#rev_slider_32_2\");\n\t}else{\n\t\trevapi32 = tpj(\"#rev_slider_32_2\").show().revolution({\n\t\t\tsliderType:\"hero\",\n\t\t\tjsFileLocation:\"\/\/limadentalrgv.com\/wp-content\/plugins\/revslider\/public\/assets\/js\/\",\n\t\t\tsliderLayout:\"auto\",\n\t\t\tdottedOverlay:\"none\",\n\t\t\tdelay:9000,\n\t\t\tvisibilityLevels:[1240,1024,778,480],\n\t\t\tgridwidth:2000,\n\t\t\tgridheight:369,\n\t\t\tlazyType:\"none\",\n\t\t\tparallax: {\n\t\t\t\ttype:\"mouse\",\n\t\t\t\torigo:\"enterpoint\",\n\t\t\t\tspeed:400,\n\t\t\t\tspeedbg:0,\n\t\t\t\tspeedls:0,\n\t\t\t\tlevels:[5,10,15,20,25,30,35,40,45,46,47,48,49,50,51,55],\n\t\t\t},\n\t\t\tshadow:0,\n\t\t\tspinner:\"spinner0\",\n\t\t\tautoHeight:\"off\",\n\t\t\tdisableProgressBar:\"on\",\n\t\t\thideThumbsOnMobile:\"off\",\n\t\t\thideSliderAtLimit:0,\n\t\t\thideCaptionAtLimit:0,\n\t\t\thideAllCaptionAtLilmit:0,\n\t\t\tdebugMode:false,\n\t\t\tfallbacks: {\n\t\t\t\tsimplifyAll:\"off\",\n\t\t\t\tdisableFocusListener:false,\n\t\t\t}\n\t\t});\n\t}; \/* END OF revapi call *\/\n\t\n }; \/* END OF ON LOAD FUNCTION *\/\n}()); \/* END OF WRAPPING FUNCTION *\/\n<\/script>\n\t\t<\/div><!-- END REVOLUTION SLIDER -->\n<div class=\"contenido separa\"><div class=\"su-row\"><div class=\"su-column su-column-size-2-3\"><div class=\"su-column-inner su-u-clearfix su-u-trim\">\nNos vemos como su socio en el camino hacia el objetivo com\u00fan: dientes sanos y hermosos, si es posible para toda la vida. Para lograr esto, perseguimos los siguientes objetivos:<\/p>\n<p><strong>Odontolog\u00eda de alta calidad:<\/strong> Logramos esto a trav\u00e9s de nuestras calificaciones, experiencia, gesti\u00f3n de calidad y capacitaci\u00f3n continua.<\/p>\n<p><strong>Servicio incre\u00edblemente personalizado:<\/strong> sus deseos y necesidades son el centro de nuestro tratamiento. Por lo tanto, nos tomamos mucho tiempo para un diagn\u00f3stico exacto, una consulta detallada y una planificaci\u00f3n personalizada de su programa de prevenci\u00f3n o tratamiento. Nos gustar\u00eda cuidarlo no solo m\u00e9dicamente, sino que queremos que se sienta completamente c\u00f3modo y disfrute cada momento que venga a nosotros. Nuestro equipo amigable y competente siempre est\u00e1 disponible para todas las preguntas sobre su salud bucal.<\/p>\n<p><strong>Funci\u00f3n y est\u00e9tica sobresalientes:<\/strong> en la reparaci\u00f3n o reemplazo de dientes, otorgamos gran importancia a una ejecuci\u00f3n de alta calidad en funci\u00f3n y est\u00e9tica natural, \u00a1porque se trata de ayudarlo a lograr una vida de calidad!<\/p>\n<p><strong>Atenci\u00f3n y prevenci\u00f3n de la salud oral:<\/strong> en lugar de reparar la medicina, nuestra pr\u00e1ctica es sin\u00f3nimo de salud oral completa, que tiene como objetivo mantener los dientes sanos a largo plazo y evitar enfermedades desde el principio, preservando su salud oral y promoviendo la prevenci\u00f3n de enfermedades dentales. .<\/p>\n<p><strong>Su comodidad y satisfacci\u00f3n:<\/strong> nos gusta trabajar sin estr\u00e9s y no nos gusta que espere. Si\u00e9ntete bien y seguro en un ambiente agradable y amigable. Nuestras acogedoras y atractivas salas de pr\u00e1ctica y un equipo amable y competente le ofrecen la m\u00e1xima comodidad y un servicio \u00f3ptimo.<\/p>\n<p>Para m\u00e1s informaci\u00f3n o una consulta individual, siempre estamos a su disposici\u00f3n. \u00a1P\u00f3ngase en contacto ahora!<\/p>\n<\/div><\/div>\n<div class=\"su-column su-column-size-1-3\"><div class=\"su-column-inner su-u-clearfix su-u-trim\">\n<div class=\"services-list-loop\">\n<ul class=\"list-loop\">\n<li><a href=\"https:\/\/limadentalrgv.com\/es\/new-patients\/oral-health-care-and-prevention\/\">Cuidado de la Salud Oral y Prevenci\u00f3n<\/a><\/li>\n<li><a href=\"https:\/\/limadentalrgv.com\/es\/new-patients\/our-goal\/\">Nuestras Meta<\/a><\/li>\n<li><a href=\"https:\/\/limadentalrgv.com\/es\/new-patients\/what-to-expect\/\">Qu\u00e9 Esperar<\/a><\/li>\n<li><a href=\"https:\/\/limadentalrgv.com\/es\/new-patients\/payment-options\/\">Opciones de Pago<\/a><\/li>\n<\/ul>\n<\/div>\n<style>\n\t.services-list-loop ul>li { padding-left: 0px;}\n\t\n\t.services-list-loop ul>li a:link, .services-list-loop ul>li a:visited { padding: 5px 10px; background-color: #eeeeee; color: #000000; display: block; text-decoration: none;}\n\t.services-list-loop ul>li a:hover { background-color: #cccccc; text-decoration: none;}\n\t.services-list-loop ul>li::before { content: ''; display: inherit;}\n<\/style>\n<\/div><\/div>\n<\/div>\n<\/div>","protected":false},"excerpt":{"rendered":"","protected":false},"author":1,"featured_media":716,"parent":12,"menu_order":0,"comment_status":"closed","ping_status":"closed","template":"","meta":{"footnotes":""},"categories":[1],"tags":[],"class_list":["post-204","page","type-page","status-publish","has-post-thumbnail","hentry","category-new-patients"],"aioseo_notices":[],"_links":{"self":[{"href":"https:\/\/limadentalrgv.com\/es\/wp-json\/wp\/v2\/pages\/204","targetHints":{"allow":["GET"]}}],"collection":[{"href":"https:\/\/limadentalrgv.com\/es\/wp-json\/wp\/v2\/pages"}],"about":[{"href":"https:\/\/limadentalrgv.com\/es\/wp-json\/wp\/v2\/types\/page"}],"author":[{"embeddable":true,"href":"https:\/\/limadentalrgv.com\/es\/wp-json\/wp\/v2\/users\/1"}],"replies":[{"embeddable":true,"href":"https:\/\/limadentalrgv.com\/es\/wp-json\/wp\/v2\/comments?post=204"}],"version-history":[{"count":7,"href":"https:\/\/limadentalrgv.com\/es\/wp-json\/wp\/v2\/pages\/204\/revisions"}],"predecessor-version":[{"id":1226,"href":"https:\/\/limadentalrgv.com\/es\/wp-json\/wp\/v2\/pages\/204\/revisions\/1226"}],"up":[{"embeddable":true,"href":"https:\/\/limadentalrgv.com\/es\/wp-json\/wp\/v2\/pages\/12"}],"wp:featuredmedia":[{"embeddable":true,"href":"https:\/\/limadentalrgv.com\/es\/wp-json\/wp\/v2\/media\/716"}],"wp:attachment":[{"href":"https:\/\/limadentalrgv.com\/es\/wp-json\/wp\/v2\/media?parent=204"}],"wp:term":[{"taxonomy":"category","embeddable":true,"href":"https:\/\/limadentalrgv.com\/es\/wp-json\/wp\/v2\/categories?post=204"},{"taxonomy":"post_tag","embeddable":true,"href":"https:\/\/limadentalrgv.com\/es\/wp-json\/wp\/v2\/tags?post=204"}],"curies":[{"name":"wp","href":"https:\/\/api.w.org\/{rel}","templated":true}]}}