{"id":178,"date":"2019-08-01T17:45:53","date_gmt":"2019-08-01T17:45:53","guid":{"rendered":"http:\/\/limadentalrgv.com\/?page_id=178"},"modified":"2019-12-20T17:30:39","modified_gmt":"2019-12-20T17:30:39","slug":"pediatric-dental-care","status":"publish","type":"page","link":"https:\/\/limadentalrgv.com\/es\/services\/pediatric-dental-care\/","title":{"rendered":"Cuidado Dental Pedi\u00e1trico"},"content":{"rendered":"<link href=\"https:\/\/fonts.googleapis.com\/css?family=Lato:700%2C400\" rel=\"stylesheet\" property=\"stylesheet\" type=\"text\/css\" media=\"all\">\n<div id=\"rev_slider_21_2_wrapper\" class=\"rev_slider_wrapper fullwidthbanner-container\" data-source=\"gallery\" style=\"margin:0px auto;background:transparent;padding:0px;margin-top:0px;margin-bottom:0px;\">\n<!-- START REVOLUTION SLIDER 5.4.8.1 auto mode -->\n\t<div id=\"rev_slider_21_2\" class=\"rev_slider fullwidthabanner\" style=\"display:none;\" data-version=\"5.4.8.1\">\n<ul>\t<!-- SLIDE  -->\n\t<li data-index=\"rs-21\" data-transition=\"fade\" data-slotamount=\"default\" data-hideafterloop=\"0\" data-hideslideonmobile=\"off\"  data-easein=\"default\" data-easeout=\"default\" data-masterspeed=\"300\"  data-rotate=\"0\"  data-saveperformance=\"off\"  data-title=\"Slide\" data-param1=\"\" data-param2=\"\" data-param3=\"\" data-param4=\"\" data-param5=\"\" data-param6=\"\" data-param7=\"\" data-param8=\"\" data-param9=\"\" data-param10=\"\" data-description=\"\">\n\t\t<!-- MAIN IMAGE -->\n\t\t<img loading=\"lazy\" decoding=\"async\" src=\"https:\/\/limadentalrgv.com\/wp-content\/uploads\/2019\/08\/Pediatric-Dental-Care_banner.jpg\"  alt=\"\" title=\"Pediatric Dental Care_banner\"  width=\"2000\" height=\"396\" data-bgposition=\"center center\" data-bgfit=\"cover\" data-bgrepeat=\"no-repeat\" data-bgparallax=\"4\" class=\"rev-slidebg\" data-no-retina>\n\t\t<!-- LAYERS -->\n\n\t\t<!-- LAYER NR. 1 -->\n\t\t<h1 class=\"tp-caption   tp-resizeme\" \n\t\t\t id=\"slide-21-layer-1\" \n\t\t\t data-x=\"center\" data-hoffset=\"-1\" \n\t\t\t data-y=\"center\" data-voffset=\"\" \n\t\t\t\t\t\tdata-width=\"['auto','350']\"\n\t\t\tdata-height=\"['auto','auto']\"\n \n\t\t\tdata-type=\"text\" \n\t\t\tdata-responsive_offset=\"on\" \n\n\t\t\tdata-frames='[{\"delay\":0,\"speed\":300,\"frame\":\"0\",\"from\":\"x:right;skX:-85px;\",\"to\":\"o:1;\",\"ease\":\"Power3.easeInOut\"},{\"delay\":\"wait\",\"speed\":300,\"frame\":\"999\",\"ease\":\"Power3.easeInOut\"}]'\n\t\t\tdata-textAlign=\"['center','center','center','center']\"\n\t\t\tdata-paddingtop=\"[0,0,0,0]\"\n\t\t\tdata-paddingright=\"[0,0,0,0]\"\n\t\t\tdata-paddingbottom=\"[0,0,0,0]\"\n\t\t\tdata-paddingleft=\"[0,0,0,0]\"\n\n\t\t\tstyle=\"z-index: 5; white-space: nowrap; font-size: 60px; line-height: 60px; font-weight: 700; color: #000000; letter-spacing: 0px;font-family:Lato;\">Cuidado Dental Pedi\u00e1trico <\/h1>\n\n\t\t<!-- LAYER NR. 2 -->\n\t\t<h1 class=\"tp-caption   tp-resizeme\" \n\t\t\t id=\"slide-21-layer-5\" \n\t\t\t data-x=\"center\" data-hoffset=\"3\" \n\t\t\t data-y=\"center\" data-voffset=\"-47\" \n\t\t\t\t\t\tdata-width=\"['auto','350']\"\n\t\t\tdata-height=\"['auto','auto']\"\n \n\t\t\tdata-type=\"text\" \n\t\t\tdata-responsive_offset=\"on\" \n\n\t\t\tdata-frames='[{\"delay\":0,\"speed\":300,\"frame\":\"0\",\"from\":\"x:left;skX:45px;\",\"to\":\"o:1;\",\"ease\":\"Power3.easeInOut\"},{\"delay\":\"wait\",\"speed\":300,\"frame\":\"999\",\"ease\":\"Power3.easeInOut\"}]'\n\t\t\tdata-textAlign=\"['center','center','center','center']\"\n\t\t\tdata-paddingtop=\"[0,0,0,0]\"\n\t\t\tdata-paddingright=\"[0,0,0,0]\"\n\t\t\tdata-paddingbottom=\"[0,0,0,0]\"\n\t\t\tdata-paddingleft=\"[0,0,0,0]\"\n\n\t\t\tstyle=\"z-index: 6; white-space: nowrap; font-size: 24px; line-height: 32px; font-weight: 400; color: #000000; letter-spacing: 0px;font-family:Lato;\"> <\/h1>\n\n\t\t<!-- LAYER NR. 3 -->\n\t\t<div class=\"tp-caption tp-shape tp-shapewrapper  tp-resizeme\" \n\t\t\t id=\"slide-21-layer-7\" \n\t\t\t data-x=\"center\" data-hoffset=\"\" \n\t\t\t data-y=\"center\" data-voffset=\"65\" \n\t\t\t\t\t\tdata-width=\"['150']\"\n\t\t\tdata-height=\"['3']\"\n \n\t\t\tdata-type=\"shape\" \n\t\t\tdata-responsive_offset=\"on\" \n\n\t\t\tdata-frames='[{\"delay\":0,\"speed\":300,\"frame\":\"0\",\"from\":\"opacity:0;\",\"to\":\"o:1;\",\"ease\":\"Power3.easeInOut\"},{\"delay\":\"wait\",\"speed\":300,\"frame\":\"999\",\"to\":\"opacity:0;\",\"ease\":\"Power3.easeInOut\"}]'\n\t\t\tdata-textAlign=\"['inherit','inherit','inherit','inherit']\"\n\t\t\tdata-paddingtop=\"[0,0,0,0]\"\n\t\t\tdata-paddingright=\"[0,0,0,0]\"\n\t\t\tdata-paddingbottom=\"[0,0,0,0]\"\n\t\t\tdata-paddingleft=\"[0,0,0,0]\"\n\n\t\t\tstyle=\"z-index: 7;background-color:rgb(183,20,18);\"> <\/div>\n\t<\/li>\n<\/ul>\n<div class=\"tp-bannertimer tp-bottom\" style=\"visibility: hidden !important;\"><\/div>\t<\/div>\n<script>var htmlDiv = document.getElementById(\"rs-plugin-settings-inline-css\"); var htmlDivCss=\"\";\n\t\t\t\tif(htmlDiv) {\n\t\t\t\t\thtmlDiv.innerHTML = htmlDiv.innerHTML + htmlDivCss;\n\t\t\t\t}else{\n\t\t\t\t\tvar htmlDiv = document.createElement(\"div\");\n\t\t\t\t\thtmlDiv.innerHTML = \"<style>\" + htmlDivCss + \"<\/style>\";\n\t\t\t\t\tdocument.getElementsByTagName(\"head\")[0].appendChild(htmlDiv.childNodes[0]);\n\t\t\t\t}\n\t\t\t<\/script>\n\t\t<script type=\"text\/javascript\">\nif (setREVStartSize!==undefined) setREVStartSize(\n\t{c: '#rev_slider_21_2', gridwidth: [2000], gridheight: [369], sliderLayout: 'auto'});\n\t\t\t\nvar revapi21,\n\ttpj;\t\n(function() {\t\t\t\n\tif (!\/loaded|interactive|complete\/.test(document.readyState)) document.addEventListener(\"DOMContentLoaded\",onLoad); else onLoad();\t\n\tfunction onLoad() {\t\t\t\t\n\t\tif (tpj===undefined) { tpj = jQuery; if(\"off\" == \"on\") tpj.noConflict();}\n\tif(tpj(\"#rev_slider_21_2\").revolution == undefined){\n\t\trevslider_showDoubleJqueryError(\"#rev_slider_21_2\");\n\t}else{\n\t\trevapi21 = tpj(\"#rev_slider_21_2\").show().revolution({\n\t\t\tsliderType:\"hero\",\n\t\t\tjsFileLocation:\"\/\/limadentalrgv.com\/wp-content\/plugins\/revslider\/public\/assets\/js\/\",\n\t\t\tsliderLayout:\"auto\",\n\t\t\tdottedOverlay:\"none\",\n\t\t\tdelay:9000,\n\t\t\tvisibilityLevels:[1240,1024,778,480],\n\t\t\tgridwidth:2000,\n\t\t\tgridheight:369,\n\t\t\tlazyType:\"none\",\n\t\t\tparallax: {\n\t\t\t\ttype:\"mouse\",\n\t\t\t\torigo:\"enterpoint\",\n\t\t\t\tspeed:400,\n\t\t\t\tspeedbg:0,\n\t\t\t\tspeedls:0,\n\t\t\t\tlevels:[5,10,15,20,25,30,35,40,45,46,47,48,49,50,51,55],\n\t\t\t},\n\t\t\tshadow:0,\n\t\t\tspinner:\"spinner0\",\n\t\t\tautoHeight:\"off\",\n\t\t\tdisableProgressBar:\"on\",\n\t\t\thideThumbsOnMobile:\"off\",\n\t\t\thideSliderAtLimit:0,\n\t\t\thideCaptionAtLimit:0,\n\t\t\thideAllCaptionAtLilmit:0,\n\t\t\tdebugMode:false,\n\t\t\tfallbacks: {\n\t\t\t\tsimplifyAll:\"off\",\n\t\t\t\tdisableFocusListener:false,\n\t\t\t}\n\t\t});\n\t}; \/* END OF revapi call *\/\n\t\n }; \/* END OF ON LOAD FUNCTION *\/\n}()); \/* END OF WRAPPING FUNCTION *\/\n<\/script>\n\t\t<\/div><!-- END REVOLUTION SLIDER -->\n<div class=\"contenido separa\">\n<div class=\"su-row\"><div class=\"su-column su-column-size-2-3\"><div class=\"su-column-inner su-u-clearfix su-u-trim\">\n<p>Nuestro cuidado dental pedi\u00e1trico ha creado hermosas sonrisas para miles de ni\u00f1os felices a lo largo de los a\u00f1os. \u00a1D\u00e9le a su hijo el mejor comienzo hoy!<\/p>\n<p>El cuidado dental adecuado para su hijo significa que tienen una buena oportunidad de disfrutar de dientes sanos incluso cuando sean adultos. Los dientes de leche intactos son el requisito previo para tener dientes permanentes sanos. Por lo tanto, el cuidado dental debe comenzar con la primera dentici\u00f3n.<\/p>\n<p>Los padres notan de inmediato nuestro ambiente c\u00f3modo y amigable para los ni\u00f1os, mientras que los ni\u00f1os pueden disfrutar de los diversos juguetes y juegos que adornan nuestras instalaciones.<\/p>\n<p>Si bien llegar\u00e1s a apreciar la atm\u00f3sfera amigable para los ni\u00f1os, valorar\u00e1s a\u00fan m\u00e1s el nivel de atenci\u00f3n dental personalizada que brindaremos a tus peque\u00f1os. Sus hijos tendr\u00e1n muchas opciones de una manera amigable y cari\u00f1osa sin que se sientan coaccionados.<\/p>\n<p>Como cuidadores profesionales dentales pedi\u00e1tricos, entendemos la importancia de una comunicaci\u00f3n efectiva con su hijo; esto incluye abstenerse de palabras que pueden causar miedo; en su lugar, nos hemos acostumbrado a emplear palabras agradables y no aterradoras con el mismo mensaje.<\/p>\n<p><strong>Nuestros servicios de atenci\u00f3n dental pedi\u00e1trica incluyen:<\/strong><\/p>\n<p><strong>Examen pedi\u00e1trico de salud bucal<\/strong><\/p>\n<p>Llevamos a cabo ex\u00e1menes de salud oral tempranos para detectar el posible riesgo de caries lo antes posible. La detecci\u00f3n del estado de higiene bucal incluye la comprobaci\u00f3n de signos de placa, el estado de las enc\u00edas y la determinaci\u00f3n de cualquier punto de debilidad en los dientes de su hijo. Si es necesario, recomendamos el tratamiento apropiado despu\u00e9s.<\/p>\n<p><strong>Limpieza profesional de dientes para ni\u00f1os.<\/strong><\/p>\n<p>Un profesional especialmente capacitado cuidar\u00e1 a su hijo y, junto con el ni\u00f1o, cepillar\u00e1 los recubrimientos durante la limpieza dental. Durante este proceso, su hijo es consciente de los riesgos de infestaci\u00f3n bacteriana. Si es necesario, los dientes de los ni\u00f1os se liberan de la placa dental dura y se pulen, lo que ayuda a prevenir la acumulaci\u00f3n de dep\u00f3sitos bacterianos y, por lo tanto, la formaci\u00f3n de caries.<\/p>\n<p><strong>Educaci\u00f3n.<\/strong><\/p>\n<p>Aqu\u00ed se presentan t\u00e9cnicas avanzadas para un correcto cepillado. Tambi\u00e9n hay consejos sobre nutrici\u00f3n saludable y las relaciones entre dieta, cuidado dental, bacterias y caries. La educaci\u00f3n temprana de una manera suave y divertida ha demostrado un tremendo resultado en c\u00f3mo los ni\u00f1os responden y cuidan su higiene bucal.<\/p>\n<p><strong>Sellado de fisuras.<\/strong><\/p>\n<p>La caries en las superficies de masticaci\u00f3n de los molares es la caries dental m\u00e1s com\u00fan en los ni\u00f1os. El sellado de fisuras y hoyuelos es una medida preventiva utilizada en las \u00e1reas m\u00e1s propensas a la caries de los dientes. Las fisuras se limpian a fondo y se rellenan con un pl\u00e1stico \u00fanico del color de los dientes durante este proceso.<\/p>\n<p><strong>Fluoruraci\u00f3n para dientes m\u00e1s fuertes.<\/strong><\/p>\n<p>El fluoruro protege el esmalte de la caries. Por lo tanto, es beneficioso para los dientes de los ni\u00f1os. Despu\u00e9s de una limpieza dental profesional, se aplica fluoruro como barniz. La pintura libera la sustancia regularmente a los dientes. Esto ayuda a mineralizarlos y protegerlos de \u00e1cidos agresivos.<\/p>\n<p><strong>\u00a1Nos esforzamos por hacer que la visita al dentista sea divertida para su hijo!<\/strong><\/p>\n<h4>Si los dientes de su hijo est\u00e1n sanos, a menudo viven para disfrutar de una vida de calidad. El cuidado dental bien pensado es la base para esto. Y con nuestros dentistas pedi\u00e1tricos, su hijo est\u00e1 bien cuidado.<\/div><\/div><\/h4>\n<div class=\"su-column su-column-size-1-3\"><div class=\"su-column-inner su-u-clearfix su-u-trim\">\n<div class=\"services-list-loop\">\n<ul class=\"list-loop\">\n<li><a href=\"https:\/\/limadentalrgv.com\/es\/services\/english-limited-exam\/\">Examen limitado<\/a><\/li>\n<li><a href=\"https:\/\/limadentalrgv.com\/es\/services\/english-consultations-and-re-evaluations\/\">Consultas<\/a><\/li>\n<li><a href=\"https:\/\/limadentalrgv.com\/es\/services\/english-regular-cleanings\/\">Limpiezas Regulares<\/a><\/li>\n<li><a href=\"https:\/\/limadentalrgv.com\/es\/services\/english-composite-restorations\/\">Restauraciones Compuestas<\/a><\/li>\n<li><a href=\"https:\/\/limadentalrgv.com\/es\/services\/english-tmj-jaw-problems\/\">TMJ (problemas de JAW)<\/a><\/li>\n<li><a href=\"https:\/\/limadentalrgv.com\/es\/services\/bridges\/\">Puentes<\/a><\/li>\n<li><a href=\"https:\/\/limadentalrgv.com\/es\/services\/crowns-caps\/\">Coronas y Gorras<\/a><\/li>\n<li><a href=\"https:\/\/limadentalrgv.com\/es\/services\/dental-fillings\/\">Empastes Dentales<\/a><\/li>\n<li><a href=\"https:\/\/limadentalrgv.com\/es\/services\/dentures\/\">Dentadura Postiza<\/a><\/li>\n<li><a href=\"https:\/\/limadentalrgv.com\/es\/services\/extractions\/\">Extracciones<\/a><\/li>\n<li><a href=\"https:\/\/limadentalrgv.com\/es\/services\/implant-dentistry\/\">Implantolog\u00eda<\/a><\/li>\n<li><a href=\"https:\/\/limadentalrgv.com\/es\/services\/initial-oral-examination\/\">Examen Oral Inicial<\/a><\/li>\n<li><a href=\"https:\/\/limadentalrgv.com\/es\/services\/night-guards\/\">Guardias Nocturnos<\/a><\/li>\n<li><a href=\"https:\/\/limadentalrgv.com\/es\/services\/pediatric-dental-care\/\">Cuidado Dental Pedi\u00e1trico<\/a><\/li>\n<li><a href=\"https:\/\/limadentalrgv.com\/es\/services\/periodontal-treatment\/\">Tratamiento Periodontal<\/a><\/li>\n<li><a href=\"https:\/\/limadentalrgv.com\/es\/services\/preventive-program\/\">Programa Preventivo<\/a><\/li>\n<li><a href=\"https:\/\/limadentalrgv.com\/es\/services\/root-canals\/\">Endodoncias<\/a><\/li>\n<li><a href=\"https:\/\/limadentalrgv.com\/es\/services\/teeth-whitening\/\">Blanqueamiento Dental<\/a><\/li>\n<\/ul>\n<\/div>\n<style>\n\t.services-list-loop ul>li { padding-left: 0px;}\n\t\n\t.services-list-loop ul>li a:link, .services-list-loop ul>li a:visited { padding: 5px 10px; background-color: #eeeeee; color: #000000; display: block; text-decoration: none;}\n\t.services-list-loop ul>li a:hover { background-color: #cccccc; text-decoration: none;}\n\t.services-list-loop ul>li::before { content: ''; display: inherit;}\n<\/style>\n<\/div><\/div>\n<\/div>\n<\/div>","protected":false},"excerpt":{"rendered":"<p>Nuestro cuidado dental pedi\u00e1trico ha creado hermosas sonrisas para miles de ni\u00f1os felices a lo largo de los a\u00f1os. \u00a1D\u00e9le a su hijo el mejor comienzo hoy!<\/p>\n","protected":false},"author":1,"featured_media":662,"parent":10,"menu_order":9,"comment_status":"closed","ping_status":"closed","template":"","meta":{"footnotes":""},"categories":[3],"tags":[],"class_list":["post-178","page","type-page","status-publish","has-post-thumbnail","hentry","category-services"],"aioseo_notices":[],"_links":{"self":[{"href":"https:\/\/limadentalrgv.com\/es\/wp-json\/wp\/v2\/pages\/178","targetHints":{"allow":["GET"]}}],"collection":[{"href":"https:\/\/limadentalrgv.com\/es\/wp-json\/wp\/v2\/pages"}],"about":[{"href":"https:\/\/limadentalrgv.com\/es\/wp-json\/wp\/v2\/types\/page"}],"author":[{"embeddable":true,"href":"https:\/\/limadentalrgv.com\/es\/wp-json\/wp\/v2\/users\/1"}],"replies":[{"embeddable":true,"href":"https:\/\/limadentalrgv.com\/es\/wp-json\/wp\/v2\/comments?post=178"}],"version-history":[{"count":8,"href":"https:\/\/limadentalrgv.com\/es\/wp-json\/wp\/v2\/pages\/178\/revisions"}],"predecessor-version":[{"id":1262,"href":"https:\/\/limadentalrgv.com\/es\/wp-json\/wp\/v2\/pages\/178\/revisions\/1262"}],"up":[{"embeddable":true,"href":"https:\/\/limadentalrgv.com\/es\/wp-json\/wp\/v2\/pages\/10"}],"wp:featuredmedia":[{"embeddable":true,"href":"https:\/\/limadentalrgv.com\/es\/wp-json\/wp\/v2\/media\/662"}],"wp:attachment":[{"href":"https:\/\/limadentalrgv.com\/es\/wp-json\/wp\/v2\/media?parent=178"}],"wp:term":[{"taxonomy":"category","embeddable":true,"href":"https:\/\/limadentalrgv.com\/es\/wp-json\/wp\/v2\/categories?post=178"},{"taxonomy":"post_tag","embeddable":true,"href":"https:\/\/limadentalrgv.com\/es\/wp-json\/wp\/v2\/tags?post=178"}],"curies":[{"name":"wp","href":"https:\/\/api.w.org\/{rel}","templated":true}]}}