{"id":173,"date":"2019-08-01T17:36:43","date_gmt":"2019-08-01T17:36:43","guid":{"rendered":"http:\/\/limadentalrgv.com\/?page_id=173"},"modified":"2019-12-20T17:10:31","modified_gmt":"2019-12-20T17:10:31","slug":"night-guards","status":"publish","type":"page","link":"https:\/\/limadentalrgv.com\/es\/services\/night-guards\/","title":{"rendered":"Guardias Nocturnos"},"content":{"rendered":"<link href=\"https:\/\/fonts.googleapis.com\/css?family=Lato:700%2C400\" rel=\"stylesheet\" property=\"stylesheet\" type=\"text\/css\" media=\"all\">\n<div id=\"rev_slider_22_2_wrapper\" class=\"rev_slider_wrapper fullwidthbanner-container\" data-source=\"gallery\" style=\"margin:0px auto;background:transparent;padding:0px;margin-top:0px;margin-bottom:0px;\">\n<!-- START REVOLUTION SLIDER 5.4.8.1 auto mode -->\n\t<div id=\"rev_slider_22_2\" class=\"rev_slider fullwidthabanner\" style=\"display:none;\" data-version=\"5.4.8.1\">\n<ul>\t<!-- SLIDE  -->\n\t<li data-index=\"rs-22\" data-transition=\"fade\" data-slotamount=\"default\" data-hideafterloop=\"0\" data-hideslideonmobile=\"off\"  data-easein=\"default\" data-easeout=\"default\" data-masterspeed=\"300\"  data-rotate=\"0\"  data-saveperformance=\"off\"  data-title=\"Slide\" data-param1=\"\" data-param2=\"\" data-param3=\"\" data-param4=\"\" data-param5=\"\" data-param6=\"\" data-param7=\"\" data-param8=\"\" data-param9=\"\" data-param10=\"\" data-description=\"\">\n\t\t<!-- MAIN IMAGE -->\n\t\t<img loading=\"lazy\" decoding=\"async\" src=\"https:\/\/limadentalrgv.com\/wp-content\/uploads\/2019\/08\/Night-guards_banner.jpg\"  alt=\"\" title=\"Night guards_banner\"  width=\"2000\" height=\"396\" data-bgposition=\"center center\" data-bgfit=\"cover\" data-bgrepeat=\"no-repeat\" data-bgparallax=\"4\" class=\"rev-slidebg\" data-no-retina>\n\t\t<!-- LAYERS -->\n\n\t\t<!-- LAYER NR. 1 -->\n\t\t<h1 class=\"tp-caption   tp-resizeme\" \n\t\t\t id=\"slide-22-layer-1\" \n\t\t\t data-x=\"center\" data-hoffset=\"-1\" \n\t\t\t data-y=\"center\" data-voffset=\"\" \n\t\t\t\t\t\tdata-width=\"['auto','350']\"\n\t\t\tdata-height=\"['auto','auto']\"\n \n\t\t\tdata-type=\"text\" \n\t\t\tdata-responsive_offset=\"on\" \n\n\t\t\tdata-frames='[{\"delay\":0,\"speed\":300,\"frame\":\"0\",\"from\":\"x:right;skX:-85px;\",\"to\":\"o:1;\",\"ease\":\"Power3.easeInOut\"},{\"delay\":\"wait\",\"speed\":300,\"frame\":\"999\",\"ease\":\"Power3.easeInOut\"}]'\n\t\t\tdata-textAlign=\"['center','center','center','center']\"\n\t\t\tdata-paddingtop=\"[0,0,0,0]\"\n\t\t\tdata-paddingright=\"[0,0,0,0]\"\n\t\t\tdata-paddingbottom=\"[0,0,0,0]\"\n\t\t\tdata-paddingleft=\"[0,0,0,0]\"\n\n\t\t\tstyle=\"z-index: 5; white-space: nowrap; font-size: 60px; line-height: 60px; font-weight: 700; color: #000000; letter-spacing: 0px;font-family:Lato;\">Guardia Nocturna <\/h1>\n\n\t\t<!-- LAYER NR. 2 -->\n\t\t<h1 class=\"tp-caption   tp-resizeme\" \n\t\t\t id=\"slide-22-layer-5\" \n\t\t\t data-x=\"center\" data-hoffset=\"3\" \n\t\t\t data-y=\"center\" data-voffset=\"-47\" \n\t\t\t\t\t\tdata-width=\"['auto','350']\"\n\t\t\tdata-height=\"['auto','auto']\"\n \n\t\t\tdata-type=\"text\" \n\t\t\tdata-responsive_offset=\"on\" \n\n\t\t\tdata-frames='[{\"delay\":0,\"speed\":300,\"frame\":\"0\",\"from\":\"x:left;skX:45px;\",\"to\":\"o:1;\",\"ease\":\"Power3.easeInOut\"},{\"delay\":\"wait\",\"speed\":300,\"frame\":\"999\",\"ease\":\"Power3.easeInOut\"}]'\n\t\t\tdata-textAlign=\"['center','center','center','center']\"\n\t\t\tdata-paddingtop=\"[0,0,0,0]\"\n\t\t\tdata-paddingright=\"[0,0,0,0]\"\n\t\t\tdata-paddingbottom=\"[0,0,0,0]\"\n\t\t\tdata-paddingleft=\"[0,0,0,0]\"\n\n\t\t\tstyle=\"z-index: 6; white-space: nowrap; font-size: 24px; line-height: 32px; font-weight: 400; color: #000000; letter-spacing: 0px;font-family:Lato;\"> <\/h1>\n\n\t\t<!-- LAYER NR. 3 -->\n\t\t<div class=\"tp-caption tp-shape tp-shapewrapper  tp-resizeme\" \n\t\t\t id=\"slide-22-layer-7\" \n\t\t\t data-x=\"center\" data-hoffset=\"\" \n\t\t\t data-y=\"center\" data-voffset=\"65\" \n\t\t\t\t\t\tdata-width=\"['150']\"\n\t\t\tdata-height=\"['3']\"\n \n\t\t\tdata-type=\"shape\" \n\t\t\tdata-responsive_offset=\"on\" \n\n\t\t\tdata-frames='[{\"delay\":0,\"speed\":300,\"frame\":\"0\",\"from\":\"opacity:0;\",\"to\":\"o:1;\",\"ease\":\"Power3.easeInOut\"},{\"delay\":\"wait\",\"speed\":300,\"frame\":\"999\",\"to\":\"opacity:0;\",\"ease\":\"Power3.easeInOut\"}]'\n\t\t\tdata-textAlign=\"['inherit','inherit','inherit','inherit']\"\n\t\t\tdata-paddingtop=\"[0,0,0,0]\"\n\t\t\tdata-paddingright=\"[0,0,0,0]\"\n\t\t\tdata-paddingbottom=\"[0,0,0,0]\"\n\t\t\tdata-paddingleft=\"[0,0,0,0]\"\n\n\t\t\tstyle=\"z-index: 7;background-color:rgb(183,20,18);\"> <\/div>\n\t<\/li>\n<\/ul>\n<div class=\"tp-bannertimer tp-bottom\" style=\"visibility: hidden !important;\"><\/div>\t<\/div>\n<script>var htmlDiv = document.getElementById(\"rs-plugin-settings-inline-css\"); var htmlDivCss=\"\";\n\t\t\t\tif(htmlDiv) {\n\t\t\t\t\thtmlDiv.innerHTML = htmlDiv.innerHTML + htmlDivCss;\n\t\t\t\t}else{\n\t\t\t\t\tvar htmlDiv = document.createElement(\"div\");\n\t\t\t\t\thtmlDiv.innerHTML = \"<style>\" + htmlDivCss + \"<\/style>\";\n\t\t\t\t\tdocument.getElementsByTagName(\"head\")[0].appendChild(htmlDiv.childNodes[0]);\n\t\t\t\t}\n\t\t\t<\/script>\n\t\t<script type=\"text\/javascript\">\nif (setREVStartSize!==undefined) setREVStartSize(\n\t{c: '#rev_slider_22_2', gridwidth: [2000], gridheight: [369], sliderLayout: 'auto'});\n\t\t\t\nvar revapi22,\n\ttpj;\t\n(function() {\t\t\t\n\tif (!\/loaded|interactive|complete\/.test(document.readyState)) document.addEventListener(\"DOMContentLoaded\",onLoad); else onLoad();\t\n\tfunction onLoad() {\t\t\t\t\n\t\tif (tpj===undefined) { tpj = jQuery; if(\"off\" == \"on\") tpj.noConflict();}\n\tif(tpj(\"#rev_slider_22_2\").revolution == undefined){\n\t\trevslider_showDoubleJqueryError(\"#rev_slider_22_2\");\n\t}else{\n\t\trevapi22 = tpj(\"#rev_slider_22_2\").show().revolution({\n\t\t\tsliderType:\"hero\",\n\t\t\tjsFileLocation:\"\/\/limadentalrgv.com\/wp-content\/plugins\/revslider\/public\/assets\/js\/\",\n\t\t\tsliderLayout:\"auto\",\n\t\t\tdottedOverlay:\"none\",\n\t\t\tdelay:9000,\n\t\t\tvisibilityLevels:[1240,1024,778,480],\n\t\t\tgridwidth:2000,\n\t\t\tgridheight:369,\n\t\t\tlazyType:\"none\",\n\t\t\tparallax: {\n\t\t\t\ttype:\"mouse\",\n\t\t\t\torigo:\"enterpoint\",\n\t\t\t\tspeed:400,\n\t\t\t\tspeedbg:0,\n\t\t\t\tspeedls:0,\n\t\t\t\tlevels:[5,10,15,20,25,30,35,40,45,46,47,48,49,50,51,55],\n\t\t\t},\n\t\t\tshadow:0,\n\t\t\tspinner:\"spinner0\",\n\t\t\tautoHeight:\"off\",\n\t\t\tdisableProgressBar:\"on\",\n\t\t\thideThumbsOnMobile:\"off\",\n\t\t\thideSliderAtLimit:0,\n\t\t\thideCaptionAtLimit:0,\n\t\t\thideAllCaptionAtLilmit:0,\n\t\t\tdebugMode:false,\n\t\t\tfallbacks: {\n\t\t\t\tsimplifyAll:\"off\",\n\t\t\t\tdisableFocusListener:false,\n\t\t\t}\n\t\t});\n\t}; \/* END OF revapi call *\/\n\t\n }; \/* END OF ON LOAD FUNCTION *\/\n}()); \/* END OF WRAPPING FUNCTION *\/\n<\/script>\n\t\t<\/div><!-- END REVOLUTION SLIDER -->\n<div class=\"contenido separa\">\n<div class=\"su-row\"><div class=\"su-column su-column-size-2-3\"><div class=\"su-column-inner su-u-clearfix su-u-trim\">\n<p>Para los afortunados, dormir es un ritual nocturno tranquilo y sereno que conduce a ma\u00f1anas descansadas y frescas. No todos tienen tanta suerte. Muchos de nosotros, por diversas razones, consideramos que el tiempo que pasamos dormidos no es del todo productivo. En lugar de despertarnos por la ma\u00f1ana sinti\u00e9ndonos bien y revitalizados, podr\u00edamos sentir ternura en la cara o la boca, tener dolores de cabeza al despertar o experimentar m\u00fasculos y \/ o dientes sensibles de la mand\u00edbula. Es m\u00e1s que probable que estos s\u00edntomas sean el resultado de una noche de rechinar o apretar los dientes.<\/p>\n<p>Los protectores oclusales, tambi\u00e9n conocidos como protectores nocturnos, f\u00e9rulas oclusales o simplemente f\u00e9rulas de mordida, son dispositivos ortop\u00e9dicos especializados que est\u00e1n dise\u00f1ados para evitar que la boca realice este apretar y rechinar los dientes por la noche (bruxismo), y para aliviar el dolor. da\u00f1os y molestias que resultan como resultado. Se producir\u00e1 un protector oclusal, cuando se use adecuadamente, para que se ajuste a la medida de la persona que lo usa.<\/p>\n<p><strong>\u00bfC\u00f3mo funciona un protector oclusal?<\/strong><\/p>\n<p>Cuando alguien usa un protector bucal durante la noche, sus dientes est\u00e1n protegidos por la resina acr\u00edlica transparente que ha sido moldeada para cubrir perfectamente los dientes. Este material funciona para evitar da\u00f1os tales como astillarse o rascarse los dientes, as\u00ed como el dolor f\u00edsico que generalmente acompa\u00f1a al rechinar y apretar.<\/p>\n<p>Los detalles de c\u00f3mo funciona el protector dependen en cierta medida del tipo de protector que se utilice.<\/p>\n<p><strong>Los diferentes tipos de guardias<\/strong><\/p>\n<p>El apretado y la molienda a menudo ocurren durante la noche, y la mayor\u00eda de los protectores oclusales son solo para uso nocturno, pero los m\u00e9dicos ocasionalmente har\u00e1n que sus pacientes usen el protector durante el d\u00eda para evitar minimizar el da\u00f1o dental<\/p>\n<p>Algunos guardias nocturnos cubren toda la hilera de dientes, mientras que otros cubren los dientes individuales.<\/p>\n<p>Los pacientes pueden usar protectores que cubran una fila de dientes o ambas filas<\/p>\n<p><strong>C\u00f3mo saber si debe usar una guardia nocturna<\/strong><\/p>\n<p>Hay algunas se\u00f1ales de advertencia que pueden indicar que eres un candidato fuerte para usar un protector bucal. A continuaci\u00f3n, se detallan algunos de los s\u00edntomas a los que debe prestar atenci\u00f3n:<\/p>\n<p>Consistentemente dolores de cabeza en la ma\u00f1ana<\/p>\n<p>Despertar con dolor dental leve o significativo<\/p>\n<p>Experimentar dolor en la mand\u00edbula dolorido o sensible y dolor en la cara<\/p>\n<p>Sentir que no has dormido toda la noche, incluso cuando te vas a dormir y te despiertas a horas normales<\/p>\n<p>Tener estos s\u00edntomas no significa necesariamente que definitivamente deba comenzar a usar un protector nocturno oclusal. Dicho esto, si descubre que experimenta regularmente uno o m\u00e1s de estos s\u00edntomas, es una buena idea consultar a su m\u00e9dico para determinar si vale la pena usar alg\u00fan tipo de protector bucal para aliviar la incomodidad o el raspado o astillado de los dientes.<\/p>\n<p><strong>Protecciones oclusales y trastornos de la ATM<\/strong><\/p>\n<p>Los trastornos de la articulaci\u00f3n temporomandibular (ATM) constituyen una familia de problemas m\u00e9dicos relacionados con la articulaci\u00f3n de la mand\u00edbula humana. Aquellos que padecen un trastorno de ATM suelen experimentar una aflicci\u00f3n com\u00fan de dolor y posiblemente un sonido de clic en el \u00e1rea de la mand\u00edbula. Ha habido avances significativos en la medicina relacionada con los trastornos de la ATM y ahora son m\u00e1s f\u00e1ciles de diagnosticar que nunca, lo que es una suerte porque los problemas de la ATM no tratados pueden conducir a problemas mucho m\u00e1s graves, como espasmos cr\u00f3nicos, desequilibrio articular y dolor intenso. Hay millones de personas en todo el mundo que sufren trastornos de ATM, y en la mayor\u00eda de los casos, estas personas pueden obtener una buena cantidad de alivio mediante el uso de un protector bucal. En algunos casos, el protector se combina con otra forma de terapia llamada equilibrio oclusal.<\/p>\n<p><strong>Qu\u00e9 esperar al usar un protector oclusal<\/strong><\/p>\n<p>El uso de cualquier tipo de protector bucal definitivamente ha demostrado ser efectivo para ayudar a rechinar y retener los dientes, pero aquellos que utilizan el protector no necesariamente deben esperar sentirse c\u00f3modos con \u00e9l de inmediato. Muchas personas que usan los guardias han notado que pueden pasar semanas, y en algunos casos, incluso meses, antes de que el acto de acostarse con el guardia comience a sentirse natural. Aunque este proceso puede ser inicialmente inc\u00f3modo e inusual y llevar\u00e1 un tiempo acostumbrarse, las personas que los usan generalmente encontrar\u00e1n que una vez que se han acostumbrado a acostarse con ellos, dif\u00edcilmente pueden dormir sin ellos y el ritual de limpieza de la protecci\u00f3n oclusal se vuelve secundario. naturaleza.<\/p>\n<p><strong>Teniendo en cuenta las muchas tensiones de la vida acelerada y las demandas que todos enfrentamos, tal vez no deber\u00eda sorprender que una parte considerable de la poblaci\u00f3n experimente manifestaciones de este estr\u00e9s en forma de apretones y rechinamientos nocturnos. La buena noticia es que al aprovechar los protectores bucales, las personas pueden obtener alivio y despertarse sinti\u00e9ndose listas para enfrentar el d\u00eda. Cuando las personas pueden dormir adecuadamente y pueden despertarse sin dolor ni sensibilidad, es mucho m\u00e1s probable que vivan vidas felices y productivas.<\/strong><\/p>\n<\/div><\/div>\n<div class=\"su-column su-column-size-1-3\"><div class=\"su-column-inner su-u-clearfix su-u-trim\">\n<div class=\"services-list-loop\">\n<ul class=\"list-loop\">\n<li><a href=\"https:\/\/limadentalrgv.com\/es\/services\/english-limited-exam\/\">Examen limitado<\/a><\/li>\n<li><a href=\"https:\/\/limadentalrgv.com\/es\/services\/english-consultations-and-re-evaluations\/\">Consultas<\/a><\/li>\n<li><a href=\"https:\/\/limadentalrgv.com\/es\/services\/english-regular-cleanings\/\">Limpiezas Regulares<\/a><\/li>\n<li><a href=\"https:\/\/limadentalrgv.com\/es\/services\/english-composite-restorations\/\">Restauraciones Compuestas<\/a><\/li>\n<li><a href=\"https:\/\/limadentalrgv.com\/es\/services\/english-tmj-jaw-problems\/\">TMJ (problemas de JAW)<\/a><\/li>\n<li><a href=\"https:\/\/limadentalrgv.com\/es\/services\/bridges\/\">Puentes<\/a><\/li>\n<li><a href=\"https:\/\/limadentalrgv.com\/es\/services\/crowns-caps\/\">Coronas y Gorras<\/a><\/li>\n<li><a href=\"https:\/\/limadentalrgv.com\/es\/services\/dental-fillings\/\">Empastes Dentales<\/a><\/li>\n<li><a href=\"https:\/\/limadentalrgv.com\/es\/services\/dentures\/\">Dentadura Postiza<\/a><\/li>\n<li><a href=\"https:\/\/limadentalrgv.com\/es\/services\/extractions\/\">Extracciones<\/a><\/li>\n<li><a href=\"https:\/\/limadentalrgv.com\/es\/services\/implant-dentistry\/\">Implantolog\u00eda<\/a><\/li>\n<li><a href=\"https:\/\/limadentalrgv.com\/es\/services\/initial-oral-examination\/\">Examen Oral Inicial<\/a><\/li>\n<li><a href=\"https:\/\/limadentalrgv.com\/es\/services\/night-guards\/\">Guardias Nocturnos<\/a><\/li>\n<li><a href=\"https:\/\/limadentalrgv.com\/es\/services\/pediatric-dental-care\/\">Cuidado Dental Pedi\u00e1trico<\/a><\/li>\n<li><a href=\"https:\/\/limadentalrgv.com\/es\/services\/periodontal-treatment\/\">Tratamiento Periodontal<\/a><\/li>\n<li><a href=\"https:\/\/limadentalrgv.com\/es\/services\/preventive-program\/\">Programa Preventivo<\/a><\/li>\n<li><a href=\"https:\/\/limadentalrgv.com\/es\/services\/root-canals\/\">Endodoncias<\/a><\/li>\n<li><a href=\"https:\/\/limadentalrgv.com\/es\/services\/teeth-whitening\/\">Blanqueamiento Dental<\/a><\/li>\n<\/ul>\n<\/div>\n<style>\n\t.services-list-loop ul>li { padding-left: 0px;}\n\t\n\t.services-list-loop ul>li a:link, .services-list-loop ul>li a:visited { padding: 5px 10px; background-color: #eeeeee; color: #000000; display: block; text-decoration: none;}\n\t.services-list-loop ul>li a:hover { background-color: #cccccc; text-decoration: none;}\n\t.services-list-loop ul>li::before { content: ''; display: inherit;}\n<\/style>\n<\/div><\/div>\n<\/div>\n<\/div>","protected":false},"excerpt":{"rendered":"<p>Para los afortunados, dormir es un ritual nocturno tranquilo y sereno que conduce a ma\u00f1anas descansadas y frescas. No todos tienen tanta suerte. Muchos de nosotros, por diversas razones, consideramos que el tiempo que pasamos dormidos no es del todo productivo.<\/p>\n","protected":false},"author":1,"featured_media":390,"parent":10,"menu_order":8,"comment_status":"closed","ping_status":"closed","template":"","meta":{"footnotes":""},"categories":[3],"tags":[],"class_list":["post-173","page","type-page","status-publish","has-post-thumbnail","hentry","category-services"],"aioseo_notices":[],"_links":{"self":[{"href":"https:\/\/limadentalrgv.com\/es\/wp-json\/wp\/v2\/pages\/173","targetHints":{"allow":["GET"]}}],"collection":[{"href":"https:\/\/limadentalrgv.com\/es\/wp-json\/wp\/v2\/pages"}],"about":[{"href":"https:\/\/limadentalrgv.com\/es\/wp-json\/wp\/v2\/types\/page"}],"author":[{"embeddable":true,"href":"https:\/\/limadentalrgv.com\/es\/wp-json\/wp\/v2\/users\/1"}],"replies":[{"embeddable":true,"href":"https:\/\/limadentalrgv.com\/es\/wp-json\/wp\/v2\/comments?post=173"}],"version-history":[{"count":10,"href":"https:\/\/limadentalrgv.com\/es\/wp-json\/wp\/v2\/pages\/173\/revisions"}],"predecessor-version":[{"id":1260,"href":"https:\/\/limadentalrgv.com\/es\/wp-json\/wp\/v2\/pages\/173\/revisions\/1260"}],"up":[{"embeddable":true,"href":"https:\/\/limadentalrgv.com\/es\/wp-json\/wp\/v2\/pages\/10"}],"wp:featuredmedia":[{"embeddable":true,"href":"https:\/\/limadentalrgv.com\/es\/wp-json\/wp\/v2\/media\/390"}],"wp:attachment":[{"href":"https:\/\/limadentalrgv.com\/es\/wp-json\/wp\/v2\/media?parent=173"}],"wp:term":[{"taxonomy":"category","embeddable":true,"href":"https:\/\/limadentalrgv.com\/es\/wp-json\/wp\/v2\/categories?post=173"},{"taxonomy":"post_tag","embeddable":true,"href":"https:\/\/limadentalrgv.com\/es\/wp-json\/wp\/v2\/tags?post=173"}],"curies":[{"name":"wp","href":"https:\/\/api.w.org\/{rel}","templated":true}]}}