{"id":16,"date":"2019-06-12T15:56:53","date_gmt":"2019-06-12T15:56:53","guid":{"rendered":"http:\/\/limadentalrgv.com\/?page_id=16"},"modified":"2026-04-16T23:22:08","modified_gmt":"2026-04-16T23:22:08","slug":"contact-us","status":"publish","type":"page","link":"https:\/\/limadentalrgv.com\/es\/contact-us\/","title":{"rendered":"Contact Us"},"content":{"rendered":"<link href=\"https:\/\/fonts.googleapis.com\/css?family=Lato:700%2C400\" rel=\"stylesheet\" property=\"stylesheet\" type=\"text\/css\" media=\"all\">\n<div id=\"rev_slider_9_2_wrapper\" class=\"rev_slider_wrapper fullwidthbanner-container\" data-source=\"gallery\" style=\"margin:0px auto;background:transparent;padding:0px;margin-top:0px;margin-bottom:0px;\">\n<!-- START REVOLUTION SLIDER 5.4.8.1 auto mode -->\n\t<div id=\"rev_slider_9_2\" class=\"rev_slider fullwidthabanner\" style=\"display:none;\" data-version=\"5.4.8.1\">\n<ul>\t<!-- SLIDE  -->\n\t<li data-index=\"rs-9\" data-transition=\"fade\" data-slotamount=\"default\" data-hideafterloop=\"0\" data-hideslideonmobile=\"off\"  data-easein=\"default\" data-easeout=\"default\" data-masterspeed=\"300\"  data-rotate=\"0\"  data-saveperformance=\"off\"  data-title=\"Slide\" data-param1=\"\" data-param2=\"\" data-param3=\"\" data-param4=\"\" data-param5=\"\" data-param6=\"\" data-param7=\"\" data-param8=\"\" data-param9=\"\" data-param10=\"\" data-description=\"\">\n\t\t<!-- MAIN IMAGE -->\n\t\t<img loading=\"lazy\" decoding=\"async\" src=\"https:\/\/limadentalrgv.com\/wp-content\/uploads\/2019\/08\/dental-health.jpg\"  alt=\"\" title=\"dental-health\"  width=\"2000\" height=\"396\" data-bgposition=\"center center\" data-bgfit=\"cover\" data-bgrepeat=\"no-repeat\" data-bgparallax=\"4\" class=\"rev-slidebg\" data-no-retina>\n\t\t<!-- LAYERS -->\n\n\t\t<!-- LAYER NR. 1 -->\n\t\t<h1 class=\"tp-caption   tp-resizeme\" \n\t\t\t id=\"slide-9-layer-1\" \n\t\t\t data-x=\"center\" data-hoffset=\"\" \n\t\t\t data-y=\"center\" data-voffset=\"\" \n\t\t\t\t\t\tdata-width=\"['auto','350']\"\n\t\t\tdata-height=\"['auto','auto']\"\n \n\t\t\tdata-type=\"text\" \n\t\t\tdata-responsive_offset=\"on\" \n\n\t\t\tdata-frames='[{\"delay\":0,\"speed\":300,\"frame\":\"0\",\"from\":\"x:right;skX:-85px;\",\"to\":\"o:1;\",\"ease\":\"Power3.easeInOut\"},{\"delay\":\"wait\",\"speed\":300,\"frame\":\"999\",\"ease\":\"Power3.easeInOut\"}]'\n\t\t\tdata-textAlign=\"['center','center','center','center']\"\n\t\t\tdata-paddingtop=\"[0,0,0,0]\"\n\t\t\tdata-paddingright=\"[0,0,0,0]\"\n\t\t\tdata-paddingbottom=\"[0,0,0,0]\"\n\t\t\tdata-paddingleft=\"[0,0,0,0]\"\n\n\t\t\tstyle=\"z-index: 5; white-space: nowrap; font-size: 75px; line-height: 60px; font-weight: 700; color: #000000; letter-spacing: 0px;font-family:Lato;\">Contactos <\/h1>\n\n\t\t<!-- LAYER NR. 2 -->\n\t\t<h1 class=\"tp-caption   tp-resizeme\" \n\t\t\t id=\"slide-9-layer-5\" \n\t\t\t data-x=\"center\" data-hoffset=\"3\" \n\t\t\t data-y=\"center\" data-voffset=\"-47\" \n\t\t\t\t\t\tdata-width=\"['auto','350']\"\n\t\t\tdata-height=\"['auto','auto']\"\n \n\t\t\tdata-type=\"text\" \n\t\t\tdata-responsive_offset=\"on\" \n\n\t\t\tdata-frames='[{\"delay\":0,\"speed\":300,\"frame\":\"0\",\"from\":\"x:left;skX:45px;\",\"to\":\"o:1;\",\"ease\":\"Power3.easeInOut\"},{\"delay\":\"wait\",\"speed\":300,\"frame\":\"999\",\"ease\":\"Power3.easeInOut\"}]'\n\t\t\tdata-textAlign=\"['center','center','center','center']\"\n\t\t\tdata-paddingtop=\"[0,0,0,0]\"\n\t\t\tdata-paddingright=\"[0,0,0,0]\"\n\t\t\tdata-paddingbottom=\"[0,0,0,0]\"\n\t\t\tdata-paddingleft=\"[0,0,0,0]\"\n\n\t\t\tstyle=\"z-index: 6; white-space: nowrap; font-size: 24px; line-height: 32px; font-weight: 400; color: #000000; letter-spacing: 0px;font-family:Lato;\"> <\/h1>\n\t<\/li>\n<\/ul>\n<div class=\"tp-bannertimer tp-bottom\" style=\"visibility: hidden !important;\"><\/div>\t<\/div>\n<script>var htmlDiv = document.getElementById(\"rs-plugin-settings-inline-css\"); var htmlDivCss=\"\";\n\t\t\t\tif(htmlDiv) {\n\t\t\t\t\thtmlDiv.innerHTML = htmlDiv.innerHTML + htmlDivCss;\n\t\t\t\t}else{\n\t\t\t\t\tvar htmlDiv = document.createElement(\"div\");\n\t\t\t\t\thtmlDiv.innerHTML = \"<style>\" + htmlDivCss + \"<\/style>\";\n\t\t\t\t\tdocument.getElementsByTagName(\"head\")[0].appendChild(htmlDiv.childNodes[0]);\n\t\t\t\t}\n\t\t\t<\/script>\n\t\t<script type=\"text\/javascript\">\nif (setREVStartSize!==undefined) setREVStartSize(\n\t{c: '#rev_slider_9_2', gridwidth: [2000], gridheight: [369], sliderLayout: 'auto'});\n\t\t\t\nvar revapi9,\n\ttpj;\t\n(function() {\t\t\t\n\tif (!\/loaded|interactive|complete\/.test(document.readyState)) document.addEventListener(\"DOMContentLoaded\",onLoad); else onLoad();\t\n\tfunction onLoad() {\t\t\t\t\n\t\tif (tpj===undefined) { tpj = jQuery; if(\"off\" == \"on\") tpj.noConflict();}\n\tif(tpj(\"#rev_slider_9_2\").revolution == undefined){\n\t\trevslider_showDoubleJqueryError(\"#rev_slider_9_2\");\n\t}else{\n\t\trevapi9 = tpj(\"#rev_slider_9_2\").show().revolution({\n\t\t\tsliderType:\"hero\",\n\t\t\tjsFileLocation:\"\/\/limadentalrgv.com\/wp-content\/plugins\/revslider\/public\/assets\/js\/\",\n\t\t\tsliderLayout:\"auto\",\n\t\t\tdottedOverlay:\"none\",\n\t\t\tdelay:9000,\n\t\t\tvisibilityLevels:[1240,1024,778,480],\n\t\t\tgridwidth:2000,\n\t\t\tgridheight:369,\n\t\t\tlazyType:\"none\",\n\t\t\tparallax: {\n\t\t\t\ttype:\"mouse\",\n\t\t\t\torigo:\"enterpoint\",\n\t\t\t\tspeed:400,\n\t\t\t\tspeedbg:0,\n\t\t\t\tspeedls:0,\n\t\t\t\tlevels:[5,10,15,20,25,30,35,40,45,46,47,48,49,50,51,55],\n\t\t\t},\n\t\t\tshadow:0,\n\t\t\tspinner:\"spinner0\",\n\t\t\tautoHeight:\"off\",\n\t\t\tdisableProgressBar:\"on\",\n\t\t\thideThumbsOnMobile:\"off\",\n\t\t\thideSliderAtLimit:0,\n\t\t\thideCaptionAtLimit:0,\n\t\t\thideAllCaptionAtLilmit:0,\n\t\t\tdebugMode:false,\n\t\t\tfallbacks: {\n\t\t\t\tsimplifyAll:\"off\",\n\t\t\t\tdisableFocusListener:false,\n\t\t\t}\n\t\t});\n\t}; \/* END OF revapi call *\/\n\t\n }; \/* END OF ON LOAD FUNCTION *\/\n}()); \/* END OF WRAPPING FUNCTION *\/\n<\/script>\n\t\t<\/div><!-- END REVOLUTION SLIDER -->\n<div class=\"contenido separa\">\n<div class=\"titulos\">\n<h1>\u00a1Llama hoy!<\/h1>\n<hr \/>\n<\/div>\n<p>Si usted tiene alguna pregunta, duda o desea concertar una cita, p\u00f3ngase en contacto con nosotros hoy usando la informaci\u00f3n proporcionada a continuaci\u00f3n. En caso de producirse una emergencia dental , hacemos todo lo posible para ver y cuidar de usted tan pronto como sea posible.<\/p>\n<div class=\"su-spacer\" style=\"height:40px\"><\/div>\n<div class=\"titulos\">\n<h1>PALMVIEW, TX<\/h1>\n<hr \/>\n<\/div>\n<div class=\"su-row\">\n<div class=\"su-column su-column-size-1-4 centrado\"><div class=\"su-column-inner su-u-clearfix su-u-trim\">\n<i class=\"fas fa-map-marker-alt icon-contact\"><\/i><br \/>\n<a href=\"https:\/\/www.google.com\/maps\/place\/Lima+Dental\/@26.224976,-98.357355,15z\/data=!4m2!3m1!1s0x0:0x6793935289cffc2?sa=X&amp;ved=2ahUKEwit2L2c2svkAhUEDq0KHd_DBwQQ_BIwFHoECA8QCA\">1337 E Palmavista Drive, Suite D, Palmview, TX 78572<\/a><br \/>\n<\/div><\/div>\n<div class=\"su-column su-column-size-1-4 centrado\"><div class=\"su-column-inner su-u-clearfix su-u-trim\">\n<i class=\"fas fa-user icon-contact\"><\/i><br \/>\n<a href=\"tel:9566007412\">(956) 600-7412<\/a><br \/>\n<\/div><\/div>\n<div class=\"su-column su-column-size-1-4 centrado\"><div class=\"su-column-inner su-u-clearfix su-u-trim\">\n<i class=\"far fa-envelope icon-contact\"><\/i><br \/>\n<a href=\"mailto:info@limadentalrgv.com\">info@limadentalrgv.com<\/a><br \/>\n<\/div><\/div>\n<div class=\"su-column su-column-size-1-4 centrado\"><div class=\"su-column-inner su-u-clearfix su-u-trim\">\n<i class=\"far fa-clock icon-contact\"><\/i><br \/>\nLun &#8211; Vie<br \/>\nS\u00e1bados y fuera de horario<br \/>\nSolo por cita<br \/>\n<\/div><\/div>\n<\/div>\n<div class=\"contenido separa\" style=\"height: 400px;\"><div class=\"su-gmap su-u-responsive-media-no\"><iframe loading=\"lazy\" width=\"1256\" height=\"400\" src=\"\/\/maps.google.com\/maps?q=Lima%20dental%2C%20Palmview%2C%20TX%2078572&amp;output=embed&amp;z=19\" title=\"Lima Dental\"><\/iframe><\/div><\/div>\n<div class=\"titulos\">\n<h1>MCALLEN, TX<\/h1>\n<hr \/>\n<\/div>\n<div class=\"su-row\">\n<div class=\"su-column su-column-size-1-4 centrado\"><div class=\"su-column-inner su-u-clearfix su-u-trim\">\n<i class=\"fas fa-map-marker-alt icon-contact\"><\/i><br \/>\n<a href=\"https:\/\/www.google.com\/maps\/place\/Lima+Dental\/@26.2069109,-98.2124143,15z\/data=!4m5!3m4!1s0x0:0x9891066db4f3edd8!8m2!3d26.2069109!4d-98.2124143\">601 N McColl Rd, McAllen, TX 78501<\/a><br \/>\n<\/div><\/div>\n<div class=\"su-column su-column-size-1-4 centrado\"><div class=\"su-column-inner su-u-clearfix su-u-trim\">\n<i class=\"fas fa-user icon-contact\"><\/i><br \/>\n<a href=\"tel:9568004501\">(956) 800-4501<\/a><br \/>\n<\/div><\/div>\n<div class=\"su-column su-column-size-1-4 centrado\"><div class=\"su-column-inner su-u-clearfix su-u-trim\">\n<i class=\"far fa-envelope icon-contact\"><\/i><br \/>\n<a href=\"mailto:info@limadentalrgv.com\">info@limadentalrgv.com<\/a><br \/>\n<\/div><\/div>\n<div class=\"su-column su-column-size-1-4 centrado\"><div class=\"su-column-inner su-u-clearfix su-u-trim\">\n<i class=\"far fa-clock icon-contact\"><\/i><br \/>\nLun &#8211; Vie<br \/>\nS\u00e1bados y fuera de horario<br \/>\nSolo por cita<br \/>\nDomingo: cerrado<br \/>\n<\/div><\/div>\n<\/div>\n<div class=\"contenido separa\" style=\"height: 400px;\"><div class=\"su-gmap su-u-responsive-media-no\"><iframe loading=\"lazy\" width=\"1256\" height=\"400\" src=\"\/\/maps.google.com\/maps?q=Lima%20Dental%2C%20McAllen%2C%20TX%2078501&amp;output=embed&amp;z=19\" title=\"Lima Dental\"><\/iframe><\/div><\/div>\n<\/div>","protected":false},"excerpt":{"rendered":"<p>\u00a1Llama hoy! Si usted tiene alguna pregunta, duda o desea concertar una cita, p\u00f3ngase en contacto con nosotros hoy usando la informaci\u00f3n proporcionada a continuaci\u00f3n. En caso de producirse una emergencia dental , hacemos todo lo posible para ver y cuidar de usted tan pronto como sea posible. PALMVIEW, TX MCALLEN, TX<\/p>\n","protected":false},"author":1,"featured_media":0,"parent":0,"menu_order":0,"comment_status":"closed","ping_status":"closed","template":"","meta":{"footnotes":""},"categories":[],"tags":[],"class_list":["post-16","page","type-page","status-publish","hentry"],"aioseo_notices":[],"_links":{"self":[{"href":"https:\/\/limadentalrgv.com\/es\/wp-json\/wp\/v2\/pages\/16","targetHints":{"allow":["GET"]}}],"collection":[{"href":"https:\/\/limadentalrgv.com\/es\/wp-json\/wp\/v2\/pages"}],"about":[{"href":"https:\/\/limadentalrgv.com\/es\/wp-json\/wp\/v2\/types\/page"}],"author":[{"embeddable":true,"href":"https:\/\/limadentalrgv.com\/es\/wp-json\/wp\/v2\/users\/1"}],"replies":[{"embeddable":true,"href":"https:\/\/limadentalrgv.com\/es\/wp-json\/wp\/v2\/comments?post=16"}],"version-history":[{"count":72,"href":"https:\/\/limadentalrgv.com\/es\/wp-json\/wp\/v2\/pages\/16\/revisions"}],"predecessor-version":[{"id":1463,"href":"https:\/\/limadentalrgv.com\/es\/wp-json\/wp\/v2\/pages\/16\/revisions\/1463"}],"wp:attachment":[{"href":"https:\/\/limadentalrgv.com\/es\/wp-json\/wp\/v2\/media?parent=16"}],"wp:term":[{"taxonomy":"category","embeddable":true,"href":"https:\/\/limadentalrgv.com\/es\/wp-json\/wp\/v2\/categories?post=16"},{"taxonomy":"post_tag","embeddable":true,"href":"https:\/\/limadentalrgv.com\/es\/wp-json\/wp\/v2\/tags?post=16"}],"curies":[{"name":"wp","href":"https:\/\/api.w.org\/{rel}","templated":true}]}}