{"id":14,"date":"2019-06-12T15:56:45","date_gmt":"2019-06-12T15:56:45","guid":{"rendered":"http:\/\/limadentalrgv.com\/?page_id=14"},"modified":"2019-12-20T22:38:57","modified_gmt":"2019-12-20T22:38:57","slug":"dental-health","status":"publish","type":"page","link":"https:\/\/limadentalrgv.com\/es\/salud-dental\/","title":{"rendered":"Salud Dental"},"content":{"rendered":"<link href=\"https:\/\/fonts.googleapis.com\/css?family=Lato:700%2C400\" rel=\"stylesheet\" property=\"stylesheet\" type=\"text\/css\" media=\"all\">\n<div id=\"rev_slider_12_2_wrapper\" class=\"rev_slider_wrapper fullwidthbanner-container\" data-source=\"gallery\" style=\"margin:0px auto;background:transparent;padding:0px;margin-top:0px;margin-bottom:0px;\">\n<!-- START REVOLUTION SLIDER 5.4.8.1 auto mode -->\n\t<div id=\"rev_slider_12_2\" class=\"rev_slider fullwidthabanner\" style=\"display:none;\" data-version=\"5.4.8.1\">\n<ul>\t<!-- SLIDE  -->\n\t<li data-index=\"rs-12\" data-transition=\"fade\" data-slotamount=\"default\" data-hideafterloop=\"0\" data-hideslideonmobile=\"off\"  data-easein=\"default\" data-easeout=\"default\" data-masterspeed=\"300\"  data-rotate=\"0\"  data-saveperformance=\"off\"  data-title=\"Slide\" data-param1=\"\" data-param2=\"\" data-param3=\"\" data-param4=\"\" data-param5=\"\" data-param6=\"\" data-param7=\"\" data-param8=\"\" data-param9=\"\" data-param10=\"\" data-description=\"\">\n\t\t<!-- MAIN IMAGE -->\n\t\t<img loading=\"lazy\" decoding=\"async\" src=\"https:\/\/limadentalrgv.com\/wp-content\/uploads\/2019\/08\/Dental-Health_banner.jpg\"  alt=\"\" title=\"Dental Health_banner\"  width=\"2000\" height=\"396\" data-bgposition=\"center center\" data-bgfit=\"cover\" data-bgrepeat=\"no-repeat\" data-bgparallax=\"4\" class=\"rev-slidebg\" data-no-retina>\n\t\t<!-- LAYERS -->\n\n\t\t<!-- LAYER NR. 1 -->\n\t\t<h1 class=\"tp-caption   tp-resizeme\" \n\t\t\t id=\"slide-12-layer-1\" \n\t\t\t data-x=\"center\" data-hoffset=\"\" \n\t\t\t data-y=\"center\" data-voffset=\"\" \n\t\t\t\t\t\tdata-width=\"['auto','350']\"\n\t\t\tdata-height=\"['auto','auto']\"\n \n\t\t\tdata-type=\"text\" \n\t\t\tdata-responsive_offset=\"on\" \n\n\t\t\tdata-frames='[{\"delay\":0,\"speed\":300,\"frame\":\"0\",\"from\":\"x:right;skX:-85px;\",\"to\":\"o:1;\",\"ease\":\"Power3.easeInOut\"},{\"delay\":\"wait\",\"speed\":300,\"frame\":\"999\",\"ease\":\"Power3.easeInOut\"}]'\n\t\t\tdata-textAlign=\"['center','center','center','center']\"\n\t\t\tdata-paddingtop=\"[0,0,0,0]\"\n\t\t\tdata-paddingright=\"[0,0,0,0]\"\n\t\t\tdata-paddingbottom=\"[0,0,0,0]\"\n\t\t\tdata-paddingleft=\"[0,0,0,0]\"\n\n\t\t\tstyle=\"z-index: 5; white-space: nowrap; font-size: 60px; line-height: 60px; font-weight: 700; color: #000000; letter-spacing: 0px;font-family:Lato;\">Salud Dental <\/h1>\n\n\t\t<!-- LAYER NR. 2 -->\n\t\t<h1 class=\"tp-caption   tp-resizeme\" \n\t\t\t id=\"slide-12-layer-5\" \n\t\t\t data-x=\"center\" data-hoffset=\"3\" \n\t\t\t data-y=\"center\" data-voffset=\"-47\" \n\t\t\t\t\t\tdata-width=\"['auto','350']\"\n\t\t\tdata-height=\"['auto','auto']\"\n \n\t\t\tdata-type=\"text\" \n\t\t\tdata-responsive_offset=\"on\" \n\n\t\t\tdata-frames='[{\"delay\":0,\"speed\":300,\"frame\":\"0\",\"from\":\"x:left;skX:45px;\",\"to\":\"o:1;\",\"ease\":\"Power3.easeInOut\"},{\"delay\":\"wait\",\"speed\":300,\"frame\":\"999\",\"ease\":\"Power3.easeInOut\"}]'\n\t\t\tdata-textAlign=\"['center','center','center','center']\"\n\t\t\tdata-paddingtop=\"[0,0,0,0]\"\n\t\t\tdata-paddingright=\"[0,0,0,0]\"\n\t\t\tdata-paddingbottom=\"[0,0,0,0]\"\n\t\t\tdata-paddingleft=\"[0,0,0,0]\"\n\n\t\t\tstyle=\"z-index: 6; white-space: nowrap; font-size: 24px; line-height: 32px; font-weight: 400; color: #000000; letter-spacing: 0px;font-family:Lato;\"> <\/h1>\n\n\t\t<!-- LAYER NR. 3 -->\n\t\t<div class=\"tp-caption tp-shape tp-shapewrapper  tp-resizeme\" \n\t\t\t id=\"slide-12-layer-7\" \n\t\t\t data-x=\"center\" data-hoffset=\"\" \n\t\t\t data-y=\"center\" data-voffset=\"65\" \n\t\t\t\t\t\tdata-width=\"['150']\"\n\t\t\tdata-height=\"['3']\"\n \n\t\t\tdata-type=\"shape\" \n\t\t\tdata-responsive_offset=\"on\" \n\n\t\t\tdata-frames='[{\"delay\":0,\"speed\":300,\"frame\":\"0\",\"from\":\"opacity:0;\",\"to\":\"o:1;\",\"ease\":\"Power3.easeInOut\"},{\"delay\":\"wait\",\"speed\":300,\"frame\":\"999\",\"to\":\"opacity:0;\",\"ease\":\"Power3.easeInOut\"}]'\n\t\t\tdata-textAlign=\"['inherit','inherit','inherit','inherit']\"\n\t\t\tdata-paddingtop=\"[0,0,0,0]\"\n\t\t\tdata-paddingright=\"[0,0,0,0]\"\n\t\t\tdata-paddingbottom=\"[0,0,0,0]\"\n\t\t\tdata-paddingleft=\"[0,0,0,0]\"\n\n\t\t\tstyle=\"z-index: 7;background-color:rgb(183,20,18);\"> <\/div>\n\t<\/li>\n<\/ul>\n<div class=\"tp-bannertimer tp-bottom\" style=\"visibility: hidden !important;\"><\/div>\t<\/div>\n<script>var htmlDiv = document.getElementById(\"rs-plugin-settings-inline-css\"); var htmlDivCss=\"\";\n\t\t\t\tif(htmlDiv) {\n\t\t\t\t\thtmlDiv.innerHTML = htmlDiv.innerHTML + htmlDivCss;\n\t\t\t\t}else{\n\t\t\t\t\tvar htmlDiv = document.createElement(\"div\");\n\t\t\t\t\thtmlDiv.innerHTML = \"<style>\" + htmlDivCss + \"<\/style>\";\n\t\t\t\t\tdocument.getElementsByTagName(\"head\")[0].appendChild(htmlDiv.childNodes[0]);\n\t\t\t\t}\n\t\t\t<\/script>\n\t\t<script type=\"text\/javascript\">\nif (setREVStartSize!==undefined) setREVStartSize(\n\t{c: '#rev_slider_12_2', gridwidth: [2000], gridheight: [369], sliderLayout: 'auto'});\n\t\t\t\nvar revapi12,\n\ttpj;\t\n(function() {\t\t\t\n\tif (!\/loaded|interactive|complete\/.test(document.readyState)) document.addEventListener(\"DOMContentLoaded\",onLoad); else onLoad();\t\n\tfunction onLoad() {\t\t\t\t\n\t\tif (tpj===undefined) { tpj = jQuery; if(\"off\" == \"on\") tpj.noConflict();}\n\tif(tpj(\"#rev_slider_12_2\").revolution == undefined){\n\t\trevslider_showDoubleJqueryError(\"#rev_slider_12_2\");\n\t}else{\n\t\trevapi12 = tpj(\"#rev_slider_12_2\").show().revolution({\n\t\t\tsliderType:\"hero\",\n\t\t\tjsFileLocation:\"\/\/limadentalrgv.com\/wp-content\/plugins\/revslider\/public\/assets\/js\/\",\n\t\t\tsliderLayout:\"auto\",\n\t\t\tdottedOverlay:\"none\",\n\t\t\tdelay:9000,\n\t\t\tvisibilityLevels:[1240,1024,778,480],\n\t\t\tgridwidth:2000,\n\t\t\tgridheight:369,\n\t\t\tlazyType:\"none\",\n\t\t\tparallax: {\n\t\t\t\ttype:\"mouse\",\n\t\t\t\torigo:\"enterpoint\",\n\t\t\t\tspeed:400,\n\t\t\t\tspeedbg:0,\n\t\t\t\tspeedls:0,\n\t\t\t\tlevels:[5,10,15,20,25,30,35,40,45,46,47,48,49,50,51,55],\n\t\t\t},\n\t\t\tshadow:0,\n\t\t\tspinner:\"spinner0\",\n\t\t\tautoHeight:\"off\",\n\t\t\tdisableProgressBar:\"on\",\n\t\t\thideThumbsOnMobile:\"off\",\n\t\t\thideSliderAtLimit:0,\n\t\t\thideCaptionAtLimit:0,\n\t\t\thideAllCaptionAtLilmit:0,\n\t\t\tdebugMode:false,\n\t\t\tfallbacks: {\n\t\t\t\tsimplifyAll:\"off\",\n\t\t\t\tdisableFocusListener:false,\n\t\t\t}\n\t\t});\n\t}; \/* END OF revapi call *\/\n\t\n }; \/* END OF ON LOAD FUNCTION *\/\n}()); \/* END OF WRAPPING FUNCTION *\/\n<\/script>\n\t\t<\/div><!-- END REVOLUTION SLIDER -->\n<div class=\"contenido separa\"><div class=\"su-row\">\n<div class=\"su-column su-column-size-2-3\"><div class=\"su-column-inner su-u-clearfix su-u-trim\">\nUna buena higiene bucal es esencial para tener y mantener dientes buenos y saludables durante toda su vida. Y cuando se trata de salud dental, el dicho \u00abla prevenci\u00f3n es mejor y m\u00e1s barata que la cura\u00bb no puede ser m\u00e1s preciso.Encuentre algunos consejos a continuaci\u00f3n para ayudarlo a mantener la mejor salud dental:<\/p>\n<ul>\n<li>Come vegetales crudos. Las verduras frescas no solo tienen numerosos beneficios para la salud, sino que tambi\u00e9n son \u00fatiles para preservar sus dientes blancos. Cuando los mastica, funcionan como esponjas, quitando manchas en los dientes. Entonces, de ahora en adelante, s\u00edrvete un plato con verduras crudas en lugar de papas fritas.<\/li>\n<li>Beba como m\u00ednimo las bebidas gaseosas (gaseosas) y otras bebidas \u00e1cidas como sea posible. Este tipo de bebidas acelera el desgaste del esmalte dental (erosi\u00f3n).<\/li>\n<li>Cep\u00edllate los dientes dos veces al d\u00eda manteniendo una rutina de cepillado fija, al menos una vez antes de irte a dormir. Pero no se cepille inmediatamente despu\u00e9s de comer o beber bebidas o alimentos \u00e1cidos. Preferiblemente use un cepillo de dientes el\u00e9ctrico. La investigaci\u00f3n cient\u00edfica ha demostrado que esto es m\u00e1s efectivo que cepillarse con el cepillo de dientes manual.<\/li>\n<li>Use hilo dental diariamente para limpiar el espacio entre sus dientes. De esta manera, evita las enc\u00edas y los agujeros inflamados.<\/li>\n<li>Estimula la producci\u00f3n de saliva protectora masticando chicle sin az\u00facar. La saliva tiene un efecto neutralizante y protector en tus dientes.<\/li>\n<li>Evita fumar. Adem\u00e1s de ser muy poco saludable, tambi\u00e9n causa manchas en los dientes y una mayor probabilidad de problemas periodontales.<\/li>\n<li>Visite al dentista dos veces al a\u00f1o para un chequeo. Si un chequeo dental anual es suficiente, lo discutiremos con usted.<\/li>\n<li>Lleve a su hijo desde una edad temprana (le recomendamos al menos dos a\u00f1os o m\u00e1s) al dentista para que se familiarice con la pr\u00e1ctica y el chequeo.<\/li>\n<li>Comience a cepillar los dientes de los ni\u00f1os con pasta dental para ni\u00f1os peque\u00f1os con fl\u00faor y un cepillo de dientes suave tan pronto como salgan los primeros dientes.<\/li>\n<\/ul>\n<\/div><\/div>\n<div class=\"su-column su-column-size-1-3\"><div class=\"su-column-inner su-u-clearfix su-u-trim\">\n<div class=\"services-list-loop\">\n<ul class=\"list-loop\">\n<li><a href=\"https:\/\/limadentalrgv.com\/es\/salud-dental\/\">Salud Dental<\/a><\/li>\n<li><a href=\"https:\/\/limadentalrgv.com\/es\/salud-dental\/cepillado\/\">Cepillado<\/a><\/li>\n<li><a href=\"https:\/\/limadentalrgv.com\/es\/salud-dental\/selladores-dentales\/\">Selladores Dentales<\/a><\/li>\n<li><a href=\"https:\/\/limadentalrgv.com\/es\/salud-dental\/hilo-dental\/\">Hilo Dental<\/a><\/li>\n<li><a href=\"https:\/\/limadentalrgv.com\/es\/salud-dental\/tratamientos-con-fluor\/\">Tratamientos con Fl\u00faor<\/a><\/li>\n<li><a href=\"https:\/\/limadentalrgv.com\/es\/salud-dental\/salud-oral-prevencion\/\">Cuidado de la Salud Oral y Prevenci\u00f3n<\/a><\/li>\n<li><a href=\"https:\/\/limadentalrgv.com\/es\/salud-dental\/tratamiento-del-mal-aliento\/\">Tratamiento del Mal Aliento<\/a><\/li>\n<\/ul>\n<\/div>\n<style>\n\t.services-list-loop ul>li { padding-left: 0px;}\n\t\n\t.services-list-loop ul>li a:link, .services-list-loop ul>li a:visited { padding: 5px 10px; background-color: #eeeeee; color: #000000; display: block; text-decoration: none;}\n\t.services-list-loop ul>li a:hover { background-color: #cccccc; text-decoration: none;}\n\t.services-list-loop ul>li::before { content: ''; display: inherit;}\n<\/style>\n<\/div><\/div>\n<\/div>\n<div class=\"specialities-loop clearfix\">\n\n\t\n\t\t\n\t\n\t\n\t<div class=\"specialities-post\">\n\t\t\t\t\t\t<div class=\"specialities-thumbnail\"><img decoding=\"async\" src=\"https:\/\/limadentalrgv.com\/wp-content\/uploads\/2019\/08\/Dental-Health.jpg\" \/><\/div>\n\n\t\t\n\t\t<div class=\"specialities-inner\">\n\t\t\t<div class=\"specialities-title\">\n\t\t\t\t<a href=\"https:\/\/limadentalrgv.com\/es\/salud-dental\/\">Salud Dental<\/a>\n\t\t\t<\/div>\n\n\t\t\t<div class=\"specialities-excerpt\">\t\t\t\t\n\t\t\t\tUna buena higiene bucal es esencial para tener y mantener una...\t\t\t<\/div>\n\t\t<\/div>\n\t\t<div class=\"read-more\">\n\t\t\t<a href=\"https:\/\/limadentalrgv.com\/es\/salud-dental\/\" id=\"\" style=\"background-color: #a6d200;\">Leer m\u00e1s<\/a>\n\t\t<\/div>\n\t<\/div>\n\n\t\n\t\n\t\n\t<div class=\"specialities-post\">\n\t\t\t\t\t\t<div class=\"specialities-thumbnail\"><img decoding=\"async\" src=\"https:\/\/limadentalrgv.com\/wp-content\/uploads\/2019\/08\/Brushing.jpg\" \/><\/div>\n\n\t\t\n\t\t<div class=\"specialities-inner\">\n\t\t\t<div class=\"specialities-title\">\n\t\t\t\t<a href=\"https:\/\/limadentalrgv.com\/es\/salud-dental\/cepillado\/\">Cepillado<\/a>\n\t\t\t<\/div>\n\n\t\t\t<div class=\"specialities-excerpt\">\t\t\t\t\n\t\t\t\tLa mayor\u00eda de los adultos se cepillan los dientes, empleando la...\t\t\t<\/div>\n\t\t<\/div>\n\t\t<div class=\"read-more\">\n\t\t\t<a href=\"https:\/\/limadentalrgv.com\/es\/salud-dental\/cepillado\/\" id=\"\" style=\"background-color: #b71412;\">Leer m\u00e1s<\/a>\n\t\t<\/div>\n\t<\/div>\n\n\t\n\t\n\t\n\t<div class=\"specialities-post\">\n\t\t\t\t\t\t<div class=\"specialities-thumbnail\"><img decoding=\"async\" src=\"https:\/\/limadentalrgv.com\/wp-content\/uploads\/2019\/08\/Dental-Sealants.jpg\" \/><\/div>\n\n\t\t\n\t\t<div class=\"specialities-inner\">\n\t\t\t<div class=\"specialities-title\">\n\t\t\t\t<a href=\"https:\/\/limadentalrgv.com\/es\/salud-dental\/selladores-dentales\/\">Selladores Dentales<\/a>\n\t\t\t<\/div>\n\n\t\t\t<div class=\"specialities-excerpt\">\t\t\t\t\n\t\t\t\tIncluso cuando sus dientes est\u00e1n sanos, el esmalte puede desarrollar peque\u00f1as...\t\t\t<\/div>\n\t\t<\/div>\n\t\t<div class=\"read-more\">\n\t\t\t<a href=\"https:\/\/limadentalrgv.com\/es\/salud-dental\/selladores-dentales\/\" id=\"\" style=\"background-color: #00b1e1;\">Leer m\u00e1s<\/a>\n\t\t<\/div>\n\t<\/div>\n\n\t\n\t\n\t\n\t<div class=\"specialities-post\">\n\t\t\t\t\t\t<div class=\"specialities-thumbnail\"><img decoding=\"async\" src=\"https:\/\/limadentalrgv.com\/wp-content\/uploads\/2019\/08\/Flossing.jpg\" \/><\/div>\n\n\t\t\n\t\t<div class=\"specialities-inner\">\n\t\t\t<div class=\"specialities-title\">\n\t\t\t\t<a href=\"https:\/\/limadentalrgv.com\/es\/salud-dental\/hilo-dental\/\">Hilo Dental<\/a>\n\t\t\t<\/div>\n\n\t\t\t<div class=\"specialities-excerpt\">\t\t\t\t\n\t\t\t\tLa investigaci\u00f3n muestra que el hilo dental regular puede reducir significativamente...\t\t\t<\/div>\n\t\t<\/div>\n\t\t<div class=\"read-more\">\n\t\t\t<a href=\"https:\/\/limadentalrgv.com\/es\/salud-dental\/hilo-dental\/\" id=\"\" style=\"background-color: #a6d200;\">Leer m\u00e1s<\/a>\n\t\t<\/div>\n\t<\/div>\n\n\t\n\t\n\t\n\t<div class=\"specialities-post\">\n\t\t\t\t\t\t<div class=\"specialities-thumbnail\"><img decoding=\"async\" src=\"https:\/\/limadentalrgv.com\/wp-content\/uploads\/2019\/08\/Fluoride-Treatments.jpg\" \/><\/div>\n\n\t\t\n\t\t<div class=\"specialities-inner\">\n\t\t\t<div class=\"specialities-title\">\n\t\t\t\t<a href=\"https:\/\/limadentalrgv.com\/es\/salud-dental\/tratamientos-con-fluor\/\">Tratamientos con Fl\u00faor<\/a>\n\t\t\t<\/div>\n\n\t\t\t<div class=\"specialities-excerpt\">\t\t\t\t\n\t\t\t\tEl fluoruro es una sustancia que fortalece los dientes y los...\t\t\t<\/div>\n\t\t<\/div>\n\t\t<div class=\"read-more\">\n\t\t\t<a href=\"https:\/\/limadentalrgv.com\/es\/salud-dental\/tratamientos-con-fluor\/\" id=\"\" style=\"background-color: #b71412;\">Leer m\u00e1s<\/a>\n\t\t<\/div>\n\t<\/div>\n\n\t\n\t\n\t\n\t<div class=\"specialities-post\">\n\t\t\t\t\t\t<div class=\"specialities-thumbnail\"><img decoding=\"async\" src=\"https:\/\/limadentalrgv.com\/wp-content\/uploads\/2019\/08\/Oral-Health-Care-and-Prevention.jpg\" \/><\/div>\n\n\t\t\n\t\t<div class=\"specialities-inner\">\n\t\t\t<div class=\"specialities-title\">\n\t\t\t\t<a href=\"https:\/\/limadentalrgv.com\/es\/salud-dental\/salud-oral-prevencion\/\">Cuidado de la Salud Oral y Prevenci\u00f3n<\/a>\n\t\t\t<\/div>\n\n\t\t\t<div class=\"specialities-excerpt\">\t\t\t\t\n\t\t\t\t\t\t\t<\/div>\n\t\t<\/div>\n\t\t<div class=\"read-more\">\n\t\t\t<a href=\"https:\/\/limadentalrgv.com\/es\/salud-dental\/salud-oral-prevencion\/\" id=\"\" style=\"background-color: #00b1e1;\">Leer m\u00e1s<\/a>\n\t\t<\/div>\n\t<\/div>\n\n\t\n\t\n\t\n\t<div class=\"specialities-post\">\n\t\t\t\t\t\t<div class=\"specialities-thumbnail\"><img decoding=\"async\" src=\"https:\/\/limadentalrgv.com\/wp-content\/uploads\/2019\/08\/Treatment-of-Bad-Breath.jpg\" \/><\/div>\n\n\t\t\n\t\t<div class=\"specialities-inner\">\n\t\t\t<div class=\"specialities-title\">\n\t\t\t\t<a href=\"https:\/\/limadentalrgv.com\/es\/salud-dental\/tratamiento-del-mal-aliento\/\">Tratamiento del Mal Aliento<\/a>\n\t\t\t<\/div>\n\n\t\t\t<div class=\"specialities-excerpt\">\t\t\t\t\n\t\t\t\tLos pacientes con mal aliento (o halitosis) a menudo sufren consecuencias...\t\t\t<\/div>\n\t\t<\/div>\n\t\t<div class=\"read-more\">\n\t\t\t<a href=\"https:\/\/limadentalrgv.com\/es\/salud-dental\/tratamiento-del-mal-aliento\/\" id=\"\" style=\"background-color: #a6d200;\">Leer m\u00e1s<\/a>\n\t\t<\/div>\n\t<\/div>\n\n\t\n\t\n\t\n\t\n<\/div>\n<style>\n\t\n\t\n\t\n\t\n\t.specialities-post {\t\t\n\t\twidth: 96.5%;\n    \tmargin: 0 5% 5% 0;\n\t\tposition: relative;\n\t\tborder: 1px solid #535353;\n\t\tdisplay: inline-grid;\n\t\tpadding: 0 0 2em 0;\n\t}\n\t@media (min-width: 600px) { .specialities-post { width: 44.5%; padding: 0;} }\n\t@media (min-width: 996px) { .specialities-post { width: 29.5%; padding: 0;} }\n\t\n\t.specialities-post:nth-child(3n - 3) {\n\t\tmargin: 0 0 0 0;\n\t}\n\t\n\t.specialities-inner {\n\t\tpadding: 20px;\n\t}\n\t\n\t.specialities-excerpt {\n\t\tline-height: 120%;\n\t\ttext-align: center;\n\t\tfont-size: 16px;\n\t}\n\t\n\t.specialities-title {\n\t\ttext-align: center;\n\t}\n\t\n\t.specialities-title a:link,\n\t.specialities-title a:visited {\n\t\tcolor: #181818;\n\t\ttext-transform: uppercase;\n\t\tfont-size: 18px;\n\t\tfont-weight: bold;\n\t}\n\t\n\t.specialities-thumbnail {\n\t\twidth: 100%;\n\t\tline-height: 100%;\n\t}\n\t\n\t.specialities-thumbnail img {\n\t\twidth: 100%;\n\t\theight: auto;\n\t}\n\t\n\t.specialities-post {\n\t\ttext-align: center;\n\t}\n\t\n\t.specialities-post .read-more {\n\t\tbottom: -14px;\n\t\tposition: relative;\n\t}\n\t\n\t.specialities-post .read-more a:link, .specialities-post .read-more a:visited {\t\t\n\t\tcolor: #ffffff;\n\t\ttext-transform: uppercase;\n\t\tfont-size: 12px;\n\t\tpadding: 10px 30px;\n\t\t-webkit-border-radius: 50px;\n\t\t-moz-border-radius: 50px;\n\t\tborder-radius: 50px;\n\t}\n\t\n\t\n\t\n\t\n\t\n\t.specialities-post:last-child .specialities-thumbnail,\n\t.specialities-post:last-child .read-more a:link, \n\t.specialities-post:last-child .read-more a:visited {\n\t\tbackground-color: #a6d200;\n\t}\n\n\t.specialities-post:first-child .specialities-thumbnail,\n\t.specialities-post:first-child .read-more a:link, \n\t.specialities-post:first-child .read-more a:visited {\n\t\tbackground-color: #b71412;\n\t}\n\t\n\t.specialities-post:nth-child(2n - 2) .specialities-thumbnail,\n\t.specialities-post:nth-child(2n - 2) .read-more a:link,\n\t.specialities-post:nth-child(2n - 2) .read-more a:visited {\n\t\tbackground-color: #00b1e1;\n\t}\n\n\t\n\t.specialities-post .read-more a:hover {\n\t\ttext-decoration: none;\n\t}\n<\/style>\n<\/div>","protected":false},"excerpt":{"rendered":"<p>Una buena higiene bucal es esencial para tener y mantener una buena y dientes sanos durante toda su vida. Y cuando se trata de la salud dental, el dicho \u201cla prevenci\u00f3n es mejor y m\u00e1s barato que curar\u201d no puede ser m\u00e1s precisa.<\/p>\n","protected":false},"author":1,"featured_media":692,"parent":0,"menu_order":0,"comment_status":"closed","ping_status":"closed","template":"","meta":{"footnotes":""},"categories":[4],"tags":[],"class_list":["post-14","page","type-page","status-publish","has-post-thumbnail","hentry","category-dental-health"],"aioseo_notices":[],"_links":{"self":[{"href":"https:\/\/limadentalrgv.com\/es\/wp-json\/wp\/v2\/pages\/14","targetHints":{"allow":["GET"]}}],"collection":[{"href":"https:\/\/limadentalrgv.com\/es\/wp-json\/wp\/v2\/pages"}],"about":[{"href":"https:\/\/limadentalrgv.com\/es\/wp-json\/wp\/v2\/types\/page"}],"author":[{"embeddable":true,"href":"https:\/\/limadentalrgv.com\/es\/wp-json\/wp\/v2\/users\/1"}],"replies":[{"embeddable":true,"href":"https:\/\/limadentalrgv.com\/es\/wp-json\/wp\/v2\/comments?post=14"}],"version-history":[{"count":15,"href":"https:\/\/limadentalrgv.com\/es\/wp-json\/wp\/v2\/pages\/14\/revisions"}],"predecessor-version":[{"id":1274,"href":"https:\/\/limadentalrgv.com\/es\/wp-json\/wp\/v2\/pages\/14\/revisions\/1274"}],"wp:featuredmedia":[{"embeddable":true,"href":"https:\/\/limadentalrgv.com\/es\/wp-json\/wp\/v2\/media\/692"}],"wp:attachment":[{"href":"https:\/\/limadentalrgv.com\/es\/wp-json\/wp\/v2\/media?parent=14"}],"wp:term":[{"taxonomy":"category","embeddable":true,"href":"https:\/\/limadentalrgv.com\/es\/wp-json\/wp\/v2\/categories?post=14"},{"taxonomy":"post_tag","embeddable":true,"href":"https:\/\/limadentalrgv.com\/es\/wp-json\/wp\/v2\/tags?post=14"}],"curies":[{"name":"wp","href":"https:\/\/api.w.org\/{rel}","templated":true}]}}