{"id":12,"date":"2019-06-12T15:56:38","date_gmt":"2019-06-12T15:56:38","guid":{"rendered":"http:\/\/limadentalrgv.com\/?page_id=12"},"modified":"2019-12-18T19:34:29","modified_gmt":"2019-12-18T19:34:29","slug":"new-patients","status":"publish","type":"page","link":"https:\/\/limadentalrgv.com\/es\/new-patients\/","title":{"rendered":"Nuevos Pacientes"},"content":{"rendered":"<link href=\"https:\/\/fonts.googleapis.com\/css?family=Lato:700%2C400\" rel=\"stylesheet\" property=\"stylesheet\" type=\"text\/css\" media=\"all\">\n<div id=\"rev_slider_7_2_wrapper\" class=\"rev_slider_wrapper fullwidthbanner-container\" data-source=\"gallery\" style=\"margin:0px auto;background:transparent;padding:0px;margin-top:0px;margin-bottom:0px;\">\n<!-- START REVOLUTION SLIDER 5.4.8.1 auto mode -->\n\t<div id=\"rev_slider_7_2\" class=\"rev_slider fullwidthabanner\" style=\"display:none;\" data-version=\"5.4.8.1\">\n<ul>\t<!-- SLIDE  -->\n\t<li data-index=\"rs-7\" data-transition=\"fade\" data-slotamount=\"default\" data-hideafterloop=\"0\" data-hideslideonmobile=\"off\"  data-easein=\"default\" data-easeout=\"default\" data-masterspeed=\"300\"  data-rotate=\"0\"  data-saveperformance=\"off\"  data-title=\"Slide\" data-param1=\"\" data-param2=\"\" data-param3=\"\" data-param4=\"\" data-param5=\"\" data-param6=\"\" data-param7=\"\" data-param8=\"\" data-param9=\"\" data-param10=\"\" data-description=\"\">\n\t\t<!-- MAIN IMAGE -->\n\t\t<img loading=\"lazy\" decoding=\"async\" src=\"https:\/\/limadentalrgv.com\/wp-content\/uploads\/2019\/08\/New-Patients.jpg\"  alt=\"\" title=\"New-Patients\"  width=\"2000\" height=\"396\" data-bgposition=\"center center\" data-bgfit=\"cover\" data-bgrepeat=\"no-repeat\" data-bgparallax=\"4\" class=\"rev-slidebg\" data-no-retina>\n\t\t<!-- LAYERS -->\n\n\t\t<!-- LAYER NR. 1 -->\n\t\t<h1 class=\"tp-caption   tp-resizeme\" \n\t\t\t id=\"slide-7-layer-1\" \n\t\t\t data-x=\"center\" data-hoffset=\"\" \n\t\t\t data-y=\"center\" data-voffset=\"\" \n\t\t\t\t\t\tdata-width=\"['auto','350']\"\n\t\t\tdata-height=\"['auto','auto']\"\n \n\t\t\tdata-type=\"text\" \n\t\t\tdata-responsive_offset=\"on\" \n\n\t\t\tdata-frames='[{\"delay\":0,\"speed\":300,\"frame\":\"0\",\"from\":\"x:right;skX:-85px;\",\"to\":\"o:1;\",\"ease\":\"Power3.easeInOut\"},{\"delay\":\"wait\",\"speed\":300,\"frame\":\"999\",\"ease\":\"Power3.easeInOut\"}]'\n\t\t\tdata-textAlign=\"['center','center','center','center']\"\n\t\t\tdata-paddingtop=\"[0,0,0,0]\"\n\t\t\tdata-paddingright=\"[0,0,0,0]\"\n\t\t\tdata-paddingbottom=\"[0,0,0,0]\"\n\t\t\tdata-paddingleft=\"[0,0,0,0]\"\n\n\t\t\tstyle=\"z-index: 5; white-space: nowrap; font-size: 75px; line-height: 60px; font-weight: 700; color: #000000; letter-spacing: 0px;font-family:Lato;\">Nuevos Pacientes <\/h1>\n\n\t\t<!-- LAYER NR. 2 -->\n\t\t<h1 class=\"tp-caption   tp-resizeme\" \n\t\t\t id=\"slide-7-layer-5\" \n\t\t\t data-x=\"center\" data-hoffset=\"3\" \n\t\t\t data-y=\"center\" data-voffset=\"-47\" \n\t\t\t\t\t\tdata-width=\"['auto','350']\"\n\t\t\tdata-height=\"['auto','auto']\"\n \n\t\t\tdata-type=\"text\" \n\t\t\tdata-responsive_offset=\"on\" \n\n\t\t\tdata-frames='[{\"delay\":0,\"speed\":300,\"frame\":\"0\",\"from\":\"x:left;skX:45px;\",\"to\":\"o:1;\",\"ease\":\"Power3.easeInOut\"},{\"delay\":\"wait\",\"speed\":300,\"frame\":\"999\",\"ease\":\"Power3.easeInOut\"}]'\n\t\t\tdata-textAlign=\"['center','center','center','center']\"\n\t\t\tdata-paddingtop=\"[0,0,0,0]\"\n\t\t\tdata-paddingright=\"[0,0,0,0]\"\n\t\t\tdata-paddingbottom=\"[0,0,0,0]\"\n\t\t\tdata-paddingleft=\"[0,0,0,0]\"\n\n\t\t\tstyle=\"z-index: 6; white-space: nowrap; font-size: 24px; line-height: 32px; font-weight: 400; color: #000000; letter-spacing: 0px;font-family:Lato;\"> <\/h1>\n\t<\/li>\n<\/ul>\n<div class=\"tp-bannertimer tp-bottom\" style=\"visibility: hidden !important;\"><\/div>\t<\/div>\n<script>var htmlDiv = document.getElementById(\"rs-plugin-settings-inline-css\"); var htmlDivCss=\"\";\n\t\t\t\tif(htmlDiv) {\n\t\t\t\t\thtmlDiv.innerHTML = htmlDiv.innerHTML + htmlDivCss;\n\t\t\t\t}else{\n\t\t\t\t\tvar htmlDiv = document.createElement(\"div\");\n\t\t\t\t\thtmlDiv.innerHTML = \"<style>\" + htmlDivCss + \"<\/style>\";\n\t\t\t\t\tdocument.getElementsByTagName(\"head\")[0].appendChild(htmlDiv.childNodes[0]);\n\t\t\t\t}\n\t\t\t<\/script>\n\t\t<script type=\"text\/javascript\">\nif (setREVStartSize!==undefined) setREVStartSize(\n\t{c: '#rev_slider_7_2', gridwidth: [2000], gridheight: [369], sliderLayout: 'auto'});\n\t\t\t\nvar revapi7,\n\ttpj;\t\n(function() {\t\t\t\n\tif (!\/loaded|interactive|complete\/.test(document.readyState)) document.addEventListener(\"DOMContentLoaded\",onLoad); else onLoad();\t\n\tfunction onLoad() {\t\t\t\t\n\t\tif (tpj===undefined) { tpj = jQuery; if(\"off\" == \"on\") tpj.noConflict();}\n\tif(tpj(\"#rev_slider_7_2\").revolution == undefined){\n\t\trevslider_showDoubleJqueryError(\"#rev_slider_7_2\");\n\t}else{\n\t\trevapi7 = tpj(\"#rev_slider_7_2\").show().revolution({\n\t\t\tsliderType:\"hero\",\n\t\t\tjsFileLocation:\"\/\/limadentalrgv.com\/wp-content\/plugins\/revslider\/public\/assets\/js\/\",\n\t\t\tsliderLayout:\"auto\",\n\t\t\tdottedOverlay:\"none\",\n\t\t\tdelay:9000,\n\t\t\tvisibilityLevels:[1240,1024,778,480],\n\t\t\tgridwidth:2000,\n\t\t\tgridheight:369,\n\t\t\tlazyType:\"none\",\n\t\t\tparallax: {\n\t\t\t\ttype:\"mouse\",\n\t\t\t\torigo:\"enterpoint\",\n\t\t\t\tspeed:400,\n\t\t\t\tspeedbg:0,\n\t\t\t\tspeedls:0,\n\t\t\t\tlevels:[5,10,15,20,25,30,35,40,45,46,47,48,49,50,51,55],\n\t\t\t},\n\t\t\tshadow:0,\n\t\t\tspinner:\"spinner0\",\n\t\t\tautoHeight:\"off\",\n\t\t\tdisableProgressBar:\"on\",\n\t\t\thideThumbsOnMobile:\"off\",\n\t\t\thideSliderAtLimit:0,\n\t\t\thideCaptionAtLimit:0,\n\t\t\thideAllCaptionAtLilmit:0,\n\t\t\tdebugMode:false,\n\t\t\tfallbacks: {\n\t\t\t\tsimplifyAll:\"off\",\n\t\t\t\tdisableFocusListener:false,\n\t\t\t}\n\t\t});\n\t}; \/* END OF revapi call *\/\n\t\n }; \/* END OF ON LOAD FUNCTION *\/\n}()); \/* END OF WRAPPING FUNCTION *\/\n<\/script>\n\t\t<\/div><!-- END REVOLUTION SLIDER -->\n<div class=\"contenido separa\"><div class=\"su-row\">\n<div class=\"su-column su-column-size-2-3\"><div class=\"su-column-inner su-u-clearfix su-u-trim\">\n<h4>Visi\u00f3n general<\/h4>\n<p><strong>Le damos la bienvenida a una experiencia dental completamente nueva. \u00a1Ven y comprueba por ti mismo lo diferente que puede ser la odontolog\u00eda moderna!<\/strong><\/p>\n<p>La siguiente informaci\u00f3n sirve para mantener una buena organizaci\u00f3n, para que nuestras actividades funcionen de manera \u00f3ptima, lo que beneficia nuestra calidad. Adem\u00e1s, crea claridad para usted como paciente, de modo que se pueden evitar discusiones que requieren mucho tiempo.<\/p>\n<p>La primera visita es vital para nuestra relaci\u00f3n con usted. Durante la primera visita, nos aseguramos de obtener informaci\u00f3n b\u00e1sica importante, como su historial m\u00e9dico, y le damos tiempo para conocer a su dentista.<\/p>\n<p>Puede ahorrar algo de tiempo en su primera visita imprimiendo y completando los formularios de pacientes antes de su cita:<\/p>\n<p>A todos los pacientes nuevos, a su llegada a su primera cita, se les pedir\u00e1 que completen todos los formularios de informaci\u00f3n relevante.<\/p>\n<p>Nuestro equipo comprende que su experiencia con nuestra odontolog\u00eda se extiende m\u00e1s all\u00e1 de sus dientes. Nos enfocamos en hacer que sus visitas sean lo m\u00e1s simples, convenientes y agradables posible.<\/p>\n<p><strong>Algunas reglas generales de la casa:<\/strong><\/p>\n<ul>\n<li>Es inquietante tanto para el profesional como para el equipo si su tel\u00e9fono suena en la pr\u00e1ctica. Es por eso que le solicitamos amablemente que apague su tel\u00e9fono celular durante los tratamientos.<\/li>\n<li>Est\u00e1 prohibido fumar en toda la pr\u00e1ctica.<\/li>\n<li>No permitimos mascotas.<\/li>\n<\/ul>\n<p>Gracias por considerarnos para sus necesidades de atenci\u00f3n dental.<br \/>\n<\/div><\/div>\n<div class=\"su-column su-column-size-1-3\"><div class=\"su-column-inner su-u-clearfix su-u-trim\">\n<div class=\"services-list-loop\">\n<ul class=\"list-loop\">\n<li><a href=\"https:\/\/limadentalrgv.com\/es\/new-patients\/oral-health-care-and-prevention\/\">Cuidado de la Salud Oral y Prevenci\u00f3n<\/a><\/li>\n<li><a href=\"https:\/\/limadentalrgv.com\/es\/new-patients\/our-goal\/\">Nuestras Meta<\/a><\/li>\n<li><a href=\"https:\/\/limadentalrgv.com\/es\/new-patients\/what-to-expect\/\">Qu\u00e9 Esperar<\/a><\/li>\n<li><a href=\"https:\/\/limadentalrgv.com\/es\/new-patients\/payment-options\/\">Opciones de Pago<\/a><\/li>\n<\/ul>\n<\/div>\n<style>\n\t.services-list-loop ul>li { padding-left: 0px;}\n\t\n\t.services-list-loop ul>li a:link, .services-list-loop ul>li a:visited { padding: 5px 10px; background-color: #eeeeee; color: #000000; display: block; text-decoration: none;}\n\t.services-list-loop ul>li a:hover { background-color: #cccccc; text-decoration: none;}\n\t.services-list-loop ul>li::before { content: ''; display: inherit;}\n<\/style>\n<\/div><\/div>\n<\/div>\n<div class=\"specialities-loop clearfix\">\n\n\t\n\t\t\n\t\n\t\n\t<div class=\"specialities-post\">\n\t\t\t\t\t\t<div class=\"specialities-thumbnail\"><img decoding=\"async\" src=\"https:\/\/limadentalrgv.com\/wp-content\/uploads\/2019\/08\/ORAL-HEALTH-CARE-AND-PREVENTION.jpg\" \/><\/div>\n\n\t\t\n\t\t<div class=\"specialities-inner\">\n\t\t\t<div class=\"specialities-title\">\n\t\t\t\t<a href=\"https:\/\/limadentalrgv.com\/es\/new-patients\/oral-health-care-and-prevention\/\">Cuidado de la Salud Oral y Prevenci\u00f3n<\/a>\n\t\t\t<\/div>\n\n\t\t\t<div class=\"specialities-excerpt\">\t\t\t\t\n\t\t\t\t\t\t\t<\/div>\n\t\t<\/div>\n\t\t<div class=\"read-more\">\n\t\t\t<a href=\"https:\/\/limadentalrgv.com\/es\/new-patients\/oral-health-care-and-prevention\/\" id=\"\" style=\"background-color: #a6d200;\">Leer m\u00e1s<\/a>\n\t\t<\/div>\n\t<\/div>\n\n\t\n\t\n\t\n\t<div class=\"specialities-post\">\n\t\t\t\t\t\t<div class=\"specialities-thumbnail\"><img decoding=\"async\" src=\"https:\/\/limadentalrgv.com\/wp-content\/uploads\/2019\/08\/Our-Goal.jpg\" \/><\/div>\n\n\t\t\n\t\t<div class=\"specialities-inner\">\n\t\t\t<div class=\"specialities-title\">\n\t\t\t\t<a href=\"https:\/\/limadentalrgv.com\/es\/new-patients\/our-goal\/\">Nuestras Meta<\/a>\n\t\t\t<\/div>\n\n\t\t\t<div class=\"specialities-excerpt\">\t\t\t\t\n\t\t\t\t\t\t\t<\/div>\n\t\t<\/div>\n\t\t<div class=\"read-more\">\n\t\t\t<a href=\"https:\/\/limadentalrgv.com\/es\/new-patients\/our-goal\/\" id=\"\" style=\"background-color: #b71412;\">Leer m\u00e1s<\/a>\n\t\t<\/div>\n\t<\/div>\n\n\t\n\t\n\t\n\t<div class=\"specialities-post\">\n\t\t\t\t\t\t<div class=\"specialities-thumbnail\"><img decoding=\"async\" src=\"https:\/\/limadentalrgv.com\/wp-content\/uploads\/2019\/08\/What-to-Expect.jpg\" \/><\/div>\n\n\t\t\n\t\t<div class=\"specialities-inner\">\n\t\t\t<div class=\"specialities-title\">\n\t\t\t\t<a href=\"https:\/\/limadentalrgv.com\/es\/new-patients\/what-to-expect\/\">Qu\u00e9 Esperar<\/a>\n\t\t\t<\/div>\n\n\t\t\t<div class=\"specialities-excerpt\">\t\t\t\t\n\t\t\t\t\t\t\t<\/div>\n\t\t<\/div>\n\t\t<div class=\"read-more\">\n\t\t\t<a href=\"https:\/\/limadentalrgv.com\/es\/new-patients\/what-to-expect\/\" id=\"\" style=\"background-color: #00b1e1;\">Leer m\u00e1s<\/a>\n\t\t<\/div>\n\t<\/div>\n\n\t\n\t\n\t\n\t<div class=\"specialities-post\">\n\t\t\n\t\t<div class=\"specialities-inner\">\n\t\t\t<div class=\"specialities-title\">\n\t\t\t\t<a href=\"https:\/\/limadentalrgv.com\/es\/new-patients\/payment-options\/\">Opciones de Pago<\/a>\n\t\t\t<\/div>\n\n\t\t\t<div class=\"specialities-excerpt\">\t\t\t\t\n\t\t\t\tOpciones de Pago Nuestra oficina acepta la asignaci\u00f3n de beneficios de...\t\t\t<\/div>\n\t\t<\/div>\n\t\t<div class=\"read-more\">\n\t\t\t<a href=\"https:\/\/limadentalrgv.com\/es\/new-patients\/payment-options\/\" id=\"\" style=\"background-color: #a6d200;\">Leer m\u00e1s<\/a>\n\t\t<\/div>\n\t<\/div>\n\n\t\n\t\n\t\n\t\n<\/div>\n<style>\n\t\n\t\n\t\n\t\n\t.specialities-post {\t\t\n\t\twidth: 96.5%;\n    \tmargin: 0 5% 5% 0;\n\t\tposition: relative;\n\t\tborder: 1px solid #535353;\n\t\tdisplay: inline-grid;\n\t\tpadding: 0 0 2em 0;\n\t}\n\t@media (min-width: 600px) { .specialities-post { width: 44.5%; padding: 0;} }\n\t@media (min-width: 996px) { .specialities-post { width: 29.5%; padding: 0;} }\n\t\n\t.specialities-post:nth-child(3n - 3) {\n\t\tmargin: 0 0 0 0;\n\t}\n\t\n\t.specialities-inner {\n\t\tpadding: 20px;\n\t}\n\t\n\t.specialities-excerpt {\n\t\tline-height: 120%;\n\t\ttext-align: center;\n\t\tfont-size: 16px;\n\t}\n\t\n\t.specialities-title {\n\t\ttext-align: center;\n\t}\n\t\n\t.specialities-title a:link,\n\t.specialities-title a:visited {\n\t\tcolor: #181818;\n\t\ttext-transform: uppercase;\n\t\tfont-size: 18px;\n\t\tfont-weight: bold;\n\t}\n\t\n\t.specialities-thumbnail {\n\t\twidth: 100%;\n\t\tline-height: 100%;\n\t}\n\t\n\t.specialities-thumbnail img {\n\t\twidth: 100%;\n\t\theight: auto;\n\t}\n\t\n\t.specialities-post {\n\t\ttext-align: center;\n\t}\n\t\n\t.specialities-post .read-more {\n\t\tbottom: -14px;\n\t\tposition: relative;\n\t}\n\t\n\t.specialities-post .read-more a:link, .specialities-post .read-more a:visited {\t\t\n\t\tcolor: #ffffff;\n\t\ttext-transform: uppercase;\n\t\tfont-size: 12px;\n\t\tpadding: 10px 30px;\n\t\t-webkit-border-radius: 50px;\n\t\t-moz-border-radius: 50px;\n\t\tborder-radius: 50px;\n\t}\n\t\n\t\n\t\n\t\n\t\n\t.specialities-post:last-child .specialities-thumbnail,\n\t.specialities-post:last-child .read-more a:link, \n\t.specialities-post:last-child .read-more a:visited {\n\t\tbackground-color: #a6d200;\n\t}\n\n\t.specialities-post:first-child .specialities-thumbnail,\n\t.specialities-post:first-child .read-more a:link, \n\t.specialities-post:first-child .read-more a:visited {\n\t\tbackground-color: #b71412;\n\t}\n\t\n\t.specialities-post:nth-child(2n - 2) .specialities-thumbnail,\n\t.specialities-post:nth-child(2n - 2) .read-more a:link,\n\t.specialities-post:nth-child(2n - 2) .read-more a:visited {\n\t\tbackground-color: #00b1e1;\n\t}\n\n\t\n\t.specialities-post .read-more a:hover {\n\t\ttext-decoration: none;\n\t}\n<\/style>\n<\/div>","protected":false},"excerpt":{"rendered":"","protected":false},"author":1,"featured_media":0,"parent":0,"menu_order":0,"comment_status":"closed","ping_status":"closed","template":"","meta":{"footnotes":""},"categories":[],"tags":[],"class_list":["post-12","page","type-page","status-publish","hentry"],"aioseo_notices":[],"_links":{"self":[{"href":"https:\/\/limadentalrgv.com\/es\/wp-json\/wp\/v2\/pages\/12","targetHints":{"allow":["GET"]}}],"collection":[{"href":"https:\/\/limadentalrgv.com\/es\/wp-json\/wp\/v2\/pages"}],"about":[{"href":"https:\/\/limadentalrgv.com\/es\/wp-json\/wp\/v2\/types\/page"}],"author":[{"embeddable":true,"href":"https:\/\/limadentalrgv.com\/es\/wp-json\/wp\/v2\/users\/1"}],"replies":[{"embeddable":true,"href":"https:\/\/limadentalrgv.com\/es\/wp-json\/wp\/v2\/comments?post=12"}],"version-history":[{"count":12,"href":"https:\/\/limadentalrgv.com\/es\/wp-json\/wp\/v2\/pages\/12\/revisions"}],"predecessor-version":[{"id":1221,"href":"https:\/\/limadentalrgv.com\/es\/wp-json\/wp\/v2\/pages\/12\/revisions\/1221"}],"wp:attachment":[{"href":"https:\/\/limadentalrgv.com\/es\/wp-json\/wp\/v2\/media?parent=12"}],"wp:term":[{"taxonomy":"category","embeddable":true,"href":"https:\/\/limadentalrgv.com\/es\/wp-json\/wp\/v2\/categories?post=12"},{"taxonomy":"post_tag","embeddable":true,"href":"https:\/\/limadentalrgv.com\/es\/wp-json\/wp\/v2\/tags?post=12"}],"curies":[{"name":"wp","href":"https:\/\/api.w.org\/{rel}","templated":true}]}}