{"id":1048,"date":"2019-10-15T23:11:39","date_gmt":"2019-10-15T23:11:39","guid":{"rendered":"http:\/\/limadentalrgv.com\/?page_id=1048"},"modified":"2019-12-20T14:25:02","modified_gmt":"2019-12-20T14:25:02","slug":"limited-exam","status":"publish","type":"page","link":"https:\/\/limadentalrgv.com\/es\/services\/english-limited-exam\/","title":{"rendered":"Examen limitado"},"content":{"rendered":"<div class=\"contenido separa\">\n<h1 style=\"text-align: center;\"><strong>Examen limitado (ex\u00e1menes de emergencia)<\/strong><\/h1>\n<p><strong>Vuelva a sentirse c\u00f3modo y feliz m\u00e1s pronto que tarde con nuestro r\u00e1pido y eficiente examen dental limitado en McAllen y Palmview, TX.<\/strong><\/p>\n<p>Si necesita recibir atenci\u00f3n inmediata de un dentista y quiere estar seguro sabiendo que estar\u00e1 en buenas manos durante una emergencia dental, \u00a1Lima dental cumple todos los requisitos y a\u00fan m\u00e1s!<\/p>\n<p>Tan convenientemente ubicado en McAllen y Palmview, damos la bienvenida a emergencias dentales de cualquier tipo. Cuando nos visite, le garantizamos que nuestro equipo dental de emergencia desplegar\u00e1 r\u00e1pidamente una capacidad dental de clase mundial en el \u00e1rea del problema, y \u200b\u200besto podr\u00eda incluir el uso de rayos X digitales si es necesario.<\/p>\n<p>Cuando ingrese a Lima Dental, puede estar seguro de que siempre recibir\u00e1 la mejor atenci\u00f3n dental. <strong>Nuestros dentistas no cortan esquinas<\/strong>. Con un ojo en los detalles, su dentista podr\u00eda usar un explorador dependiendo de su situaci\u00f3n para investigar sus dientes, enc\u00edas y pr\u00f3tesis dentales existentes. A veces, para obtener una visi\u00f3n exhaustiva de la situaci\u00f3n, las dentaduras postizas completas o parciales tendr\u00edan que retirarse durante el examen.<\/p>\n<p>El cuidado dental es una calle de doble sentido. Por lo tanto, durante un examen limitado, alentamos a los pacientes a que conf\u00eden en su dentista y se sientan libres de discutir lo que pueda estar molest\u00e1ndolo, compartir sus pensamientos sobre los s\u00edntomas que ha notado y hacer preguntas sobre sus dientes y su salud bucal.<\/p>\n<p>El \u00fanico objetivo, como siempre, es proporcionar diagn\u00f3sticos r\u00e1pidos y precisos del problema, as\u00ed como asesorarlo sobre el mejor tratamiento posible que lo aliviar\u00e1 del dolor, las molestias, la hinchaz\u00f3n o la posible infecci\u00f3n.<\/p>\n<p>Afortunadamente, en Lima Dental, estamos bien preparados y conocedores para proporcionar tratamientos y \/ o recetas adecuadas para el mismo d\u00eda, lo que significa que no tiene que moverse de un lugar a otro con molestias y dolores. E incluso si el tratamiento requerido es de m\u00faltiples procedimientos y requerir\u00eda m\u00faltiples visitas, como tratamientos de conducto radicular, lo tenemos cubierto. Y r\u00e1pidamente apreciar\u00e1 los beneficios de tener ex\u00e1menes y tratamientos limitados por el mismo profesional dental, lo que inevitablemente aumentar\u00eda las probabilidades de un mejor resultado.<\/p>\n<p>Nuestros precios son muy competitivos. Por lo tanto, tiene la garant\u00eda de obtener la mejor oferta posible para ex\u00e1menes limitados en McAllen y Palmview, TX.<\/p>\n<p>En Lima Dental, siempre tendr\u00e1 la tranquilidad de saber que los expertos lo est\u00e1n cuidando. Regularmente capacitamos a nuestro equipo en las mejores pr\u00e1cticas de la industria y en el manejo de los \u00faltimos equipos dentales para garantizar que puedan manejar cualquier problema dental de manera r\u00e1pida, eficiente y segura sin empeorar su situaci\u00f3n.<\/p>\n<p>No dude en visitarnos cuando tenga una emergencia dental. Haremos todo lo posible para garantizar que se restablezca su salud bucal y pueda volver a disfrutar de la vida con una sonrisa radiante.<\/p>\n<\/div>","protected":false},"excerpt":{"rendered":"<p>Examen limitado (ex\u00e1menes de emergencia) Vuelva a sentirse c\u00f3modo y feliz m\u00e1s pronto que tarde con nuestro r\u00e1pido y eficiente examen dental limitado en McAllen y Palmview, TX. Si necesita recibir atenci\u00f3n inmediata de un dentista y quiere estar seguro sabiendo que estar\u00e1 en buenas manos durante una emergencia dental, \u00a1Lima dental cumple todos los [&hellip;]<\/p>\n","protected":false},"author":1,"featured_media":1052,"parent":10,"menu_order":0,"comment_status":"closed","ping_status":"closed","template":"","meta":{"footnotes":""},"categories":[3],"tags":[],"class_list":["post-1048","page","type-page","status-publish","has-post-thumbnail","hentry","category-services"],"aioseo_notices":[],"_links":{"self":[{"href":"https:\/\/limadentalrgv.com\/es\/wp-json\/wp\/v2\/pages\/1048","targetHints":{"allow":["GET"]}}],"collection":[{"href":"https:\/\/limadentalrgv.com\/es\/wp-json\/wp\/v2\/pages"}],"about":[{"href":"https:\/\/limadentalrgv.com\/es\/wp-json\/wp\/v2\/types\/page"}],"author":[{"embeddable":true,"href":"https:\/\/limadentalrgv.com\/es\/wp-json\/wp\/v2\/users\/1"}],"replies":[{"embeddable":true,"href":"https:\/\/limadentalrgv.com\/es\/wp-json\/wp\/v2\/comments?post=1048"}],"version-history":[{"count":5,"href":"https:\/\/limadentalrgv.com\/es\/wp-json\/wp\/v2\/pages\/1048\/revisions"}],"predecessor-version":[{"id":1237,"href":"https:\/\/limadentalrgv.com\/es\/wp-json\/wp\/v2\/pages\/1048\/revisions\/1237"}],"up":[{"embeddable":true,"href":"https:\/\/limadentalrgv.com\/es\/wp-json\/wp\/v2\/pages\/10"}],"wp:featuredmedia":[{"embeddable":true,"href":"https:\/\/limadentalrgv.com\/es\/wp-json\/wp\/v2\/media\/1052"}],"wp:attachment":[{"href":"https:\/\/limadentalrgv.com\/es\/wp-json\/wp\/v2\/media?parent=1048"}],"wp:term":[{"taxonomy":"category","embeddable":true,"href":"https:\/\/limadentalrgv.com\/es\/wp-json\/wp\/v2\/categories?post=1048"},{"taxonomy":"post_tag","embeddable":true,"href":"https:\/\/limadentalrgv.com\/es\/wp-json\/wp\/v2\/tags?post=1048"}],"curies":[{"name":"wp","href":"https:\/\/api.w.org\/{rel}","templated":true}]}}