{"id":1044,"date":"2019-10-15T18:06:31","date_gmt":"2019-10-15T18:06:31","guid":{"rendered":"http:\/\/limadentalrgv.com\/?page_id=1044"},"modified":"2019-12-20T16:18:30","modified_gmt":"2019-12-20T16:18:30","slug":"tmj-jaw-problems","status":"publish","type":"page","link":"https:\/\/limadentalrgv.com\/es\/services\/english-tmj-jaw-problems\/","title":{"rendered":"TMJ (problemas de JAW)"},"content":{"rendered":"<div class=\"contenido separa\">\n<h1 style=\"text-align: center;\">TMJ (problemas de JAW)<\/h1>\n<p><strong>El mejor resultado de los tratamientos de ATM en McAllen y Palmview, TX<\/strong><\/p>\n<p>El tratamiento del dolor de la mand\u00edbula y los s\u00edntomas asociados requiere la cooperaci\u00f3n fluida de diferentes especialistas. Estos son proporcionados por Lima Dental bajo un mismo techo. Esto le ahorra un tiempo valioso y permite una terapia perfectamente coordinada.<\/p>\n<p>TMJ significa articulaci\u00f3n temporomandibular y a menudo se usa para referirse a problemas con el sistema de la articulaci\u00f3n de la mand\u00edbula, que es responsable de los movimientos de la mand\u00edbula, m\u00e1s espec\u00edficamente para masticar y hablar. Una parte importante de la poblaci\u00f3n sufre trastornos de la ATM, que se manifiesta de maneras muy diferentes.<\/p>\n<p>Los problemas de la mand\u00edbula pueden tener un impacto significativo en la vida de los afectados: dolor local, ronquidos, tensi\u00f3n cr\u00f3nica y muchas otras afecciones que afectan la calidad de vida. En Lima Dental, encontrar\u00e1 especialistas para la recuperaci\u00f3n integral, que van desde el diagn\u00f3stico hasta el tratamiento de la mand\u00edbula y la fisioterapia.<\/p>\n<p>Los rellenos o las dentaduras imprecisas pueden desencadenar problemas de ATM. Si se ajustan o intercambian, las quejas generalmente se resuelven r\u00e1pidamente. Otras causas (p. Ej., Artrosis de la articulaci\u00f3n temporomandibular) pueden requerir tratamiento adicional. Esto incluye, por ejemplo, el suministro de una f\u00e9rula para dentadura postiza. Dependiendo del problema, se pueden usar tipos de rieles para mejorar la alineaci\u00f3n de las filas de dientes superior e inferior.<\/p>\n<p>El dentista, el ortodoncista o el ortopedista pueden derivarlo para una sesi\u00f3n con un fisioterapeuta. En situaciones como esta, su tratamiento puede incluir ejercicios de relajaci\u00f3n, ejercicios de fortalecimiento muscular de la mand\u00edbula, movilizaci\u00f3n, terapia de fr\u00edo y calor, consejos individuales para hacer ejercicio en el hogar (por ejemplo, ejercicios faciales) y mucho m\u00e1s. Su fisioterapeuta elegido est\u00e1 calificado y ha recibido capacitaci\u00f3n adicional para proporcionar un tratamiento espec\u00edfico para la ATM.<\/p>\n<p>Nuestros tratamientos TMD profesionales pueden ayudarlo a aliviar su sufrimiento, por lo que nunca tendr\u00e1 que preocuparse por masticar su comida favorita, hablar o pasar el d\u00eda. Con nuestro equipo capaz, obtendr\u00e1 el mejor resultado de los tratamientos de ATM en McAllen y Palmview, TX. \u00a1Cont\u00e1ctenos ahora para programar una cita! <a href=\"\u201dtel:9566007412\u201d\">(956) 600 \u2013 7412<\/a>.<\/p>\n<\/div>","protected":false},"excerpt":{"rendered":"<p>TMJ (problemas de JAW) El mejor resultado de los tratamientos de ATM en McAllen y Palmview, TX El tratamiento del dolor de la mand\u00edbula y los s\u00edntomas asociados requiere la cooperaci\u00f3n fluida de diferentes especialistas. Estos son proporcionados por Lima Dental bajo un mismo techo. Esto le ahorra un tiempo valioso y permite una terapia [&hellip;]<\/p>\n","protected":false},"author":1,"featured_media":999,"parent":10,"menu_order":0,"comment_status":"closed","ping_status":"closed","template":"","meta":{"footnotes":""},"categories":[3],"tags":[],"class_list":["post-1044","page","type-page","status-publish","has-post-thumbnail","hentry","category-services"],"aioseo_notices":[],"_links":{"self":[{"href":"https:\/\/limadentalrgv.com\/es\/wp-json\/wp\/v2\/pages\/1044","targetHints":{"allow":["GET"]}}],"collection":[{"href":"https:\/\/limadentalrgv.com\/es\/wp-json\/wp\/v2\/pages"}],"about":[{"href":"https:\/\/limadentalrgv.com\/es\/wp-json\/wp\/v2\/types\/page"}],"author":[{"embeddable":true,"href":"https:\/\/limadentalrgv.com\/es\/wp-json\/wp\/v2\/users\/1"}],"replies":[{"embeddable":true,"href":"https:\/\/limadentalrgv.com\/es\/wp-json\/wp\/v2\/comments?post=1044"}],"version-history":[{"count":5,"href":"https:\/\/limadentalrgv.com\/es\/wp-json\/wp\/v2\/pages\/1044\/revisions"}],"predecessor-version":[{"id":1249,"href":"https:\/\/limadentalrgv.com\/es\/wp-json\/wp\/v2\/pages\/1044\/revisions\/1249"}],"up":[{"embeddable":true,"href":"https:\/\/limadentalrgv.com\/es\/wp-json\/wp\/v2\/pages\/10"}],"wp:featuredmedia":[{"embeddable":true,"href":"https:\/\/limadentalrgv.com\/es\/wp-json\/wp\/v2\/media\/999"}],"wp:attachment":[{"href":"https:\/\/limadentalrgv.com\/es\/wp-json\/wp\/v2\/media?parent=1044"}],"wp:term":[{"taxonomy":"category","embeddable":true,"href":"https:\/\/limadentalrgv.com\/es\/wp-json\/wp\/v2\/categories?post=1044"},{"taxonomy":"post_tag","embeddable":true,"href":"https:\/\/limadentalrgv.com\/es\/wp-json\/wp\/v2\/tags?post=1044"}],"curies":[{"name":"wp","href":"https:\/\/api.w.org\/{rel}","templated":true}]}}