{"id":10,"date":"2019-06-12T15:56:30","date_gmt":"2019-06-12T15:56:30","guid":{"rendered":"http:\/\/limadentalrgv.com\/?page_id=10"},"modified":"2019-11-05T09:48:17","modified_gmt":"2019-11-05T09:48:17","slug":"services","status":"publish","type":"page","link":"https:\/\/limadentalrgv.com\/es\/services\/","title":{"rendered":"Services"},"content":{"rendered":"<link href=\"https:\/\/fonts.googleapis.com\/css?family=Lato:700%2C400\" rel=\"stylesheet\" property=\"stylesheet\" type=\"text\/css\" media=\"all\">\n<div id=\"rev_slider_6_2_wrapper\" class=\"rev_slider_wrapper fullwidthbanner-container\" data-source=\"gallery\" style=\"margin:0px auto;background:transparent;padding:0px;margin-top:0px;margin-bottom:0px;\">\n<!-- START REVOLUTION SLIDER 5.4.8.1 auto mode -->\n\t<div id=\"rev_slider_6_2\" class=\"rev_slider fullwidthabanner\" style=\"display:none;\" data-version=\"5.4.8.1\">\n<ul>\t<!-- SLIDE  -->\n\t<li data-index=\"rs-6\" data-transition=\"fade\" data-slotamount=\"default\" data-hideafterloop=\"0\" data-hideslideonmobile=\"off\"  data-easein=\"default\" data-easeout=\"default\" data-masterspeed=\"300\"  data-rotate=\"0\"  data-saveperformance=\"off\"  data-title=\"Slide\" data-param1=\"\" data-param2=\"\" data-param3=\"\" data-param4=\"\" data-param5=\"\" data-param6=\"\" data-param7=\"\" data-param8=\"\" data-param9=\"\" data-param10=\"\" data-description=\"\">\n\t\t<!-- MAIN IMAGE -->\n\t\t<img loading=\"lazy\" decoding=\"async\" src=\"https:\/\/limadentalrgv.com\/wp-content\/uploads\/2019\/08\/about.jpg\"  alt=\"\" title=\"about\"  width=\"2000\" height=\"396\" data-bgposition=\"center center\" data-bgfit=\"cover\" data-bgrepeat=\"no-repeat\" data-bgparallax=\"4\" class=\"rev-slidebg\" data-no-retina>\n\t\t<!-- LAYERS -->\n\n\t\t<!-- LAYER NR. 1 -->\n\t\t<h1 class=\"tp-caption   tp-resizeme\" \n\t\t\t id=\"slide-6-layer-1\" \n\t\t\t data-x=\"center\" data-hoffset=\"\" \n\t\t\t data-y=\"center\" data-voffset=\"\" \n\t\t\t\t\t\tdata-width=\"['auto','350']\"\n\t\t\tdata-height=\"['auto','auto']\"\n \n\t\t\tdata-type=\"text\" \n\t\t\tdata-responsive_offset=\"on\" \n\n\t\t\tdata-frames='[{\"delay\":0,\"speed\":300,\"frame\":\"0\",\"from\":\"x:right;skX:-85px;\",\"to\":\"o:1;\",\"ease\":\"Power3.easeInOut\"},{\"delay\":\"wait\",\"speed\":300,\"frame\":\"999\",\"ease\":\"Power3.easeInOut\"}]'\n\t\t\tdata-textAlign=\"['center','center','center','center']\"\n\t\t\tdata-paddingtop=\"[0,0,0,0]\"\n\t\t\tdata-paddingright=\"[0,0,0,0]\"\n\t\t\tdata-paddingbottom=\"[0,0,0,0]\"\n\t\t\tdata-paddingleft=\"[0,0,0,0]\"\n\n\t\t\tstyle=\"z-index: 5; white-space: nowrap; font-size: 75px; line-height: 60px; font-weight: 700; color: #000000; letter-spacing: 0px;font-family:Lato;\">Servicios <\/h1>\n\n\t\t<!-- LAYER NR. 2 -->\n\t\t<h1 class=\"tp-caption   tp-resizeme\" \n\t\t\t id=\"slide-6-layer-5\" \n\t\t\t data-x=\"center\" data-hoffset=\"3\" \n\t\t\t data-y=\"center\" data-voffset=\"-47\" \n\t\t\t\t\t\tdata-width=\"['auto','350']\"\n\t\t\tdata-height=\"['auto','auto']\"\n \n\t\t\tdata-type=\"text\" \n\t\t\tdata-responsive_offset=\"on\" \n\n\t\t\tdata-frames='[{\"delay\":0,\"speed\":300,\"frame\":\"0\",\"from\":\"x:left;skX:45px;\",\"to\":\"o:1;\",\"ease\":\"Power3.easeInOut\"},{\"delay\":\"wait\",\"speed\":300,\"frame\":\"999\",\"ease\":\"Power3.easeInOut\"}]'\n\t\t\tdata-textAlign=\"['center','center','center','center']\"\n\t\t\tdata-paddingtop=\"[0,0,0,0]\"\n\t\t\tdata-paddingright=\"[0,0,0,0]\"\n\t\t\tdata-paddingbottom=\"[0,0,0,0]\"\n\t\t\tdata-paddingleft=\"[0,0,0,0]\"\n\n\t\t\tstyle=\"z-index: 6; white-space: nowrap; font-size: 24px; line-height: 32px; font-weight: 400; color: #000000; letter-spacing: 0px;font-family:Lato;\">  <\/h1>\n\t<\/li>\n<\/ul>\n<div class=\"tp-bannertimer tp-bottom\" style=\"visibility: hidden !important;\"><\/div>\t<\/div>\n<script>var htmlDiv = document.getElementById(\"rs-plugin-settings-inline-css\"); var htmlDivCss=\"\";\n\t\t\t\tif(htmlDiv) {\n\t\t\t\t\thtmlDiv.innerHTML = htmlDiv.innerHTML + htmlDivCss;\n\t\t\t\t}else{\n\t\t\t\t\tvar htmlDiv = document.createElement(\"div\");\n\t\t\t\t\thtmlDiv.innerHTML = \"<style>\" + htmlDivCss + \"<\/style>\";\n\t\t\t\t\tdocument.getElementsByTagName(\"head\")[0].appendChild(htmlDiv.childNodes[0]);\n\t\t\t\t}\n\t\t\t<\/script>\n\t\t<script type=\"text\/javascript\">\nif (setREVStartSize!==undefined) setREVStartSize(\n\t{c: '#rev_slider_6_2', gridwidth: [2000], gridheight: [369], sliderLayout: 'auto'});\n\t\t\t\nvar revapi6,\n\ttpj;\t\n(function() {\t\t\t\n\tif (!\/loaded|interactive|complete\/.test(document.readyState)) document.addEventListener(\"DOMContentLoaded\",onLoad); else onLoad();\t\n\tfunction onLoad() {\t\t\t\t\n\t\tif (tpj===undefined) { tpj = jQuery; if(\"off\" == \"on\") tpj.noConflict();}\n\tif(tpj(\"#rev_slider_6_2\").revolution == undefined){\n\t\trevslider_showDoubleJqueryError(\"#rev_slider_6_2\");\n\t}else{\n\t\trevapi6 = tpj(\"#rev_slider_6_2\").show().revolution({\n\t\t\tsliderType:\"hero\",\n\t\t\tjsFileLocation:\"\/\/limadentalrgv.com\/wp-content\/plugins\/revslider\/public\/assets\/js\/\",\n\t\t\tsliderLayout:\"auto\",\n\t\t\tdottedOverlay:\"none\",\n\t\t\tdelay:9000,\n\t\t\tvisibilityLevels:[1240,1024,778,480],\n\t\t\tgridwidth:2000,\n\t\t\tgridheight:369,\n\t\t\tlazyType:\"none\",\n\t\t\tparallax: {\n\t\t\t\ttype:\"mouse\",\n\t\t\t\torigo:\"enterpoint\",\n\t\t\t\tspeed:400,\n\t\t\t\tspeedbg:0,\n\t\t\t\tspeedls:0,\n\t\t\t\tlevels:[5,10,15,20,25,30,35,40,45,46,47,48,49,50,51,55],\n\t\t\t},\n\t\t\tshadow:0,\n\t\t\tspinner:\"spinner0\",\n\t\t\tautoHeight:\"off\",\n\t\t\tdisableProgressBar:\"on\",\n\t\t\thideThumbsOnMobile:\"off\",\n\t\t\thideSliderAtLimit:0,\n\t\t\thideCaptionAtLimit:0,\n\t\t\thideAllCaptionAtLilmit:0,\n\t\t\tdebugMode:false,\n\t\t\tfallbacks: {\n\t\t\t\tsimplifyAll:\"off\",\n\t\t\t\tdisableFocusListener:false,\n\t\t\t}\n\t\t});\n\t}; \/* END OF revapi call *\/\n\t\n }; \/* END OF ON LOAD FUNCTION *\/\n}()); \/* END OF WRAPPING FUNCTION *\/\n<\/script>\n\t\t<\/div><!-- END REVOLUTION SLIDER -->\n<div class=\"contenido separa\">\n<div class=\"specialities-loop clearfix\">\n\n\t\n\t\n\t<div class=\"specialities-post\">\n\t\t\t\t\t\t<div class=\"specialities-thumbnail\"><img decoding=\"async\" src=\"https:\/\/limadentalrgv.com\/wp-content\/uploads\/2019\/10\/Dental-Emergency-1.jpg\" \/><\/div>\n\n\t\t\n\t\t<div class=\"specialities-inner\">\n\t\t\t<div class=\"specialities-title\">\n\t\t\t\t<a href=\"https:\/\/limadentalrgv.com\/es\/services\/english-limited-exam\/\">Examen limitado<\/a>\n\t\t\t<\/div>\n\n\t\t\t<div class=\"specialities-excerpt\">\t\t\t\t\n\t\t\t\tExamen limitado (ex\u00e1menes de emergencia) Vuelva a sentirse c\u00f3modo y feliz...\t\t\t<\/div>\n\t\t<\/div>\n\t\t<div class=\"read-more\"><a href=\"https:\/\/limadentalrgv.com\/es\/services\/english-limited-exam\/\" id=\"\">Leer m\u00e1s<\/a>\n\t\t<\/div>\n\t<\/div>\n\n\t\n\t<div class=\"specialities-post\">\n\t\t\t\t\t\t<div class=\"specialities-thumbnail\"><img decoding=\"async\" src=\"https:\/\/limadentalrgv.com\/wp-content\/uploads\/2019\/10\/Consultation-and-Re-Evaluations-e1570645239218.jpg\" \/><\/div>\n\n\t\t\n\t\t<div class=\"specialities-inner\">\n\t\t\t<div class=\"specialities-title\">\n\t\t\t\t<a href=\"https:\/\/limadentalrgv.com\/es\/services\/english-consultations-and-re-evaluations\/\">Consultas<\/a>\n\t\t\t<\/div>\n\n\t\t\t<div class=\"specialities-excerpt\">\t\t\t\t\n\t\t\t\tConsultas y Re-valuaciones Consultas dentales y reevaluaciones en McAllen y Palmview:...\t\t\t<\/div>\n\t\t<\/div>\n\t\t<div class=\"read-more\"><a href=\"https:\/\/limadentalrgv.com\/es\/services\/english-consultations-and-re-evaluations\/\" id=\"\">Leer m\u00e1s<\/a>\n\t\t<\/div>\n\t<\/div>\n\n\t\n\t<div class=\"specialities-post\">\n\t\t\t\t\t\t<div class=\"specialities-thumbnail\"><img decoding=\"async\" src=\"https:\/\/limadentalrgv.com\/wp-content\/uploads\/2019\/10\/regular-cleanings-e1570645224576.jpg\" \/><\/div>\n\n\t\t\n\t\t<div class=\"specialities-inner\">\n\t\t\t<div class=\"specialities-title\">\n\t\t\t\t<a href=\"https:\/\/limadentalrgv.com\/es\/services\/english-regular-cleanings\/\">Limpiezas Regulares<\/a>\n\t\t\t<\/div>\n\n\t\t\t<div class=\"specialities-excerpt\">\t\t\t\t\n\t\t\t\tLimpiezas Regulares Limpiezas regulares (profilaxis), FMD (desbridamiento total de la boca)...\t\t\t<\/div>\n\t\t<\/div>\n\t\t<div class=\"read-more\"><a href=\"https:\/\/limadentalrgv.com\/es\/services\/english-regular-cleanings\/\" id=\"\">Leer m\u00e1s<\/a>\n\t\t<\/div>\n\t<\/div>\n\n\t\n\t<div class=\"specialities-post\">\n\t\t\t\t\t\t<div class=\"specialities-thumbnail\"><img decoding=\"async\" src=\"https:\/\/limadentalrgv.com\/wp-content\/uploads\/2019\/10\/Composite-Restorations-e1570645209842.jpg\" \/><\/div>\n\n\t\t\n\t\t<div class=\"specialities-inner\">\n\t\t\t<div class=\"specialities-title\">\n\t\t\t\t<a href=\"https:\/\/limadentalrgv.com\/es\/services\/english-composite-restorations\/\">Restauraciones Compuestas<\/a>\n\t\t\t<\/div>\n\n\t\t\t<div class=\"specialities-excerpt\">\t\t\t\t\n\t\t\t\tRestauraciones Compuestas La emoci\u00f3n y la alegr\u00eda cuando puedes sonre\u00edr con...\t\t\t<\/div>\n\t\t<\/div>\n\t\t<div class=\"read-more\"><a href=\"https:\/\/limadentalrgv.com\/es\/services\/english-composite-restorations\/\" id=\"\">Leer m\u00e1s<\/a>\n\t\t<\/div>\n\t<\/div>\n\n\t\n\t<div class=\"specialities-post\">\n\t\t\t\t\t\t<div class=\"specialities-thumbnail\"><img decoding=\"async\" src=\"https:\/\/limadentalrgv.com\/wp-content\/uploads\/2019\/10\/TMJ-e1570645156806.jpg\" \/><\/div>\n\n\t\t\n\t\t<div class=\"specialities-inner\">\n\t\t\t<div class=\"specialities-title\">\n\t\t\t\t<a href=\"https:\/\/limadentalrgv.com\/es\/services\/english-tmj-jaw-problems\/\">TMJ (problemas de JAW)<\/a>\n\t\t\t<\/div>\n\n\t\t\t<div class=\"specialities-excerpt\">\t\t\t\t\n\t\t\t\tTMJ (problemas de JAW) El mejor resultado de los tratamientos de...\t\t\t<\/div>\n\t\t<\/div>\n\t\t<div class=\"read-more\"><a href=\"https:\/\/limadentalrgv.com\/es\/services\/english-tmj-jaw-problems\/\" id=\"\">Leer m\u00e1s<\/a>\n\t\t<\/div>\n\t<\/div>\n\n\t\n\t<div class=\"specialities-post\">\n\t\t\t\t\t\t<div class=\"specialities-thumbnail\"><img decoding=\"async\" src=\"https:\/\/limadentalrgv.com\/wp-content\/uploads\/2019\/08\/Bridges.png\" \/><\/div>\n\n\t\t\n\t\t<div class=\"specialities-inner\">\n\t\t\t<div class=\"specialities-title\">\n\t\t\t\t<a href=\"https:\/\/limadentalrgv.com\/es\/services\/bridges\/\">Puentes<\/a>\n\t\t\t<\/div>\n\n\t\t\t<div class=\"specialities-excerpt\">\t\t\t\t\n\t\t\t\tLlenar un espacio entre los dientes con puentes dentales significa dientes...\t\t\t<\/div>\n\t\t<\/div>\n\t\t<div class=\"read-more\"><a href=\"https:\/\/limadentalrgv.com\/es\/services\/bridges\/\" id=\"\">Leer m\u00e1s<\/a>\n\t\t<\/div>\n\t<\/div>\n\n\t\n\t<div class=\"specialities-post\">\n\t\t\t\t\t\t<div class=\"specialities-thumbnail\"><img decoding=\"async\" src=\"https:\/\/limadentalrgv.com\/wp-content\/uploads\/2019\/08\/Crowns-Caps.png\" \/><\/div>\n\n\t\t\n\t\t<div class=\"specialities-inner\">\n\t\t\t<div class=\"specialities-title\">\n\t\t\t\t<a href=\"https:\/\/limadentalrgv.com\/es\/services\/crowns-caps\/\">Coronas y Gorras<\/a>\n\t\t\t<\/div>\n\n\t\t\t<div class=\"specialities-excerpt\">\t\t\t\t\n\t\t\t\tCon coronas, podemos darle a sus dientes gravemente da\u00f1ados una nueva...\t\t\t<\/div>\n\t\t<\/div>\n\t\t<div class=\"read-more\"><a href=\"https:\/\/limadentalrgv.com\/es\/services\/crowns-caps\/\" id=\"\">Leer m\u00e1s<\/a>\n\t\t<\/div>\n\t<\/div>\n\n\t\n\t<div class=\"specialities-post\">\n\t\t\t\t\t\t<div class=\"specialities-thumbnail\"><img decoding=\"async\" src=\"https:\/\/limadentalrgv.com\/wp-content\/uploads\/2019\/06\/Dental-Fillings.jpg\" \/><\/div>\n\n\t\t\n\t\t<div class=\"specialities-inner\">\n\t\t\t<div class=\"specialities-title\">\n\t\t\t\t<a href=\"https:\/\/limadentalrgv.com\/es\/services\/dental-fillings\/\">Empastes Dentales<\/a>\n\t\t\t<\/div>\n\n\t\t\t<div class=\"specialities-excerpt\">\t\t\t\t\n\t\t\t\tEl empaste dental puede prevenir un dolor de muelas insoportable y...\t\t\t<\/div>\n\t\t<\/div>\n\t\t<div class=\"read-more\"><a href=\"https:\/\/limadentalrgv.com\/es\/services\/dental-fillings\/\" id=\"\">Leer m\u00e1s<\/a>\n\t\t<\/div>\n\t<\/div>\n\n\t\n\t<div class=\"specialities-post\">\n\t\t\t\t\t\t<div class=\"specialities-thumbnail\"><img decoding=\"async\" src=\"https:\/\/limadentalrgv.com\/wp-content\/uploads\/2019\/08\/Dentures.png\" \/><\/div>\n\n\t\t\n\t\t<div class=\"specialities-inner\">\n\t\t\t<div class=\"specialities-title\">\n\t\t\t\t<a href=\"https:\/\/limadentalrgv.com\/es\/services\/dentures\/\">Dentadura Postiza<\/a>\n\t\t\t<\/div>\n\n\t\t\t<div class=\"specialities-excerpt\">\t\t\t\t\n\t\t\t\t\u00bfFalta uno o m\u00e1s dientes? Restaure su orgullo y sonrisa radiante...\t\t\t<\/div>\n\t\t<\/div>\n\t\t<div class=\"read-more\"><a href=\"https:\/\/limadentalrgv.com\/es\/services\/dentures\/\" id=\"\">Leer m\u00e1s<\/a>\n\t\t<\/div>\n\t<\/div>\n\n\t\n\t<div class=\"specialities-post\">\n\t\t\t\t\t\t<div class=\"specialities-thumbnail\"><img decoding=\"async\" src=\"https:\/\/limadentalrgv.com\/wp-content\/uploads\/2019\/08\/Extractions.png\" \/><\/div>\n\n\t\t\n\t\t<div class=\"specialities-inner\">\n\t\t\t<div class=\"specialities-title\">\n\t\t\t\t<a href=\"https:\/\/limadentalrgv.com\/es\/services\/extractions\/\">Extracciones<\/a>\n\t\t\t<\/div>\n\n\t\t\t<div class=\"specialities-excerpt\">\t\t\t\t\n\t\t\t\tLa extracci\u00f3n de dientes es inevitable por varias razones. Hay momentos...\t\t\t<\/div>\n\t\t<\/div>\n\t\t<div class=\"read-more\"><a href=\"https:\/\/limadentalrgv.com\/es\/services\/extractions\/\" id=\"\">Leer m\u00e1s<\/a>\n\t\t<\/div>\n\t<\/div>\n\n\t\n\t<div class=\"specialities-post\">\n\t\t\t\t\t\t<div class=\"specialities-thumbnail\"><img decoding=\"async\" src=\"https:\/\/limadentalrgv.com\/wp-content\/uploads\/2019\/08\/Implant-dentistry.jpg\" \/><\/div>\n\n\t\t\n\t\t<div class=\"specialities-inner\">\n\t\t\t<div class=\"specialities-title\">\n\t\t\t\t<a href=\"https:\/\/limadentalrgv.com\/es\/services\/implant-dentistry\/\">Implantolog\u00eda<\/a>\n\t\t\t<\/div>\n\n\t\t\t<div class=\"specialities-excerpt\">\t\t\t\t\n\t\t\t\t\u00bfLe falta un diente? \u00bf\u00bfM\u00e1s de uno?? \u00a1Podemos ayudar!\t\t\t<\/div>\n\t\t<\/div>\n\t\t<div class=\"read-more\"><a href=\"https:\/\/limadentalrgv.com\/es\/services\/implant-dentistry\/\" id=\"\">Leer m\u00e1s<\/a>\n\t\t<\/div>\n\t<\/div>\n\n\t\n\t<div class=\"specialities-post\">\n\t\t\t\t\t\t<div class=\"specialities-thumbnail\"><img decoding=\"async\" src=\"https:\/\/limadentalrgv.com\/wp-content\/uploads\/2019\/08\/INITIAL-ORAL-EXAMINATION.jpg\" \/><\/div>\n\n\t\t\n\t\t<div class=\"specialities-inner\">\n\t\t\t<div class=\"specialities-title\">\n\t\t\t\t<a href=\"https:\/\/limadentalrgv.com\/es\/services\/initial-oral-examination\/\">Examen Oral Inicial<\/a>\n\t\t\t<\/div>\n\n\t\t\t<div class=\"specialities-excerpt\">\t\t\t\t\n\t\t\t\tEl examen oral inicial es un paso s\u00f3lido e igualmente vital...\t\t\t<\/div>\n\t\t<\/div>\n\t\t<div class=\"read-more\"><a href=\"https:\/\/limadentalrgv.com\/es\/services\/initial-oral-examination\/\" id=\"\">Leer m\u00e1s<\/a>\n\t\t<\/div>\n\t<\/div>\n\n\t\n\t<div class=\"specialities-post\">\n\t\t\t\t\t\t<div class=\"specialities-thumbnail\"><img decoding=\"async\" src=\"https:\/\/limadentalrgv.com\/wp-content\/uploads\/2019\/08\/Night-guards.png\" \/><\/div>\n\n\t\t\n\t\t<div class=\"specialities-inner\">\n\t\t\t<div class=\"specialities-title\">\n\t\t\t\t<a href=\"https:\/\/limadentalrgv.com\/es\/services\/night-guards\/\">Guardias Nocturnos<\/a>\n\t\t\t<\/div>\n\n\t\t\t<div class=\"specialities-excerpt\">\t\t\t\t\n\t\t\t\tPara los afortunados, dormir es un ritual nocturno tranquilo y sereno...\t\t\t<\/div>\n\t\t<\/div>\n\t\t<div class=\"read-more\"><a href=\"https:\/\/limadentalrgv.com\/es\/services\/night-guards\/\" id=\"\">Leer m\u00e1s<\/a>\n\t\t<\/div>\n\t<\/div>\n\n\t\n\t<div class=\"specialities-post\">\n\t\t\t\t\t\t<div class=\"specialities-thumbnail\"><img decoding=\"async\" src=\"https:\/\/limadentalrgv.com\/wp-content\/uploads\/2019\/08\/pediatric-dental-care.jpg\" \/><\/div>\n\n\t\t\n\t\t<div class=\"specialities-inner\">\n\t\t\t<div class=\"specialities-title\">\n\t\t\t\t<a href=\"https:\/\/limadentalrgv.com\/es\/services\/pediatric-dental-care\/\">Cuidado Dental Pedi\u00e1trico<\/a>\n\t\t\t<\/div>\n\n\t\t\t<div class=\"specialities-excerpt\">\t\t\t\t\n\t\t\t\tNuestro cuidado dental pedi\u00e1trico ha creado hermosas sonrisas para miles de...\t\t\t<\/div>\n\t\t<\/div>\n\t\t<div class=\"read-more\"><a href=\"https:\/\/limadentalrgv.com\/es\/services\/pediatric-dental-care\/\" id=\"\">Leer m\u00e1s<\/a>\n\t\t<\/div>\n\t<\/div>\n\n\t\n\t<div class=\"specialities-post\">\n\t\t\t\t\t\t<div class=\"specialities-thumbnail\"><img decoding=\"async\" src=\"https:\/\/limadentalrgv.com\/wp-content\/uploads\/2019\/08\/Periodontal-treatment.png\" \/><\/div>\n\n\t\t\n\t\t<div class=\"specialities-inner\">\n\t\t\t<div class=\"specialities-title\">\n\t\t\t\t<a href=\"https:\/\/limadentalrgv.com\/es\/services\/periodontal-treatment\/\">Tratamiento Periodontal<\/a>\n\t\t\t<\/div>\n\n\t\t\t<div class=\"specialities-excerpt\">\t\t\t\t\n\t\t\t\tLas enc\u00edas sanas son de suma importancia para la preservaci\u00f3n de...\t\t\t<\/div>\n\t\t<\/div>\n\t\t<div class=\"read-more\"><a href=\"https:\/\/limadentalrgv.com\/es\/services\/periodontal-treatment\/\" id=\"\">Leer m\u00e1s<\/a>\n\t\t<\/div>\n\t<\/div>\n\n\t\n\t<div class=\"specialities-post\">\n\t\t\t\t\t\t<div class=\"specialities-thumbnail\"><img decoding=\"async\" src=\"https:\/\/limadentalrgv.com\/wp-content\/uploads\/2019\/06\/the-prevention.jpg\" \/><\/div>\n\n\t\t\n\t\t<div class=\"specialities-inner\">\n\t\t\t<div class=\"specialities-title\">\n\t\t\t\t<a href=\"https:\/\/limadentalrgv.com\/es\/services\/preventive-program\/\">Programa Preventivo<\/a>\n\t\t\t<\/div>\n\n\t\t\t<div class=\"specialities-excerpt\">\t\t\t\t\n\t\t\t\tCon una boca sana puedes comer y beber sin problema. Adem\u00e1s,...\t\t\t<\/div>\n\t\t<\/div>\n\t\t<div class=\"read-more\"><a href=\"https:\/\/limadentalrgv.com\/es\/services\/preventive-program\/\" id=\"\">Leer m\u00e1s<\/a>\n\t\t<\/div>\n\t<\/div>\n\n\t\n\t<div class=\"specialities-post\">\n\t\t\t\t\t\t<div class=\"specialities-thumbnail\"><img decoding=\"async\" src=\"https:\/\/limadentalrgv.com\/wp-content\/uploads\/2019\/08\/Root-canals.png\" \/><\/div>\n\n\t\t\n\t\t<div class=\"specialities-inner\">\n\t\t\t<div class=\"specialities-title\">\n\t\t\t\t<a href=\"https:\/\/limadentalrgv.com\/es\/services\/root-canals\/\">Endodoncias<\/a>\n\t\t\t<\/div>\n\n\t\t\t<div class=\"specialities-excerpt\">\t\t\t\t\n\t\t\t\tUn fuerte dolor de muelas debido a una inflamaci\u00f3n profunda dificulta...\t\t\t<\/div>\n\t\t<\/div>\n\t\t<div class=\"read-more\"><a href=\"https:\/\/limadentalrgv.com\/es\/services\/root-canals\/\" id=\"\">Leer m\u00e1s<\/a>\n\t\t<\/div>\n\t<\/div>\n\n\t\n\t<div class=\"specialities-post\">\n\t\t\t\t\t\t<div class=\"specialities-thumbnail\"><img decoding=\"async\" src=\"https:\/\/limadentalrgv.com\/wp-content\/uploads\/2019\/08\/Teeth-whitening.png\" \/><\/div>\n\n\t\t\n\t\t<div class=\"specialities-inner\">\n\t\t\t<div class=\"specialities-title\">\n\t\t\t\t<a href=\"https:\/\/limadentalrgv.com\/es\/services\/teeth-whitening\/\">Blanqueamiento Dental<\/a>\n\t\t\t<\/div>\n\n\t\t\t<div class=\"specialities-excerpt\">\t\t\t\t\n\t\t\t\tBlanqueamiento de dientes efectivo en un instante\t\t\t<\/div>\n\t\t<\/div>\n\t\t<div class=\"read-more\"><a href=\"https:\/\/limadentalrgv.com\/es\/services\/teeth-whitening\/\" id=\"\">Leer m\u00e1s<\/a>\n\t\t<\/div>\n\t<\/div>\n\n\t\n\t\n<\/div>\n<style>\n\t\n\t\n\t\n\t\n\t.specialities-post {\t\t\n\t\twidth: 96.5%;\n    \tmargin: 0 5% 5% 0;\n\t\tposition: relative;\n\t\tborder: 1px solid #535353;\n\t\tdisplay: inline-grid;\n\t\tpadding: 0 0 2em 0;\n\t}\n\t@media (min-width: 600px) { .specialities-post { width: 44.5%; padding: 0;} }\n\t@media (min-width: 996px) { .specialities-post { width: 29.5%; } }\n\t\n\t.specialities-post:nth-child(3n - 3) {\n\t\tmargin: 0 0 0 0;\n\t}\n\t\n\t.specialities-inner {\n\t\tpadding: 20px;\n\t}\n\t\n\t.specialities-excerpt {\n\t\tline-height: 120%;\n\t\ttext-align: center;\n\t\tfont-size: 16px;\n\t}\n\t\n\t.specialities-title {\n\t\ttext-align: center;\n\t}\n\t\n\t.specialities-title a:link,\n\t.specialities-title a:visited {\n\t\tcolor: #181818;\n\t\ttext-transform: uppercase;\n\t\tfont-size: 18px;\n\t\tfont-weight: bold;\n\t}\n\t\n\t.specialities-thumbnail {\n\t\twidth: 100%;\n\t\tline-height: 100%;\n\t}\n\t\n\t.specialities-thumbnail img {\n\t\twidth: 100%;\n\t\theight: auto;\n\t}\n\t\n\t.specialities-post {\n\t\ttext-align: center;\n\t}\n\t\n\t.specialities-post .read-more {\n\t\tbottom: -14px;\n\t\tposition: relative;\n\t}\n\t\n\t.specialities-post .read-more a:link, .specialities-post .read-more a:visited {\t\t\n\t\tcolor: #ffffff;\n\t\ttext-transform: uppercase;\n\t\tfont-size: 12px;\n\t\tpadding: 10px 30px;\n\t\t-webkit-border-radius: 50px;\n\t\t-moz-border-radius: 50px;\n\t\tborder-radius: 50px;\n\t\tbackground-color: #00b1e1;\n\t}\n\t\n\t\n\t\n\t\n\n\t\n\t.specialities-post .read-more a:hover {\n\t\ttext-decoration: none;\n\t}\n<\/style>\n<\/div>","protected":false},"excerpt":{"rendered":"","protected":false},"author":1,"featured_media":0,"parent":0,"menu_order":0,"comment_status":"closed","ping_status":"closed","template":"","meta":{"footnotes":""},"categories":[],"tags":[],"class_list":["post-10","page","type-page","status-publish","hentry"],"aioseo_notices":[],"_links":{"self":[{"href":"https:\/\/limadentalrgv.com\/es\/wp-json\/wp\/v2\/pages\/10","targetHints":{"allow":["GET"]}}],"collection":[{"href":"https:\/\/limadentalrgv.com\/es\/wp-json\/wp\/v2\/pages"}],"about":[{"href":"https:\/\/limadentalrgv.com\/es\/wp-json\/wp\/v2\/types\/page"}],"author":[{"embeddable":true,"href":"https:\/\/limadentalrgv.com\/es\/wp-json\/wp\/v2\/users\/1"}],"replies":[{"embeddable":true,"href":"https:\/\/limadentalrgv.com\/es\/wp-json\/wp\/v2\/comments?post=10"}],"version-history":[{"count":15,"href":"https:\/\/limadentalrgv.com\/es\/wp-json\/wp\/v2\/pages\/10\/revisions"}],"predecessor-version":[{"id":1071,"href":"https:\/\/limadentalrgv.com\/es\/wp-json\/wp\/v2\/pages\/10\/revisions\/1071"}],"wp:attachment":[{"href":"https:\/\/limadentalrgv.com\/es\/wp-json\/wp\/v2\/media?parent=10"}],"wp:term":[{"taxonomy":"category","embeddable":true,"href":"https:\/\/limadentalrgv.com\/es\/wp-json\/wp\/v2\/categories?post=10"},{"taxonomy":"post_tag","embeddable":true,"href":"https:\/\/limadentalrgv.com\/es\/wp-json\/wp\/v2\/tags?post=10"}],"curies":[{"name":"wp","href":"https:\/\/api.w.org\/{rel}","templated":true}]}}